{"id":48630,"date":"2025-06-25T10:17:41","date_gmt":"2025-06-25T08:17:41","guid":{"rendered":"https:\/\/arketipo.com\/azienda\/"},"modified":"2025-07-29T00:01:59","modified_gmt":"2025-07-28T22:01:59","slug":"unternehmen","status":"publish","type":"page","link":"https:\/\/arketipo.com\/de\/unternehmen\/","title":{"rendered":"Unternehmen"},"content":{"rendered":"\t\t<div data-elementor-type=\"wp-page\" data-elementor-id=\"48630\" class=\"elementor elementor-48630 elementor-217\" data-elementor-post-type=\"page\">\n\t\t\t\t<div class=\"elementor-element elementor-element-9d64897 e-con-full e-flex e-con e-parent\" data-id=\"9d64897\" data-element_type=\"container\" data-settings=\"{&quot;background_background&quot;:&quot;video&quot;,&quot;background_video_link&quot;:&quot;https:\\\/\\\/arketipo.com\\\/wp-content\\\/uploads\\\/2025\\\/06\\\/video-corporate.mp4&quot;}\">\n\t\t<div class=\"elementor-background-video-container elementor-hidden-mobile\" aria-hidden=\"true\">\n\t\t\t\t\t\t\t<video class=\"elementor-background-video-hosted\" autoplay muted playsinline loop><\/video>\n\t\t\t\t\t<\/div>\t\t<\/div>\n\t\t<div class=\"elementor-element elementor-element-a4689ed e-flex e-con-boxed e-con e-parent\" data-id=\"a4689ed\" data-element_type=\"container\" data-settings=\"{&quot;background_background&quot;:&quot;classic&quot;}\">\n\t\t\t\t\t<div class=\"e-con-inner\">\n\t\t\t\t<div class=\"elementor-element elementor-element-ff64696 elementor-widget elementor-widget-heading\" data-id=\"ff64696\" data-element_type=\"widget\" data-widget_type=\"heading.default\">\n\t\t\t\t<div class=\"elementor-widget-container\">\n\t\t\t\t\t<h2 class=\"elementor-heading-title elementor-size-default\">LA NOSTRA STORIA \u00c8 IL NOSTRO FUTURO<\/h2>\t\t\t\t<\/div>\n\t\t\t\t<\/div>\n\t\t\t\t<div class=\"elementor-element elementor-element-c8df20a elementor-widget elementor-widget-text-editor\" data-id=\"c8df20a\" data-element_type=\"widget\" data-widget_type=\"text-editor.default\">\n\t\t\t\t<div class=\"elementor-widget-container\">\n\t\t\t\t\t\t\t\t\t<p>La nostra storia ci rende ci\u00f2 che siamo, la nostra eredit\u00e0 ci ispira.<br \/>Diamo forma a impulsi creativi sempre nuovi, senza smettere di attingere al passato, per costruire un lascito che rispecchi fedelmente la filosofia Arketipo. Sin dalle origini, abbiamo considerato la storia eternamente presente; e ancora oggi la memoria \u00e8 ci\u00f2 che ci spinge costantemente avanti.<\/p>\t\t\t\t\t\t\t\t<\/div>\n\t\t\t\t<\/div>\n\t\t\t\t<div class=\"elementor-element elementor-element-4e71ef6 elementor-align-center elementor-widget elementor-widget-button\" data-id=\"4e71ef6\" data-element_type=\"widget\" data-widget_type=\"button.default\">\n\t\t\t\t<div class=\"elementor-widget-container\">\n\t\t\t\t\t\t\t\t\t<div class=\"elementor-button-wrapper\">\n\t\t\t\t\t<a class=\"elementor-button elementor-button-link elementor-size-sm\" href=\"https:\/\/arketipo.com\/la-nostra-storia-e-il-nostro-futuro\/\">\n\t\t\t\t\t\t<span class=\"elementor-button-content-wrapper\">\n\t\t\t\t\t\t\t\t\t<span class=\"elementor-button-text\">Scopri di pi\u00f9<\/span>\n\t\t\t\t\t<\/span>\n\t\t\t\t\t<\/a>\n\t\t\t\t<\/div>\n\t\t\t\t\t\t\t\t<\/div>\n\t\t\t\t<\/div>\n\t\t\t\t\t<\/div>\n\t\t\t\t<\/div>\n\t\t<div class=\"elementor-element elementor-element-6ee7b7c e-con-full e-flex e-con e-parent\" data-id=\"6ee7b7c\" data-element_type=\"container\" data-settings=\"{&quot;background_background&quot;:&quot;classic&quot;}\">\n\t\t\t\t<div class=\"elementor-element elementor-element-503b79b elementor-pagination-position-outside elementor-widget elementor-widget-image-carousel\" data-id=\"503b79b\" data-element_type=\"widget\" data-settings=\"{&quot;slides_to_show&quot;:&quot;3&quot;,&quot;navigation&quot;:&quot;dots&quot;,&quot;image_spacing_custom&quot;:{&quot;unit&quot;:&quot;px&quot;,&quot;size&quot;:10,&quot;sizes&quot;:[]},&quot;autoplay&quot;:&quot;yes&quot;,&quot;pause_on_hover&quot;:&quot;yes&quot;,&quot;pause_on_interaction&quot;:&quot;yes&quot;,&quot;autoplay_speed&quot;:5000,&quot;infinite&quot;:&quot;yes&quot;,&quot;speed&quot;:500,&quot;image_spacing_custom_tablet&quot;:{&quot;unit&quot;:&quot;px&quot;,&quot;size&quot;:&quot;&quot;,&quot;sizes&quot;:[]},&quot;image_spacing_custom_mobile&quot;:{&quot;unit&quot;:&quot;px&quot;,&quot;size&quot;:&quot;&quot;,&quot;sizes&quot;:[]}}\" data-widget_type=\"image-carousel.default\">\n\t\t\t\t<div class=\"elementor-widget-container\">\n\t\t\t\t\t\t\t<div class=\"elementor-image-carousel-wrapper swiper\" role=\"region\" aria-roledescription=\"carousel\" aria-label=\"Carosello d&#039;immagini\" dir=\"ltr\">\n\t\t\t<div class=\"elementor-image-carousel swiper-wrapper swiper-image-stretch\" aria-live=\"off\">\n\t\t\t\t\t\t\t\t<div class=\"swiper-slide\" role=\"group\" aria-roledescription=\"slide\" aria-label=\"1 von 5\"><figure class=\"swiper-slide-inner\"><img decoding=\"async\" class=\"swiper-slide-image\" src=\"https:\/\/arketipo.com\/wp-content\/uploads\/2025\/06\/tagliaunica.png\" alt=\"tagliaunica\" \/><\/figure><\/div><div class=\"swiper-slide\" role=\"group\" aria-roledescription=\"slide\" aria-label=\"2 von 5\"><figure class=\"swiper-slide-inner\"><img decoding=\"async\" class=\"swiper-slide-image\" src=\"https:\/\/arketipo.com\/wp-content\/uploads\/2025\/06\/Bringing2.png\" alt=\"Bringing2\" \/><\/figure><\/div><div class=\"swiper-slide\" role=\"group\" aria-roledescription=\"slide\" aria-label=\"3 von 5\"><figure class=\"swiper-slide-inner\"><img decoding=\"async\" class=\"swiper-slide-image\" src=\"https:\/\/arketipo.com\/wp-content\/uploads\/2025\/06\/Firenze.png\" alt=\"Firenze\" \/><\/figure><\/div><div class=\"swiper-slide\" role=\"group\" aria-roledescription=\"slide\" aria-label=\"4 von 5\"><figure class=\"swiper-slide-inner\"><img decoding=\"async\" class=\"swiper-slide-image\" src=\"https:\/\/arketipo.com\/wp-content\/uploads\/2025\/06\/giglio.png\" alt=\"giglio\" \/><\/figure><\/div><div class=\"swiper-slide\" role=\"group\" aria-roledescription=\"slide\" aria-label=\"5 von 5\"><figure class=\"swiper-slide-inner\"><img decoding=\"async\" class=\"swiper-slide-image\" src=\"https:\/\/arketipo.com\/wp-content\/uploads\/2025\/06\/Bringing4bnn.png\" alt=\"Bringing4bnn\" \/><\/figure><\/div>\t\t\t<\/div>\n\t\t\t\t\t\t\t\n\t\t\t\t\t\t\t\t\t<div class=\"swiper-pagination\"><\/div>\n\t\t\t\t\t\t\t\t\t<\/div>\n\t\t\t\t\t\t<\/div>\n\t\t\t\t<\/div>\n\t\t\t\t<\/div>\n\t\t<div class=\"elementor-element elementor-element-baf9bf6 e-flex e-con-boxed e-con e-parent\" data-id=\"baf9bf6\" data-element_type=\"container\" data-settings=\"{&quot;background_background&quot;:&quot;classic&quot;}\">\n\t\t\t\t\t<div class=\"e-con-inner\">\n\t\t\t\t<div class=\"elementor-element elementor-element-66cbeed elementor-widget elementor-widget-heading\" data-id=\"66cbeed\" data-element_type=\"widget\" data-widget_type=\"heading.default\">\n\t\t\t\t<div class=\"elementor-widget-container\">\n\t\t\t\t\t<h2 class=\"elementor-heading-title elementor-size-default\">I PERFEZIONISTI<\/h2>\t\t\t\t<\/div>\n\t\t\t\t<\/div>\n\t\t\t\t<div class=\"elementor-element elementor-element-15d0e19 elementor-widget elementor-widget-text-editor\" data-id=\"15d0e19\" data-element_type=\"widget\" data-widget_type=\"text-editor.default\">\n\t\t\t\t<div class=\"elementor-widget-container\">\n\t\t\t\t\t\t\t\t\t<p>Non abbiamo costruito Arketipo, abbiamo costruito persone.<br \/>Le nostre persone hanno poi costruito Arketipo. Con le loro conoscenze, la loro esperienza e la loro ambizione di inseguire la perfezione, volevamo mostrarvi cosa le fa muovere. Le nostre interviste sono uno spaccato della mente di una persona compulsiva per la perfezione.<\/p>\t\t\t\t\t\t\t\t<\/div>\n\t\t\t\t<\/div>\n\t\t\t\t<div class=\"elementor-element elementor-element-b825479 elementor-align-center elementor-widget elementor-widget-button\" data-id=\"b825479\" data-element_type=\"widget\" data-widget_type=\"button.default\">\n\t\t\t\t<div class=\"elementor-widget-container\">\n\t\t\t\t\t\t\t\t\t<div class=\"elementor-button-wrapper\">\n\t\t\t\t\t<a class=\"elementor-button elementor-button-link elementor-size-sm\" href=\"#\">\n\t\t\t\t\t\t<span class=\"elementor-button-content-wrapper\">\n\t\t\t\t\t\t\t\t\t<span class=\"elementor-button-text\">Scopri di pi\u00f9<\/span>\n\t\t\t\t\t<\/span>\n\t\t\t\t\t<\/a>\n\t\t\t\t<\/div>\n\t\t\t\t\t\t\t\t<\/div>\n\t\t\t\t<\/div>\n\t\t\t\t\t<\/div>\n\t\t\t\t<\/div>\n\t\t<div class=\"elementor-element elementor-element-29e7030 e-flex e-con-boxed e-con e-parent\" data-id=\"29e7030\" data-element_type=\"container\" data-settings=\"{&quot;background_background&quot;:&quot;classic&quot;}\">\n\t\t\t\t\t<div class=\"e-con-inner\">\n\t\t\t\t<div class=\"elementor-element elementor-element-2096981 elementor-widget elementor-widget-image\" data-id=\"2096981\" data-element_type=\"widget\" data-widget_type=\"image.default\">\n\t\t\t\t<div class=\"elementor-widget-container\">\n\t\t\t\t\t\t\t\t\t\t\t\t\t\t\t<img fetchpriority=\"high\" decoding=\"async\" width=\"800\" height=\"445\" src=\"https:\/\/arketipo.com\/wp-content\/uploads\/2025\/06\/Tavola-da-disegno-1-1024x569-1.png\" class=\"attachment-large size-large wp-image-48636\" alt=\"\" srcset=\"https:\/\/arketipo.com\/wp-content\/uploads\/2025\/06\/Tavola-da-disegno-1-1024x569-1.png 1024w, https:\/\/arketipo.com\/wp-content\/uploads\/2025\/06\/Tavola-da-disegno-1-1024x569-1-600x333.png 600w, https:\/\/arketipo.com\/wp-content\/uploads\/2025\/06\/Tavola-da-disegno-1-1024x569-1-300x167.png 300w, https:\/\/arketipo.com\/wp-content\/uploads\/2025\/06\/Tavola-da-disegno-1-1024x569-1-768x427.png 768w\" sizes=\"(max-width: 800px) 100vw, 800px\" \/>\t\t\t\t\t\t\t\t\t\t\t\t\t\t\t<\/div>\n\t\t\t\t<\/div>\n\t\t\t\t\t<\/div>\n\t\t\t\t<\/div>\n\t\t<div class=\"elementor-element elementor-element-b82cc7a e-flex e-con-boxed e-con e-parent\" data-id=\"b82cc7a\" data-element_type=\"container\" data-settings=\"{&quot;background_background&quot;:&quot;classic&quot;}\">\n\t\t\t\t\t<div class=\"e-con-inner\">\n\t\t\t\t<div class=\"elementor-element elementor-element-fd63a8b elementor-widget elementor-widget-heading\" data-id=\"fd63a8b\" data-element_type=\"widget\" data-widget_type=\"heading.default\">\n\t\t\t\t<div class=\"elementor-widget-container\">\n\t\t\t\t\t<h2 class=\"elementor-heading-title elementor-size-default\">I RITUALI<\/h2>\t\t\t\t<\/div>\n\t\t\t\t<\/div>\n\t\t\t\t<div class=\"elementor-element elementor-element-91db77a elementor-widget elementor-widget-text-editor\" data-id=\"91db77a\" data-element_type=\"widget\" data-widget_type=\"text-editor.default\">\n\t\t\t\t<div class=\"elementor-widget-container\">\n\t\t\t\t\t\t\t\t\t<p>Ci basiamo su una rete di idee che riunisce un insieme di conoscenze, abilit\u00e0 artigianali e competenze multiple, ma siamo in costante apprendimento. Sarebbe noioso se non imparassimo. Sarebbe angosciante pensare di aver imparato tutto quello che pu\u00f2 esserci nel mondo dell\u2019arredamento d\u2019interni.<br \/>Ci adattiamo, costruiamo e cresciamo costantemente. Il nostro lavoro artigianale \u00e8 fluido ma temperato da un vigore rituale. Pensiamo che, mostrandovi come lo facciamo, possiate capire meglio il modo di fare di Arketipo.<\/p>\t\t\t\t\t\t\t\t<\/div>\n\t\t\t\t<\/div>\n\t\t\t\t<div class=\"elementor-element elementor-element-abddc78 elementor-align-center elementor-widget elementor-widget-button\" data-id=\"abddc78\" data-element_type=\"widget\" data-widget_type=\"button.default\">\n\t\t\t\t<div class=\"elementor-widget-container\">\n\t\t\t\t\t\t\t\t\t<div class=\"elementor-button-wrapper\">\n\t\t\t\t\t<a class=\"elementor-button elementor-button-link elementor-size-sm\" href=\"#\">\n\t\t\t\t\t\t<span class=\"elementor-button-content-wrapper\">\n\t\t\t\t\t\t\t\t\t<span class=\"elementor-button-text\">Scopri di pi\u00f9<\/span>\n\t\t\t\t\t<\/span>\n\t\t\t\t\t<\/a>\n\t\t\t\t<\/div>\n\t\t\t\t\t\t\t\t<\/div>\n\t\t\t\t<\/div>\n\t\t\t\t\t<\/div>\n\t\t\t\t<\/div>\n\t\t<div class=\"elementor-element elementor-element-6ed882a e-flex e-con-boxed e-con e-parent\" data-id=\"6ed882a\" data-element_type=\"container\" data-settings=\"{&quot;background_background&quot;:&quot;classic&quot;}\">\n\t\t\t\t\t<div class=\"e-con-inner\">\n\t\t<div class=\"elementor-element elementor-element-59a7d93 e-con-full e-flex e-con e-child\" data-id=\"59a7d93\" data-element_type=\"container\">\n\t\t\t\t<div class=\"elementor-element elementor-element-34a9c01 elementor-widget elementor-widget-image\" data-id=\"34a9c01\" data-element_type=\"widget\" data-widget_type=\"image.default\">\n\t\t\t\t<div class=\"elementor-widget-container\">\n\t\t\t\t\t\t\t\t\t\t\t\t\t\t\t<img decoding=\"async\" width=\"615\" height=\"705\" src=\"https:\/\/arketipo.com\/wp-content\/uploads\/2025\/06\/Bringing2_arketipo.jpg\" class=\"attachment-large size-large wp-image-48637\" alt=\"\" srcset=\"https:\/\/arketipo.com\/wp-content\/uploads\/2025\/06\/Bringing2_arketipo.jpg 615w, https:\/\/arketipo.com\/wp-content\/uploads\/2025\/06\/Bringing2_arketipo-600x688.jpg 600w, https:\/\/arketipo.com\/wp-content\/uploads\/2025\/06\/Bringing2_arketipo-262x300.jpg 262w\" sizes=\"(max-width: 615px) 100vw, 615px\" \/>\t\t\t\t\t\t\t\t\t\t\t\t\t\t\t<\/div>\n\t\t\t\t<\/div>\n\t\t\t\t<\/div>\n\t\t<div class=\"elementor-element elementor-element-0e0ee47 e-con-full e-flex e-con e-child\" data-id=\"0e0ee47\" data-element_type=\"container\">\n\t\t\t\t<div class=\"elementor-element elementor-element-c442000 elementor-widget elementor-widget-image\" data-id=\"c442000\" data-element_type=\"widget\" data-widget_type=\"image.default\">\n\t\t\t\t<div class=\"elementor-widget-container\">\n\t\t\t\t\t\t\t\t\t\t\t\t\t\t\t<img decoding=\"async\" width=\"615\" height=\"705\" src=\"https:\/\/arketipo.com\/wp-content\/uploads\/2025\/06\/Bringing2-1.png\" class=\"attachment-large size-large wp-image-48638\" alt=\"\" srcset=\"https:\/\/arketipo.com\/wp-content\/uploads\/2025\/06\/Bringing2-1.png 615w, https:\/\/arketipo.com\/wp-content\/uploads\/2025\/06\/Bringing2-1-600x688.png 600w, https:\/\/arketipo.com\/wp-content\/uploads\/2025\/06\/Bringing2-1-262x300.png 262w\" sizes=\"(max-width: 615px) 100vw, 615px\" \/>\t\t\t\t\t\t\t\t\t\t\t\t\t\t\t<\/div>\n\t\t\t\t<\/div>\n\t\t\t\t<\/div>\n\t\t\t\t\t<\/div>\n\t\t\t\t<\/div>\n\t\t<div class=\"elementor-element elementor-element-c4fa117 e-flex e-con-boxed e-con e-parent\" data-id=\"c4fa117\" data-element_type=\"container\" data-settings=\"{&quot;background_background&quot;:&quot;classic&quot;}\">\n\t\t\t\t\t<div class=\"e-con-inner\">\n\t\t\t\t<div class=\"elementor-element elementor-element-0d3315e elementor-widget elementor-widget-heading\" data-id=\"0d3315e\" data-element_type=\"widget\" data-widget_type=\"heading.default\">\n\t\t\t\t<div class=\"elementor-widget-container\">\n\t\t\t\t\t<h2 class=\"elementor-heading-title elementor-size-default\">LA PERFEZIONE \u00c8 NOIOSA<\/h2>\t\t\t\t<\/div>\n\t\t\t\t<\/div>\n\t\t\t\t<div class=\"elementor-element elementor-element-40c9c3e elementor-widget elementor-widget-text-editor\" data-id=\"40c9c3e\" data-element_type=\"widget\" data-widget_type=\"text-editor.default\">\n\t\t\t\t<div class=\"elementor-widget-container\">\n\t\t\t\t\t\t\t\t\t<p>Abbiamo trascorso anni e innumerevoli ore a creare l\u2019azienda che \u00e8 Arketipo.<br \/>La perfezione \u00e8 noiosa. Dovremmo essere eccitati dall\u2019inseguimento, non dall\u2019obiettivo, solo cos\u00ec\u2026<\/p>\t\t\t\t\t\t\t\t<\/div>\n\t\t\t\t<\/div>\n\t\t\t\t<div class=\"elementor-element elementor-element-b508c3f elementor-align-center elementor-widget elementor-widget-button\" data-id=\"b508c3f\" data-element_type=\"widget\" data-widget_type=\"button.default\">\n\t\t\t\t<div class=\"elementor-widget-container\">\n\t\t\t\t\t\t\t\t\t<div class=\"elementor-button-wrapper\">\n\t\t\t\t\t<a class=\"elementor-button elementor-button-link elementor-size-sm\" href=\"#\">\n\t\t\t\t\t\t<span class=\"elementor-button-content-wrapper\">\n\t\t\t\t\t\t\t\t\t<span class=\"elementor-button-text\">Scopri di pi\u00f9<\/span>\n\t\t\t\t\t<\/span>\n\t\t\t\t\t<\/a>\n\t\t\t\t<\/div>\n\t\t\t\t\t\t\t\t<\/div>\n\t\t\t\t<\/div>\n\t\t\t\t\t<\/div>\n\t\t\t\t<\/div>\n\t\t<div class=\"elementor-element elementor-element-f9ea001 e-flex e-con-boxed e-con e-parent\" data-id=\"f9ea001\" data-element_type=\"container\" data-settings=\"{&quot;background_background&quot;:&quot;classic&quot;}\">\n\t\t\t\t\t<div class=\"e-con-inner\">\n\t\t\t\t<div class=\"elementor-element elementor-element-bb76fdc elementor-widget elementor-widget-image\" data-id=\"bb76fdc\" data-element_type=\"widget\" data-widget_type=\"image.default\">\n\t\t\t\t<div class=\"elementor-widget-container\">\n\t\t\t\t\t\t\t\t\t\t\t\t\t\t\t<img loading=\"lazy\" decoding=\"async\" width=\"800\" height=\"445\" src=\"https:\/\/arketipo.com\/wp-content\/uploads\/2025\/06\/Lorenzo2-1024x569.png\" class=\"attachment-large size-large wp-image-48639\" alt=\"\" srcset=\"https:\/\/arketipo.com\/wp-content\/uploads\/2025\/06\/Lorenzo2-1024x569.png 1024w, https:\/\/arketipo.com\/wp-content\/uploads\/2025\/06\/Lorenzo2-600x334.png 600w, https:\/\/arketipo.com\/wp-content\/uploads\/2025\/06\/Lorenzo2-300x167.png 300w, https:\/\/arketipo.com\/wp-content\/uploads\/2025\/06\/Lorenzo2-768x427.png 768w, https:\/\/arketipo.com\/wp-content\/uploads\/2025\/06\/Lorenzo2.png 1268w\" sizes=\"(max-width: 800px) 100vw, 800px\" \/>\t\t\t\t\t\t\t\t\t\t\t\t\t\t\t<\/div>\n\t\t\t\t<\/div>\n\t\t\t\t\t<\/div>\n\t\t\t\t<\/div>\n\t\t\t\t<\/div>\n\t\t","protected":false},"excerpt":{"rendered":"<p>LA NOSTRA STORIA \u00c8 IL NOSTRO FUTURO La nostra storia ci rende ci\u00f2 che siamo, la nostra eredit\u00e0 ci ispira.Diamo forma a impulsi creativi sempre nuovi, senza smettere di attingere al passato, per costruire un lascito che rispecchi fedelmente la filosofia Arketipo. Sin dalle origini, abbiamo considerato la storia eternamente presente; e ancora oggi la [&hellip;]<\/p>\n","protected":false},"author":1,"featured_media":0,"parent":0,"menu_order":0,"comment_status":"closed","ping_status":"closed","template":"elementor_header_footer","meta":{"footnotes":""},"class_list":["post-48630","page","type-page","status-publish","hentry"],"_links":{"self":[{"href":"https:\/\/arketipo.com\/de\/wp-json\/wp\/v2\/pages\/48630","targetHints":{"allow":["GET"]}}],"collection":[{"href":"https:\/\/arketipo.com\/de\/wp-json\/wp\/v2\/pages"}],"about":[{"href":"https:\/\/arketipo.com\/de\/wp-json\/wp\/v2\/types\/page"}],"author":[{"embeddable":true,"href":"https:\/\/arketipo.com\/de\/wp-json\/wp\/v2\/users\/1"}],"replies":[{"embeddable":true,"href":"https:\/\/arketipo.com\/de\/wp-json\/wp\/v2\/comments?post=48630"}],"version-history":[{"count":1,"href":"https:\/\/arketipo.com\/de\/wp-json\/wp\/v2\/pages\/48630\/revisions"}],"predecessor-version":[{"id":48640,"href":"https:\/\/arketipo.com\/de\/wp-json\/wp\/v2\/pages\/48630\/revisions\/48640"}],"wp:attachment":[{"href":"https:\/\/arketipo.com\/de\/wp-json\/wp\/v2\/media?parent=48630"}],"curies":[{"name":"wp","href":"https:\/\/api.w.org\/{rel}","templated":true}]}}