{"id":57018,"date":"2025-10-16T14:27:30","date_gmt":"2025-10-16T12:27:30","guid":{"rendered":"https:\/\/arketipo.com\/registrazione\/"},"modified":"2025-10-20T17:06:30","modified_gmt":"2025-10-20T15:06:30","slug":"registrazione","status":"publish","type":"page","link":"https:\/\/arketipo.com\/de\/registrazione\/","title":{"rendered":"Anmeldung"},"content":{"rendered":"\t\t<div data-elementor-type=\"wp-page\" data-elementor-id=\"57018\" class=\"elementor elementor-57018 elementor-56948\" data-elementor-post-type=\"page\">\n\t\t\t\t<div class=\"elementor-element elementor-element-62944fd e-flex e-con-boxed e-con e-parent\" data-id=\"62944fd\" data-element_type=\"container\">\n\t\t\t\t\t<div class=\"e-con-inner\">\n\t\t\t\t<div class=\"elementor-element elementor-element-0de8e66 elementor-widget elementor-widget-registrazione_element\" data-id=\"0de8e66\" data-element_type=\"widget\" data-widget_type=\"registrazione_element.default\">\n\t\t\t\t<div class=\"elementor-widget-container\">\n\t\t\t\t\t<div class=\"sezione-registrazione\"><h1 style=\"text-align: center\">BENUTZERREGISTRIERUNG<\/h1><form method=\"post\" id=\"registrazione\"><input type=\"hidden\" name=\"action\" value=\"registrazione_utente\"><input type=\"hidden\" id=\"url\" value=\"https:\/\/arketipo.com\/wp-admin\/admin-ajax.php\"><div class=\"box-input\" style=\"margin-bottom: 20px\"><label for=\"professione\">Beruf:*<\/label><select name=\"professione\" id=\"professione\" required>\n                                <option value=\"\">W\u00e4hlen Sie einen Beruf aus:<\/option>\n                                <option value=\"architetto\">Architekt<\/option>\n                                <option value=\"stampa\">Press<\/option>\n                                <option value=\"cliente\">Kunde<\/option>\n                            <\/select><\/div><div class=\"grid-registrazione\"><div class=\"box-input\"><label for=\"firstname\">Vorname:*<\/label><input type=\"text\" name=\"firstname\" required><\/div><div class=\"box-input\"><label for=\"surname\">Nachname:*<\/label><input type=\"text\" name=\"surname\" required><\/div><div class=\"box-input\"><label for=\"email\">Email:*<\/label><input type=\"email\" name=\"email\" id=\"email\" required><\/div><div class=\"box-input\"><label for=\"password\">Password:*<\/label><input type=\"password\" name=\"password\" id=\"passwd\" required><\/div><div class=\"box-input\"><label for=\"company\">Unternehmen:*<\/label><input type=\"text\" name=\"company\" required><\/div><div class=\"box-input\"><label for=\"vat_no\">USt-IdNr:<\/label><input type=\"text\" name=\"vat_no\"><\/div><div class=\"box-input\"><label for=\"zip\">PLZ:<\/label><input type=\"text\" name=\"zip\"><\/div><div class=\"box-input\"><label for=\"address\">Adresse:<\/label><input type=\"text\" name=\"address\"><\/div><div class=\"box-input\"><label for=\"city\">Stadt:<\/label><input type=\"text\" name=\"city\"><\/div><div class=\"box-input\"><label for=\"country\">Country:<\/label><input type=\"text\" name=\"country\"><\/div><\/div><div class=\"box-input-privacy\"><input type=\"checkbox\" name=\"privacy\" required> <span>Ich stimme der Verarbeitung meiner personenbezogenen Daten gem\u00e4\u00df dem Gesetzesdekret Nr. 196 vom 30. Juni 2003 (Neuer Datenschutzkodex) und der neuen EU-Verordnung GDPR 679\/2016 \u00fcber die Verarbeitung und den Schutz personenbezogener Daten zu. Die \u00fcbermittelten Daten werden nur f\u00fcr die Zeit verwendet, die f\u00fcr die angegebenen Zwecke unbedingt erforderlich ist. F\u00fcr alle Anliegen wenden Sie sich bitte an die <a href=\"https:\/\/arketipo.com\/de\/privacy-policy\/\">Privacy Policy<\/a><\/span><\/div><div class=\"box-input\" style=\"margin-top: 20px\"><input class=\"btn-registrati\" type=\"submit\" value=\"Registrieren\"><\/div><div class=\"box-risposte\" style=\"margin-top: 20px\"><p><\/p><\/div><\/div><\/form><\/div>\t\t\t\t<\/div>\n\t\t\t\t<\/div>\n\t\t\t\t\t<\/div>\n\t\t\t\t<\/div>\n\t\t\t\t<\/div>\n\t\t","protected":false},"excerpt":{"rendered":"<p>USER REGISTRATION Profession:Select a professionArchitectPressCustomerName:Email:Company:VAT:ZIP:Surname:Address:City:Nazione:<\/p>\n","protected":false},"author":1,"featured_media":0,"parent":0,"menu_order":0,"comment_status":"closed","ping_status":"closed","template":"elementor_header_footer","meta":{"footnotes":""},"class_list":["post-57018","page","type-page","status-publish","hentry"],"_links":{"self":[{"href":"https:\/\/arketipo.com\/de\/wp-json\/wp\/v2\/pages\/57018","targetHints":{"allow":["GET"]}}],"collection":[{"href":"https:\/\/arketipo.com\/de\/wp-json\/wp\/v2\/pages"}],"about":[{"href":"https:\/\/arketipo.com\/de\/wp-json\/wp\/v2\/types\/page"}],"author":[{"embeddable":true,"href":"https:\/\/arketipo.com\/de\/wp-json\/wp\/v2\/users\/1"}],"replies":[{"embeddable":true,"href":"https:\/\/arketipo.com\/de\/wp-json\/wp\/v2\/comments?post=57018"}],"version-history":[{"count":1,"href":"https:\/\/arketipo.com\/de\/wp-json\/wp\/v2\/pages\/57018\/revisions"}],"predecessor-version":[{"id":57022,"href":"https:\/\/arketipo.com\/de\/wp-json\/wp\/v2\/pages\/57018\/revisions\/57022"}],"wp:attachment":[{"href":"https:\/\/arketipo.com\/de\/wp-json\/wp\/v2\/media?parent=57018"}],"curies":[{"name":"wp","href":"https:\/\/api.w.org\/{rel}","templated":true}]}}