{"id":46608,"date":"2023-03-14T17:26:11","date_gmt":"2023-03-14T16:26:11","guid":{"rendered":"https:\/\/arketipo.com\/prodotto\/vanity-fair\/"},"modified":"2025-07-28T14:08:54","modified_gmt":"2025-07-28T12:08:54","slug":"vanity-fair","status":"publish","type":"product","link":"https:\/\/arketipo.com\/de\/prodotto\/vanity-fair\/","title":{"rendered":"Vanity Fair"},"content":{"rendered":"<p>Der Spiegel Vanity Fair, der von Gino Carollo aus verspiegeltem Glas oder Fum\u00e8 entworfen wurde, hat einen \u00dcberzug aus Samt, um einen Effekt von Luxus und diskreter Kostbarkeit im Kontrast zur Geradlinigkeit der rautenartigen Form zu erzielen.<\/p>\n<p>Er kann einen, zwei oder drei Fl\u00fcgel haben, bzw. sogar eine ganze Wand f\u00fcllen, indem das Modul auf der gesamten Oberfl\u00e4che aneinander gesetzt und wiederholt wird.<\/p>\n","protected":false},"excerpt":{"rendered":"<p>Der Spiegel Vanity Fair, der von Gino Carollo aus verspiegeltem Glas oder Fum\u00e8 entworfen wurde, hat einen \u00dcberzug aus Samt, um einen Effekt von Luxus und diskreter Kostbarkeit im Kontrast zur Geradlinigkeit der rautenartigen Form zu erzielen. Er kann einen, zwei oder drei Fl\u00fcgel haben, bzw. sogar eine ganze Wand f\u00fcllen, indem das Modul auf [&hellip;]<\/p>\n","protected":false},"featured_media":34399,"comment_status":"closed","ping_status":"closed","template":"","meta":[],"product_brand":[],"product_cat":[208,200],"product_tag":[],"class_list":{"0":"post-46608","1":"product","2":"type-product","3":"status-publish","4":"has-post-thumbnail","6":"product_cat-indoor-de","7":"product_cat-zubehor","9":"first","10":"instock","11":"product-type-simple"},"_links":{"self":[{"href":"https:\/\/arketipo.com\/de\/wp-json\/wp\/v2\/product\/46608","targetHints":{"allow":["GET"]}}],"collection":[{"href":"https:\/\/arketipo.com\/de\/wp-json\/wp\/v2\/product"}],"about":[{"href":"https:\/\/arketipo.com\/de\/wp-json\/wp\/v2\/types\/product"}],"replies":[{"embeddable":true,"href":"https:\/\/arketipo.com\/de\/wp-json\/wp\/v2\/comments?post=46608"}],"wp:featuredmedia":[{"embeddable":true,"href":"https:\/\/arketipo.com\/de\/wp-json\/wp\/v2\/media\/34399"}],"wp:attachment":[{"href":"https:\/\/arketipo.com\/de\/wp-json\/wp\/v2\/media?parent=46608"}],"wp:term":[{"taxonomy":"product_brand","embeddable":true,"href":"https:\/\/arketipo.com\/de\/wp-json\/wp\/v2\/product_brand?post=46608"},{"taxonomy":"product_cat","embeddable":true,"href":"https:\/\/arketipo.com\/de\/wp-json\/wp\/v2\/product_cat?post=46608"},{"taxonomy":"product_tag","embeddable":true,"href":"https:\/\/arketipo.com\/de\/wp-json\/wp\/v2\/product_tag?post=46608"}],"curies":[{"name":"wp","href":"https:\/\/api.w.org\/{rel}","templated":true}]}}