{"id":46609,"date":"2023-03-14T17:26:10","date_gmt":"2023-03-14T16:26:10","guid":{"rendered":"https:\/\/arketipo.com\/prodotto\/in-dependent\/"},"modified":"2025-07-28T14:08:55","modified_gmt":"2025-07-28T12:08:55","slug":"in-dependent","status":"publish","type":"product","link":"https:\/\/arketipo.com\/de\/prodotto\/in-dependent\/","title":{"rendered":"In-Dependent"},"content":{"rendered":"<p>Der IN-DEPENDENT Paravent f\u00fcgt sich in perfekter Symbiose in seine Umgebung ein. Er setzt sich aus mehreren Elementen zusammen, die einander \u00fcberlappen. Dadurch entsteht ein besonders expressiver dreidimensionaler Effekt. Die Kombination mit einem oder mehreren Paneelen sorgt f\u00fcr eine logische Raumteilung und schafft dank der Spiegelfl\u00e4che reizvolle perspektivische Illusionen. Jeder Blickwinkel h\u00e4lt eine \u00dcberraschung bereit &#8211; hier verschmelzen Form und Funktion in einer v\u00f6llig neuen Weise!<\/p>\n","protected":false},"excerpt":{"rendered":"<p>Der IN-DEPENDENT Paravent f\u00fcgt sich in perfekter Symbiose in seine Umgebung ein. Er setzt sich aus mehreren Elementen zusammen, die einander \u00fcberlappen. Dadurch entsteht ein besonders expressiver dreidimensionaler Effekt. Die Kombination mit einem oder mehreren Paneelen sorgt f\u00fcr eine logische Raumteilung und schafft dank der Spiegelfl\u00e4che reizvolle perspektivische Illusionen. Jeder Blickwinkel h\u00e4lt eine \u00dcberraschung bereit [&hellip;]<\/p>\n","protected":false},"featured_media":34322,"comment_status":"closed","ping_status":"closed","template":"","meta":[],"product_brand":[],"product_cat":[208,226,200],"product_tag":[],"class_list":{"0":"post-46609","1":"product","2":"type-product","3":"status-publish","4":"has-post-thumbnail","6":"product_cat-indoor-de","7":"product_cat-ohne-kategorie","8":"product_cat-zubehor","10":"first","11":"instock","12":"product-type-simple"},"_links":{"self":[{"href":"https:\/\/arketipo.com\/de\/wp-json\/wp\/v2\/product\/46609","targetHints":{"allow":["GET"]}}],"collection":[{"href":"https:\/\/arketipo.com\/de\/wp-json\/wp\/v2\/product"}],"about":[{"href":"https:\/\/arketipo.com\/de\/wp-json\/wp\/v2\/types\/product"}],"replies":[{"embeddable":true,"href":"https:\/\/arketipo.com\/de\/wp-json\/wp\/v2\/comments?post=46609"}],"wp:featuredmedia":[{"embeddable":true,"href":"https:\/\/arketipo.com\/de\/wp-json\/wp\/v2\/media\/34322"}],"wp:attachment":[{"href":"https:\/\/arketipo.com\/de\/wp-json\/wp\/v2\/media?parent=46609"}],"wp:term":[{"taxonomy":"product_brand","embeddable":true,"href":"https:\/\/arketipo.com\/de\/wp-json\/wp\/v2\/product_brand?post=46609"},{"taxonomy":"product_cat","embeddable":true,"href":"https:\/\/arketipo.com\/de\/wp-json\/wp\/v2\/product_cat?post=46609"},{"taxonomy":"product_tag","embeddable":true,"href":"https:\/\/arketipo.com\/de\/wp-json\/wp\/v2\/product_tag?post=46609"}],"curies":[{"name":"wp","href":"https:\/\/api.w.org\/{rel}","templated":true}]}}