{"id":46613,"date":"2023-03-14T17:25:56","date_gmt":"2023-03-14T16:25:56","guid":{"rendered":"https:\/\/arketipo.com\/prodotto\/bubble-bobble\/"},"modified":"2025-07-28T14:08:57","modified_gmt":"2025-07-28T12:08:57","slug":"bubble-bobble","status":"publish","type":"product","link":"https:\/\/arketipo.com\/de\/prodotto\/bubble-bobble\/","title":{"rendered":"Bubble-Bobble"},"content":{"rendered":"<p>Bubble Bobble ist ein origineller Blickfang. Licht, das einrichtet und kommuniziert, Licht, das den Raum reflektiert.<\/p>\n<p>Die als Steh- oder H\u00e4ngelampe erh\u00e4ltliche Bubble Bobble dialogiert mit zeitgen\u00f6ssischen Interieurs und spielt ironisch mit der Leichtigkeit von Seifenblasen. Ihre drei unterschiedlich gro\u00dfen Kugeln aus abget\u00f6ntem Glas werden durch eine Struktur aus d\u00fcnnen Metallstreifen gehalten.<\/p>\n<p>Emotionen aus einem Spiel mit Lichteffekten, das am gleichnamigen Videospiel inspiriert ist.<\/p>\n","protected":false},"excerpt":{"rendered":"<p>Bubble Bobble ist ein origineller Blickfang. Licht, das einrichtet und kommuniziert, Licht, das den Raum reflektiert. Die als Steh- oder H\u00e4ngelampe erh\u00e4ltliche Bubble Bobble dialogiert mit zeitgen\u00f6ssischen Interieurs und spielt ironisch mit der Leichtigkeit von Seifenblasen. Ihre drei unterschiedlich gro\u00dfen Kugeln aus abget\u00f6ntem Glas werden durch eine Struktur aus d\u00fcnnen Metallstreifen gehalten. Emotionen aus einem [&hellip;]<\/p>\n","protected":false},"featured_media":24408,"comment_status":"closed","ping_status":"closed","template":"","meta":[],"product_brand":[],"product_cat":[208,210],"product_tag":[],"class_list":{"0":"post-46613","1":"product","2":"type-product","3":"status-publish","4":"has-post-thumbnail","6":"product_cat-indoor-de","7":"product_cat-lampen","9":"first","10":"instock","11":"product-type-simple"},"_links":{"self":[{"href":"https:\/\/arketipo.com\/de\/wp-json\/wp\/v2\/product\/46613","targetHints":{"allow":["GET"]}}],"collection":[{"href":"https:\/\/arketipo.com\/de\/wp-json\/wp\/v2\/product"}],"about":[{"href":"https:\/\/arketipo.com\/de\/wp-json\/wp\/v2\/types\/product"}],"replies":[{"embeddable":true,"href":"https:\/\/arketipo.com\/de\/wp-json\/wp\/v2\/comments?post=46613"}],"wp:featuredmedia":[{"embeddable":true,"href":"https:\/\/arketipo.com\/de\/wp-json\/wp\/v2\/media\/24408"}],"wp:attachment":[{"href":"https:\/\/arketipo.com\/de\/wp-json\/wp\/v2\/media?parent=46613"}],"wp:term":[{"taxonomy":"product_brand","embeddable":true,"href":"https:\/\/arketipo.com\/de\/wp-json\/wp\/v2\/product_brand?post=46613"},{"taxonomy":"product_cat","embeddable":true,"href":"https:\/\/arketipo.com\/de\/wp-json\/wp\/v2\/product_cat?post=46613"},{"taxonomy":"product_tag","embeddable":true,"href":"https:\/\/arketipo.com\/de\/wp-json\/wp\/v2\/product_tag?post=46613"}],"curies":[{"name":"wp","href":"https:\/\/api.w.org\/{rel}","templated":true}]}}