{"id":46615,"date":"2023-03-14T17:25:55","date_gmt":"2023-03-14T16:25:55","guid":{"rendered":"https:\/\/arketipo.com\/prodotto\/blob\/"},"modified":"2025-07-28T14:08:59","modified_gmt":"2025-07-28T12:08:59","slug":"blob","status":"publish","type":"product","link":"https:\/\/arketipo.com\/de\/prodotto\/blob\/","title":{"rendered":"Blob"},"content":{"rendered":"<p>Idealerweise in sowohl modernen als auch klassischen Ambienti mit viel Pers\u00f6nlichkeit: Die Leuchte ist Blob als Einrichtungsgegenstand von unverwechselbarer Originalit\u00e4t konzipiert.<\/p>\n<p>Dank einer Neuinterpretation der gerundeten Formen der Natur, schafft schafft sie in jedem Raum einen originelle Szenerie. Die Stehleuchte, mit der senkrecht verstellbaren Metallstange, besitzt drei Lichtquellen aus gef\u00e4rbtem Glas, die eine sowohl gleichm\u00e4\u00dfige als auch gezielte Beleuchtung verbreiten, dank Regelung der Intensit\u00e4t und Drehung der Arme.<\/p>\n<p>Blob ist in den drei Ausf\u00fchrungen glimmerbraun, Titan und Messing lieferbar. Die farbigen Kabel umarmen die Struktur harmonisch und sind ein grundlegendes Detail, um die starke Pers\u00f6nlichkeit des Objekts betonen. Nach dem Erfolg der Steh-Version wird die Familie Blob durch die Tischvariante und die H\u00e4ngeleuchte erg\u00e4nzt, die die gleichen Eigenschaften der Erstgeborenen aufweisen.<\/p>\n<p>Durch Anordnung von mehreren H\u00e4ngeleuchten in unterschiedlichen H\u00f6hen k\u00f6nnen Sie unerwartete Lichtspiele und einen originellen choreografischen Effekt erzeugen, um dem Raum mehr Relevanz zu verleihen.<\/p>\n","protected":false},"excerpt":{"rendered":"<p>Idealerweise in sowohl modernen als auch klassischen Ambienti mit viel Pers\u00f6nlichkeit: Die Leuchte ist Blob als Einrichtungsgegenstand von unverwechselbarer Originalit\u00e4t konzipiert. Dank einer Neuinterpretation der gerundeten Formen der Natur, schafft schafft sie in jedem Raum einen originelle Szenerie. Die Stehleuchte, mit der senkrecht verstellbaren Metallstange, besitzt drei Lichtquellen aus gef\u00e4rbtem Glas, die eine sowohl gleichm\u00e4\u00dfige [&hellip;]<\/p>\n","protected":false},"featured_media":24357,"comment_status":"closed","ping_status":"closed","template":"","meta":[],"product_brand":[],"product_cat":[208,210],"product_tag":[],"class_list":{"0":"post-46615","1":"product","2":"type-product","3":"status-publish","4":"has-post-thumbnail","6":"product_cat-indoor-de","7":"product_cat-lampen","9":"first","10":"instock","11":"product-type-simple"},"_links":{"self":[{"href":"https:\/\/arketipo.com\/de\/wp-json\/wp\/v2\/product\/46615","targetHints":{"allow":["GET"]}}],"collection":[{"href":"https:\/\/arketipo.com\/de\/wp-json\/wp\/v2\/product"}],"about":[{"href":"https:\/\/arketipo.com\/de\/wp-json\/wp\/v2\/types\/product"}],"replies":[{"embeddable":true,"href":"https:\/\/arketipo.com\/de\/wp-json\/wp\/v2\/comments?post=46615"}],"wp:featuredmedia":[{"embeddable":true,"href":"https:\/\/arketipo.com\/de\/wp-json\/wp\/v2\/media\/24357"}],"wp:attachment":[{"href":"https:\/\/arketipo.com\/de\/wp-json\/wp\/v2\/media?parent=46615"}],"wp:term":[{"taxonomy":"product_brand","embeddable":true,"href":"https:\/\/arketipo.com\/de\/wp-json\/wp\/v2\/product_brand?post=46615"},{"taxonomy":"product_cat","embeddable":true,"href":"https:\/\/arketipo.com\/de\/wp-json\/wp\/v2\/product_cat?post=46615"},{"taxonomy":"product_tag","embeddable":true,"href":"https:\/\/arketipo.com\/de\/wp-json\/wp\/v2\/product_tag?post=46615"}],"curies":[{"name":"wp","href":"https:\/\/api.w.org\/{rel}","templated":true}]}}