{"id":46616,"date":"2023-03-14T17:26:24","date_gmt":"2023-03-14T16:26:24","guid":{"rendered":"https:\/\/arketipo.com\/prodotto\/aura\/"},"modified":"2025-07-28T14:08:59","modified_gmt":"2025-07-28T12:08:59","slug":"aura","status":"publish","type":"product","link":"https:\/\/arketipo.com\/de\/prodotto\/aura\/","title":{"rendered":"Aura"},"content":{"rendered":"<p>Reine und strenge Formen sind die Haupteigenschaften des Sideboards Aura. Ein Spiel von geometrischen Volumen die sich durchqueren und schaffen ein originales und raffiniertes M\u00f6bel. Die bedeutende Platte ist aus Marmor oder aus ge\u00e4tztem Glas auf der R\u00fcckseite grau-braun lackiert und ist mit einem Metallrohr, glimmerig braun, Titan, Messing oder Oxy Grey, umrandet. Das Resultat ist ein M\u00f6bel mit einer reichen Pers\u00f6nlichkeit.<\/p>\n","protected":false},"excerpt":{"rendered":"<p>Reine und strenge Formen sind die Haupteigenschaften des Sideboards Aura. Ein Spiel von geometrischen Volumen die sich durchqueren und schaffen ein originales und raffiniertes M\u00f6bel. Die bedeutende Platte ist aus Marmor oder aus ge\u00e4tztem Glas auf der R\u00fcckseite grau-braun lackiert und ist mit einem Metallrohr, glimmerig braun, Titan, Messing oder Oxy Grey, umrandet. Das Resultat [&hellip;]<\/p>\n","protected":false},"featured_media":36505,"comment_status":"closed","ping_status":"closed","template":"","meta":[],"product_brand":[],"product_cat":[202,208,226],"product_tag":[],"class_list":{"0":"post-46616","1":"product","2":"type-product","3":"status-publish","4":"has-post-thumbnail","6":"product_cat-erganzungen","7":"product_cat-indoor-de","8":"product_cat-ohne-kategorie","10":"first","11":"instock","12":"product-type-simple"},"_links":{"self":[{"href":"https:\/\/arketipo.com\/de\/wp-json\/wp\/v2\/product\/46616","targetHints":{"allow":["GET"]}}],"collection":[{"href":"https:\/\/arketipo.com\/de\/wp-json\/wp\/v2\/product"}],"about":[{"href":"https:\/\/arketipo.com\/de\/wp-json\/wp\/v2\/types\/product"}],"replies":[{"embeddable":true,"href":"https:\/\/arketipo.com\/de\/wp-json\/wp\/v2\/comments?post=46616"}],"wp:featuredmedia":[{"embeddable":true,"href":"https:\/\/arketipo.com\/de\/wp-json\/wp\/v2\/media\/36505"}],"wp:attachment":[{"href":"https:\/\/arketipo.com\/de\/wp-json\/wp\/v2\/media?parent=46616"}],"wp:term":[{"taxonomy":"product_brand","embeddable":true,"href":"https:\/\/arketipo.com\/de\/wp-json\/wp\/v2\/product_brand?post=46616"},{"taxonomy":"product_cat","embeddable":true,"href":"https:\/\/arketipo.com\/de\/wp-json\/wp\/v2\/product_cat?post=46616"},{"taxonomy":"product_tag","embeddable":true,"href":"https:\/\/arketipo.com\/de\/wp-json\/wp\/v2\/product_tag?post=46616"}],"curies":[{"name":"wp","href":"https:\/\/api.w.org\/{rel}","templated":true}]}}