{"id":46617,"date":"2023-03-14T17:26:22","date_gmt":"2023-03-14T16:26:22","guid":{"rendered":"https:\/\/arketipo.com\/prodotto\/brooklyn\/"},"modified":"2025-07-28T14:09:00","modified_gmt":"2025-07-28T12:09:00","slug":"brooklyn","status":"publish","type":"product","link":"https:\/\/arketipo.com\/de\/prodotto\/brooklyn\/","title":{"rendered":"Brooklyn"},"content":{"rendered":"<p>Die Stadt ist ein Schmelztiegel f\u00fcr Meinungen, Kulturen, Menschen und Identit\u00e4ten. Wie kann man das in etwas kanalisieren, das wir alle in unser Leben, in unsere Wohnsituation einbringen k\u00f6nnen? Gino Carollo gibt uns hier vielleicht eine Antwort. Mit dem Rahmen aus Eukalyptus- und Zebranoholz, einem Rauchglassegment und einer Marmorplatte ist in dem wunderbar designten Produkt Brooklyn einiges los, beinahe wie in New York, \u00fcber das Anthony Bourdain, der selbst dort aufgewachsen ist, sagte \u201eIch habe es nie wirklich kennen gelernt.\u201c<\/p>\n","protected":false},"excerpt":{"rendered":"<p>Die Stadt ist ein Schmelztiegel f\u00fcr Meinungen, Kulturen, Menschen und Identit\u00e4ten. Wie kann man das in etwas kanalisieren, das wir alle in unser Leben, in unsere Wohnsituation einbringen k\u00f6nnen? Gino Carollo gibt uns hier vielleicht eine Antwort. Mit dem Rahmen aus Eukalyptus- und Zebranoholz, einem Rauchglassegment und einer Marmorplatte ist in dem wunderbar designten Produkt [&hellip;]<\/p>\n","protected":false},"featured_media":35724,"comment_status":"closed","ping_status":"closed","template":"","meta":[],"product_brand":[],"product_cat":[202,208],"product_tag":[],"class_list":{"0":"post-46617","1":"product","2":"type-product","3":"status-publish","4":"has-post-thumbnail","6":"product_cat-erganzungen","7":"product_cat-indoor-de","9":"first","10":"instock","11":"product-type-simple"},"_links":{"self":[{"href":"https:\/\/arketipo.com\/de\/wp-json\/wp\/v2\/product\/46617","targetHints":{"allow":["GET"]}}],"collection":[{"href":"https:\/\/arketipo.com\/de\/wp-json\/wp\/v2\/product"}],"about":[{"href":"https:\/\/arketipo.com\/de\/wp-json\/wp\/v2\/types\/product"}],"replies":[{"embeddable":true,"href":"https:\/\/arketipo.com\/de\/wp-json\/wp\/v2\/comments?post=46617"}],"wp:featuredmedia":[{"embeddable":true,"href":"https:\/\/arketipo.com\/de\/wp-json\/wp\/v2\/media\/35724"}],"wp:attachment":[{"href":"https:\/\/arketipo.com\/de\/wp-json\/wp\/v2\/media?parent=46617"}],"wp:term":[{"taxonomy":"product_brand","embeddable":true,"href":"https:\/\/arketipo.com\/de\/wp-json\/wp\/v2\/product_brand?post=46617"},{"taxonomy":"product_cat","embeddable":true,"href":"https:\/\/arketipo.com\/de\/wp-json\/wp\/v2\/product_cat?post=46617"},{"taxonomy":"product_tag","embeddable":true,"href":"https:\/\/arketipo.com\/de\/wp-json\/wp\/v2\/product_tag?post=46617"}],"curies":[{"name":"wp","href":"https:\/\/api.w.org\/{rel}","templated":true}]}}