{"id":46619,"date":"2023-03-14T17:26:21","date_gmt":"2023-03-14T16:26:21","guid":{"rendered":"https:\/\/arketipo.com\/prodotto\/soho\/"},"modified":"2025-07-28T14:09:02","modified_gmt":"2025-07-28T12:09:02","slug":"soho","status":"publish","type":"product","link":"https:\/\/arketipo.com\/de\/prodotto\/soho\/","title":{"rendered":"Soho"},"content":{"rendered":"<p>Als Mitte des 20. Jahrhunderts Mode, Stil und Kultur aufeinanderprallten, war London das Zentrum der Welt und Soho die Hauptstadt. Die fabelhaften 1960er-Jahre brachten eine neue Art zu denken und zu leben mit sich. Das Design war nicht mehr dasselbe und genau aus diesem Grund verdiente unser Nachttisch einen Namen, der den Ideen seiner Zeit entsprach.<\/p>\n<p>Gino Carollo hat etwas geschaffen, das den Stil der fabelhaften 1960er-Jahre mit einer Anspielung auf die Kultur von heute verk\u00f6rpert. Holz und Glas stehen f\u00fcr die heutige Interpretation von hochwertigen Materialien, die auf pr\u00e4ziseste Weise eingesetzt werden, w\u00e4hrend die geometrische Form an die Zeit des Wandels hin zu einer globalen Kultur erinnert.<\/p>\n<p>Befreit von seiner flie\u00dfenden Form, ist SoHo eine geometrische Konstruktion aus drei verschiedenen Elementen, die sich perfekt \u00fcberlappen und eine starke und ausdrucksstarke Form schaffen, ohne dabei etwas von ihrer Zartheit zu verlieren. Wenn Altes auf Neues trifft, ist das immer eine gute Idee.<\/p>\n","protected":false},"excerpt":{"rendered":"<p>Als Mitte des 20. Jahrhunderts Mode, Stil und Kultur aufeinanderprallten, war London das Zentrum der Welt und Soho die Hauptstadt. Die fabelhaften 1960er-Jahre brachten eine neue Art zu denken und zu leben mit sich. Das Design war nicht mehr dasselbe und genau aus diesem Grund verdiente unser Nachttisch einen Namen, der den Ideen seiner Zeit [&hellip;]<\/p>\n","protected":false},"featured_media":35590,"comment_status":"closed","ping_status":"closed","template":"","meta":[],"product_brand":[],"product_cat":[202,208,226],"product_tag":[],"class_list":{"0":"post-46619","1":"product","2":"type-product","3":"status-publish","4":"has-post-thumbnail","6":"product_cat-erganzungen","7":"product_cat-indoor-de","8":"product_cat-ohne-kategorie","10":"first","11":"instock","12":"product-type-simple"},"_links":{"self":[{"href":"https:\/\/arketipo.com\/de\/wp-json\/wp\/v2\/product\/46619","targetHints":{"allow":["GET"]}}],"collection":[{"href":"https:\/\/arketipo.com\/de\/wp-json\/wp\/v2\/product"}],"about":[{"href":"https:\/\/arketipo.com\/de\/wp-json\/wp\/v2\/types\/product"}],"replies":[{"embeddable":true,"href":"https:\/\/arketipo.com\/de\/wp-json\/wp\/v2\/comments?post=46619"}],"wp:featuredmedia":[{"embeddable":true,"href":"https:\/\/arketipo.com\/de\/wp-json\/wp\/v2\/media\/35590"}],"wp:attachment":[{"href":"https:\/\/arketipo.com\/de\/wp-json\/wp\/v2\/media?parent=46619"}],"wp:term":[{"taxonomy":"product_brand","embeddable":true,"href":"https:\/\/arketipo.com\/de\/wp-json\/wp\/v2\/product_brand?post=46619"},{"taxonomy":"product_cat","embeddable":true,"href":"https:\/\/arketipo.com\/de\/wp-json\/wp\/v2\/product_cat?post=46619"},{"taxonomy":"product_tag","embeddable":true,"href":"https:\/\/arketipo.com\/de\/wp-json\/wp\/v2\/product_tag?post=46619"}],"curies":[{"name":"wp","href":"https:\/\/api.w.org\/{rel}","templated":true}]}}