{"id":46620,"date":"2023-03-14T17:26:21","date_gmt":"2023-03-14T16:26:21","guid":{"rendered":"https:\/\/arketipo.com\/prodotto\/roxanne\/"},"modified":"2025-07-28T14:09:02","modified_gmt":"2025-07-28T12:09:02","slug":"roxanne","status":"publish","type":"product","link":"https:\/\/arketipo.com\/de\/prodotto\/roxanne\/","title":{"rendered":"Roxanne"},"content":{"rendered":"<p>Wenn ein Punk-Schlagzeuger, ein Englischlehrer und ein Jazzgitarrist eine Band gr\u00fcnden w\u00fcrden, dann w\u00e4ren sie The Police.<\/p>\n<p>Wenn modulares Design, schimmernde Struktur und Glas- oder Holzregale zusammenkommen, dann w\u00e4re das ein Design von Giuseppe Vigan\u00f2. Bei Ersterem w\u00fcrden Sie an den Song denken, bei Letzterem w\u00fcrden Ihnen alle kleinen Details auffallen, die dieses einzigartige St\u00fcck f\u00fcr den Wohnbereich ausmachen. Die Komposition, das Gleichgewicht und der bestechende Kontrast von Materialien und Charakter.<\/p>\n<p>Roxanne vereint Dinge in sich, von denen Sie nie erwartet h\u00e4tten, dass sie ein Hit sein k\u00f6nnten.<\/p>\n","protected":false},"excerpt":{"rendered":"<p>Wenn ein Punk-Schlagzeuger, ein Englischlehrer und ein Jazzgitarrist eine Band gr\u00fcnden w\u00fcrden, dann w\u00e4ren sie The Police. Wenn modulares Design, schimmernde Struktur und Glas- oder Holzregale zusammenkommen, dann w\u00e4re das ein Design von Giuseppe Vigan\u00f2. Bei Ersterem w\u00fcrden Sie an den Song denken, bei Letzterem w\u00fcrden Ihnen alle kleinen Details auffallen, die dieses einzigartige St\u00fcck [&hellip;]<\/p>\n","protected":false},"featured_media":35504,"comment_status":"closed","ping_status":"closed","template":"","meta":[],"product_brand":[],"product_cat":[202,208],"product_tag":[],"class_list":{"0":"post-46620","1":"product","2":"type-product","3":"status-publish","4":"has-post-thumbnail","6":"product_cat-erganzungen","7":"product_cat-indoor-de","9":"first","10":"instock","11":"product-type-simple"},"_links":{"self":[{"href":"https:\/\/arketipo.com\/de\/wp-json\/wp\/v2\/product\/46620","targetHints":{"allow":["GET"]}}],"collection":[{"href":"https:\/\/arketipo.com\/de\/wp-json\/wp\/v2\/product"}],"about":[{"href":"https:\/\/arketipo.com\/de\/wp-json\/wp\/v2\/types\/product"}],"replies":[{"embeddable":true,"href":"https:\/\/arketipo.com\/de\/wp-json\/wp\/v2\/comments?post=46620"}],"wp:featuredmedia":[{"embeddable":true,"href":"https:\/\/arketipo.com\/de\/wp-json\/wp\/v2\/media\/35504"}],"wp:attachment":[{"href":"https:\/\/arketipo.com\/de\/wp-json\/wp\/v2\/media?parent=46620"}],"wp:term":[{"taxonomy":"product_brand","embeddable":true,"href":"https:\/\/arketipo.com\/de\/wp-json\/wp\/v2\/product_brand?post=46620"},{"taxonomy":"product_cat","embeddable":true,"href":"https:\/\/arketipo.com\/de\/wp-json\/wp\/v2\/product_cat?post=46620"},{"taxonomy":"product_tag","embeddable":true,"href":"https:\/\/arketipo.com\/de\/wp-json\/wp\/v2\/product_tag?post=46620"}],"curies":[{"name":"wp","href":"https:\/\/api.w.org\/{rel}","templated":true}]}}