{"id":46621,"date":"2023-03-14T17:26:21","date_gmt":"2023-03-14T16:26:21","guid":{"rendered":"https:\/\/arketipo.com\/prodotto\/effetto-notte\/"},"modified":"2025-07-28T14:09:03","modified_gmt":"2025-07-28T12:09:03","slug":"effetto-notte","status":"publish","type":"product","link":"https:\/\/arketipo.com\/de\/prodotto\/effetto-notte\/","title":{"rendered":"Effetto Notte"},"content":{"rendered":"<p>Die Nachttische Effetto Notte sind von der gleichnamigen Filmtechnik inspiriert, die auch tags\u00fcber Nachtlicht simuliert.<\/p>\n<p>Ihre F\u00e4higkeit, den sich ver\u00e4ndernden Raum zu gestalten, wird durch einen echten Dialog zwischen volumetrischer K\u00f6rperlichkeit und struktureller Leichtigkeit erreicht. Mit der n\u00fcchternen und raffinierten Form stehen sie nat\u00fcrlich als wertvolle, einzigartige und elegante Objekte wie diskrete Schatullen im Schlafbereich. Die wie Klammern wirkenden Beine aus gebogenen Metallprofilen lassen das Beh\u00e4ltnis schwebend und luftig, aber dennoch solide in einem perfekten \u00e4sthetischen Gleichgewicht aussehen, w\u00e4hrend das Fehlen von Kanten ein Gef\u00fchl von ergonomischer Funktionalit\u00e4t vermittelt.<\/p>\n<p>Die d\u00fcnne Marmorplatte schlie\u00dflich gibt das Gef\u00fchl des modernen Klassizismus im Vergleich zu den anderen Materialien, Holz und Metall, wieder und zeigt eine Entwicklung des Stils in Richtung Moderne.<\/p>\n","protected":false},"excerpt":{"rendered":"<p>Die Nachttische Effetto Notte sind von der gleichnamigen Filmtechnik inspiriert, die auch tags\u00fcber Nachtlicht simuliert. Ihre F\u00e4higkeit, den sich ver\u00e4ndernden Raum zu gestalten, wird durch einen echten Dialog zwischen volumetrischer K\u00f6rperlichkeit und struktureller Leichtigkeit erreicht. Mit der n\u00fcchternen und raffinierten Form stehen sie nat\u00fcrlich als wertvolle, einzigartige und elegante Objekte wie diskrete Schatullen im Schlafbereich. [&hellip;]<\/p>\n","protected":false},"featured_media":35621,"comment_status":"closed","ping_status":"closed","template":"","meta":[],"product_brand":[],"product_cat":[202,208],"product_tag":[],"class_list":{"0":"post-46621","1":"product","2":"type-product","3":"status-publish","4":"has-post-thumbnail","6":"product_cat-erganzungen","7":"product_cat-indoor-de","9":"first","10":"instock","11":"product-type-simple"},"_links":{"self":[{"href":"https:\/\/arketipo.com\/de\/wp-json\/wp\/v2\/product\/46621","targetHints":{"allow":["GET"]}}],"collection":[{"href":"https:\/\/arketipo.com\/de\/wp-json\/wp\/v2\/product"}],"about":[{"href":"https:\/\/arketipo.com\/de\/wp-json\/wp\/v2\/types\/product"}],"replies":[{"embeddable":true,"href":"https:\/\/arketipo.com\/de\/wp-json\/wp\/v2\/comments?post=46621"}],"wp:featuredmedia":[{"embeddable":true,"href":"https:\/\/arketipo.com\/de\/wp-json\/wp\/v2\/media\/35621"}],"wp:attachment":[{"href":"https:\/\/arketipo.com\/de\/wp-json\/wp\/v2\/media?parent=46621"}],"wp:term":[{"taxonomy":"product_brand","embeddable":true,"href":"https:\/\/arketipo.com\/de\/wp-json\/wp\/v2\/product_brand?post=46621"},{"taxonomy":"product_cat","embeddable":true,"href":"https:\/\/arketipo.com\/de\/wp-json\/wp\/v2\/product_cat?post=46621"},{"taxonomy":"product_tag","embeddable":true,"href":"https:\/\/arketipo.com\/de\/wp-json\/wp\/v2\/product_tag?post=46621"}],"curies":[{"name":"wp","href":"https:\/\/api.w.org\/{rel}","templated":true}]}}