{"id":46622,"date":"2023-03-14T17:26:20","date_gmt":"2023-03-14T16:26:20","guid":{"rendered":"https:\/\/arketipo.com\/prodotto\/argentario\/"},"modified":"2025-07-28T14:09:04","modified_gmt":"2025-07-28T12:09:04","slug":"argentario","status":"publish","type":"product","link":"https:\/\/arketipo.com\/de\/prodotto\/argentario\/","title":{"rendered":"Argentario"},"content":{"rendered":"<p>Der Name nimmt eine Vision vorweg: das schimmernde Meer, so weit das Auge reicht, das man im Schatten einer Veranda wie unter einer liebkosenden Sonne genie\u00dfen kann.<\/p>\n<p>Argentario ist eine Einladung, sich den Freuden der Ruhe, des Lesens, des Vogelgezwitschers sowie der K\u00fchle der B\u00e4ume oder dem Atem des Windes hinzugeben. Diese Sonnenliege nimmt die \u00e4sthetische Sprache der Outdoor-Familie wieder auf, mit klaren r\u00f6hrenf\u00f6rmigen Linien und sichtbaren Riemen, begleitet von der integrierten Ablage f\u00fcr vollst\u00e4ndige Entspannung. Die subtile Leichtigkeit der Matte, die sich durch geometrische Wiederholungen auszeichnet, macht Argentario harmonisch und grafisch zart und verleiht ihm eine raffinierte Eleganz, die f\u00fcr eine hervorragende Einrichtung charakteristisch ist.<\/p>\n<p>Die verschiebbare Tischplatte nimmt die Nutzung des Sofas wieder auf und best\u00e4tigt die Idee der Funktionalit\u00e4t im Dienste des Vergn\u00fcgens.<\/p>\n","protected":false},"excerpt":{"rendered":"<p>Der Name nimmt eine Vision vorweg: das schimmernde Meer, so weit das Auge reicht, das man im Schatten einer Veranda wie unter einer liebkosenden Sonne genie\u00dfen kann. Argentario ist eine Einladung, sich den Freuden der Ruhe, des Lesens, des Vogelgezwitschers sowie der K\u00fchle der B\u00e4ume oder dem Atem des Windes hinzugeben. Diese Sonnenliege nimmt die [&hellip;]<\/p>\n","protected":false},"featured_media":35368,"comment_status":"closed","ping_status":"closed","template":"","meta":[],"product_brand":[],"product_cat":[202,218],"product_tag":[],"class_list":{"0":"post-46622","1":"product","2":"type-product","3":"status-publish","4":"has-post-thumbnail","6":"product_cat-erganzungen","7":"product_cat-outdoor-de","9":"first","10":"instock","11":"product-type-simple"},"_links":{"self":[{"href":"https:\/\/arketipo.com\/de\/wp-json\/wp\/v2\/product\/46622","targetHints":{"allow":["GET"]}}],"collection":[{"href":"https:\/\/arketipo.com\/de\/wp-json\/wp\/v2\/product"}],"about":[{"href":"https:\/\/arketipo.com\/de\/wp-json\/wp\/v2\/types\/product"}],"replies":[{"embeddable":true,"href":"https:\/\/arketipo.com\/de\/wp-json\/wp\/v2\/comments?post=46622"}],"wp:featuredmedia":[{"embeddable":true,"href":"https:\/\/arketipo.com\/de\/wp-json\/wp\/v2\/media\/35368"}],"wp:attachment":[{"href":"https:\/\/arketipo.com\/de\/wp-json\/wp\/v2\/media?parent=46622"}],"wp:term":[{"taxonomy":"product_brand","embeddable":true,"href":"https:\/\/arketipo.com\/de\/wp-json\/wp\/v2\/product_brand?post=46622"},{"taxonomy":"product_cat","embeddable":true,"href":"https:\/\/arketipo.com\/de\/wp-json\/wp\/v2\/product_cat?post=46622"},{"taxonomy":"product_tag","embeddable":true,"href":"https:\/\/arketipo.com\/de\/wp-json\/wp\/v2\/product_tag?post=46622"}],"curies":[{"name":"wp","href":"https:\/\/api.w.org\/{rel}","templated":true}]}}