{"id":46623,"date":"2023-03-14T17:26:07","date_gmt":"2023-03-14T16:26:07","guid":{"rendered":"https:\/\/arketipo.com\/prodotto\/inkiostro\/"},"modified":"2025-07-28T14:09:05","modified_gmt":"2025-07-28T12:09:05","slug":"inkiostro","status":"publish","type":"product","link":"https:\/\/arketipo.com\/de\/prodotto\/inkiostro\/","title":{"rendered":"Inkiostro"},"content":{"rendered":"<p>Der Schreibtisch mit den linearen und anpassungsf\u00e4higen Formen ist mit in Leder eingefasstem Desk Pad ausgestattet.<\/p>\n<p>Die Metalleinlage, welche die Basis durchquert, verleiht dem reinen Vintage-Stil einen Hauch von Modernit\u00e4t. Die \u00d6ffnung der F\u00e4cher gibt Tiefe und Funktionalit\u00e4t. Inkiostro ist kein reiner Arbeitstisch, sondern ist auch dazu bestimmt, einen privaten Bereich komfortabel zu gestalten.<\/p>\n","protected":false},"excerpt":{"rendered":"<p>Der Schreibtisch mit den linearen und anpassungsf\u00e4higen Formen ist mit in Leder eingefasstem Desk Pad ausgestattet. Die Metalleinlage, welche die Basis durchquert, verleiht dem reinen Vintage-Stil einen Hauch von Modernit\u00e4t. Die \u00d6ffnung der F\u00e4cher gibt Tiefe und Funktionalit\u00e4t. Inkiostro ist kein reiner Arbeitstisch, sondern ist auch dazu bestimmt, einen privaten Bereich komfortabel zu gestalten.<\/p>\n","protected":false},"featured_media":33804,"comment_status":"closed","ping_status":"closed","template":"","meta":[],"product_brand":[],"product_cat":[202,208,226],"product_tag":[],"class_list":{"0":"post-46623","1":"product","2":"type-product","3":"status-publish","4":"has-post-thumbnail","6":"product_cat-erganzungen","7":"product_cat-indoor-de","8":"product_cat-ohne-kategorie","10":"first","11":"instock","12":"product-type-simple"},"_links":{"self":[{"href":"https:\/\/arketipo.com\/de\/wp-json\/wp\/v2\/product\/46623","targetHints":{"allow":["GET"]}}],"collection":[{"href":"https:\/\/arketipo.com\/de\/wp-json\/wp\/v2\/product"}],"about":[{"href":"https:\/\/arketipo.com\/de\/wp-json\/wp\/v2\/types\/product"}],"replies":[{"embeddable":true,"href":"https:\/\/arketipo.com\/de\/wp-json\/wp\/v2\/comments?post=46623"}],"wp:featuredmedia":[{"embeddable":true,"href":"https:\/\/arketipo.com\/de\/wp-json\/wp\/v2\/media\/33804"}],"wp:attachment":[{"href":"https:\/\/arketipo.com\/de\/wp-json\/wp\/v2\/media?parent=46623"}],"wp:term":[{"taxonomy":"product_brand","embeddable":true,"href":"https:\/\/arketipo.com\/de\/wp-json\/wp\/v2\/product_brand?post=46623"},{"taxonomy":"product_cat","embeddable":true,"href":"https:\/\/arketipo.com\/de\/wp-json\/wp\/v2\/product_cat?post=46623"},{"taxonomy":"product_tag","embeddable":true,"href":"https:\/\/arketipo.com\/de\/wp-json\/wp\/v2\/product_tag?post=46623"}],"curies":[{"name":"wp","href":"https:\/\/api.w.org\/{rel}","templated":true}]}}