{"id":46625,"date":"2023-03-14T17:25:58","date_gmt":"2023-03-14T16:25:58","guid":{"rendered":"https:\/\/arketipo.com\/prodotto\/endor\/"},"modified":"2025-07-28T14:09:11","modified_gmt":"2025-07-28T12:09:11","slug":"endor","status":"publish","type":"product","link":"https:\/\/arketipo.com\/de\/prodotto\/endor\/","title":{"rendered":"Endor"},"content":{"rendered":"<p>Das Sideboard Endor ist durch einen speziellen Design gekennzeichnet, wie eine einsame Insel.<\/p>\n<p>Die vielfaltige Struktur und die \u00d6ffnungen erlauben die Stellung in der Raummitte als auch an der Wand. Die T\u00fcren sind mit Leder Leonardo bezogen und die Struktur ist aus Eichenholz Mokka, Sucupira oder Ebenholz erh\u00e4ltlich. Die Metallteile sind glimmerig Braun oder Black Nickel. Die mittlere Schiebet\u00fcr erlaubt eine flexible Benutzung. Die Wandregale Endor Shelf sind eine passende Erg\u00e4nzung zu diesem Programm: eine Serie von Holzregale, die die Wand nach Belieben anrichten.<\/p>\n<p>Diese Zubeh\u00f6re k\u00f6nnen mit verschiedenen M\u00f6bel, wie Sideboard, Konsolen und Kleintischen kombiniert werden.<\/p>\n","protected":false},"excerpt":{"rendered":"<p>Das Sideboard Endor ist durch einen speziellen Design gekennzeichnet, wie eine einsame Insel. Die vielfaltige Struktur und die \u00d6ffnungen erlauben die Stellung in der Raummitte als auch an der Wand. Die T\u00fcren sind mit Leder Leonardo bezogen und die Struktur ist aus Eichenholz Mokka, Sucupira oder Ebenholz erh\u00e4ltlich. Die Metallteile sind glimmerig Braun oder Black [&hellip;]<\/p>\n","protected":false},"featured_media":32894,"comment_status":"closed","ping_status":"closed","template":"","meta":[],"product_brand":[],"product_cat":[202,208,226],"product_tag":[],"class_list":{"0":"post-46625","1":"product","2":"type-product","3":"status-publish","4":"has-post-thumbnail","6":"product_cat-erganzungen","7":"product_cat-indoor-de","8":"product_cat-ohne-kategorie","10":"first","11":"instock","12":"product-type-simple"},"_links":{"self":[{"href":"https:\/\/arketipo.com\/de\/wp-json\/wp\/v2\/product\/46625","targetHints":{"allow":["GET"]}}],"collection":[{"href":"https:\/\/arketipo.com\/de\/wp-json\/wp\/v2\/product"}],"about":[{"href":"https:\/\/arketipo.com\/de\/wp-json\/wp\/v2\/types\/product"}],"replies":[{"embeddable":true,"href":"https:\/\/arketipo.com\/de\/wp-json\/wp\/v2\/comments?post=46625"}],"wp:featuredmedia":[{"embeddable":true,"href":"https:\/\/arketipo.com\/de\/wp-json\/wp\/v2\/media\/32894"}],"wp:attachment":[{"href":"https:\/\/arketipo.com\/de\/wp-json\/wp\/v2\/media?parent=46625"}],"wp:term":[{"taxonomy":"product_brand","embeddable":true,"href":"https:\/\/arketipo.com\/de\/wp-json\/wp\/v2\/product_brand?post=46625"},{"taxonomy":"product_cat","embeddable":true,"href":"https:\/\/arketipo.com\/de\/wp-json\/wp\/v2\/product_cat?post=46625"},{"taxonomy":"product_tag","embeddable":true,"href":"https:\/\/arketipo.com\/de\/wp-json\/wp\/v2\/product_tag?post=46625"}],"curies":[{"name":"wp","href":"https:\/\/api.w.org\/{rel}","templated":true}]}}