{"id":46626,"date":"2023-03-14T17:25:57","date_gmt":"2023-03-14T16:25:57","guid":{"rendered":"https:\/\/arketipo.com\/prodotto\/target\/"},"modified":"2025-07-28T14:09:12","modified_gmt":"2025-07-28T12:09:12","slug":"target","status":"publish","type":"product","link":"https:\/\/arketipo.com\/de\/prodotto\/target\/","title":{"rendered":"Target"},"content":{"rendered":"<p>Ein einfaches und elegantes B\u00fccherregal, das ein aus kleinen Kreuzen bestehendes St\u00fctzmodul verwendet, die sich in ihrer Gesamtheit unendlich zu multiplizieren scheinen. Diese Kreuzchen sind die F\u00e4cher des B\u00fccherregals und verwandeln sich in Pr\u00e4senz von B\u00fcchern von einem starken Merkmal in ein lebhaftes aber ordentliches Gesamtes.<\/p>\n","protected":false},"excerpt":{"rendered":"<p>Ein einfaches und elegantes B\u00fccherregal, das ein aus kleinen Kreuzen bestehendes St\u00fctzmodul verwendet, die sich in ihrer Gesamtheit unendlich zu multiplizieren scheinen. Diese Kreuzchen sind die F\u00e4cher des B\u00fccherregals und verwandeln sich in Pr\u00e4senz von B\u00fcchern von einem starken Merkmal in ein lebhaftes aber ordentliches Gesamtes.<\/p>\n","protected":false},"featured_media":32767,"comment_status":"closed","ping_status":"closed","template":"","meta":[],"product_brand":[],"product_cat":[202,208,226],"product_tag":[],"class_list":{"0":"post-46626","1":"product","2":"type-product","3":"status-publish","4":"has-post-thumbnail","6":"product_cat-erganzungen","7":"product_cat-indoor-de","8":"product_cat-ohne-kategorie","10":"first","11":"instock","12":"product-type-simple"},"_links":{"self":[{"href":"https:\/\/arketipo.com\/de\/wp-json\/wp\/v2\/product\/46626","targetHints":{"allow":["GET"]}}],"collection":[{"href":"https:\/\/arketipo.com\/de\/wp-json\/wp\/v2\/product"}],"about":[{"href":"https:\/\/arketipo.com\/de\/wp-json\/wp\/v2\/types\/product"}],"replies":[{"embeddable":true,"href":"https:\/\/arketipo.com\/de\/wp-json\/wp\/v2\/comments?post=46626"}],"wp:featuredmedia":[{"embeddable":true,"href":"https:\/\/arketipo.com\/de\/wp-json\/wp\/v2\/media\/32767"}],"wp:attachment":[{"href":"https:\/\/arketipo.com\/de\/wp-json\/wp\/v2\/media?parent=46626"}],"wp:term":[{"taxonomy":"product_brand","embeddable":true,"href":"https:\/\/arketipo.com\/de\/wp-json\/wp\/v2\/product_brand?post=46626"},{"taxonomy":"product_cat","embeddable":true,"href":"https:\/\/arketipo.com\/de\/wp-json\/wp\/v2\/product_cat?post=46626"},{"taxonomy":"product_tag","embeddable":true,"href":"https:\/\/arketipo.com\/de\/wp-json\/wp\/v2\/product_tag?post=46626"}],"curies":[{"name":"wp","href":"https:\/\/api.w.org\/{rel}","templated":true}]}}