{"id":46633,"date":"2023-03-14T17:26:20","date_gmt":"2023-03-14T16:26:20","guid":{"rendered":"https:\/\/arketipo.com\/prodotto\/icon-4\/"},"modified":"2025-07-28T14:09:17","modified_gmt":"2025-07-28T12:09:17","slug":"icon","status":"publish","type":"product","link":"https:\/\/arketipo.com\/de\/prodotto\/icon\/","title":{"rendered":"Icon"},"content":{"rendered":"<p>Der ICON Tisch f\u00e4llt sofort mit seinem S\u00e4ulenfu\u00df auf. Die positiven Geometrien der Seitenfl\u00e4chen und die konvexe F\u00fclle des Gestells lassen eine vornehm elegante Form von poetischer Schlichtheit entstehen.<\/p>\n<p>Die Struktur der Marmorfl\u00e4che in &#8222;Moon Grey&#8220; und die glatte Metallfl\u00e4che des Pyramidengestells ergeben einen Kontrast, der zugleich \u00fcberraschend ausgewogen und voller ausdrucksstarker Pers\u00f6nlichkeit ist.<\/p>\n","protected":false},"excerpt":{"rendered":"<p>Der ICON Tisch f\u00e4llt sofort mit seinem S\u00e4ulenfu\u00df auf. Die positiven Geometrien der Seitenfl\u00e4chen und die konvexe F\u00fclle des Gestells lassen eine vornehm elegante Form von poetischer Schlichtheit entstehen. Die Struktur der Marmorfl\u00e4che in &#8222;Moon Grey&#8220; und die glatte Metallfl\u00e4che des Pyramidengestells ergeben einen Kontrast, der zugleich \u00fcberraschend ausgewogen und voller ausdrucksstarker Pers\u00f6nlichkeit ist.<\/p>\n","protected":false},"featured_media":35240,"comment_status":"closed","ping_status":"closed","template":"","meta":[],"product_brand":[],"product_cat":[208,229],"product_tag":[],"class_list":{"0":"post-46633","1":"product","2":"type-product","3":"status-publish","4":"has-post-thumbnail","6":"product_cat-indoor-de","7":"product_cat-tische","9":"first","10":"instock","11":"product-type-simple"},"_links":{"self":[{"href":"https:\/\/arketipo.com\/de\/wp-json\/wp\/v2\/product\/46633","targetHints":{"allow":["GET"]}}],"collection":[{"href":"https:\/\/arketipo.com\/de\/wp-json\/wp\/v2\/product"}],"about":[{"href":"https:\/\/arketipo.com\/de\/wp-json\/wp\/v2\/types\/product"}],"replies":[{"embeddable":true,"href":"https:\/\/arketipo.com\/de\/wp-json\/wp\/v2\/comments?post=46633"}],"wp:featuredmedia":[{"embeddable":true,"href":"https:\/\/arketipo.com\/de\/wp-json\/wp\/v2\/media\/35240"}],"wp:attachment":[{"href":"https:\/\/arketipo.com\/de\/wp-json\/wp\/v2\/media?parent=46633"}],"wp:term":[{"taxonomy":"product_brand","embeddable":true,"href":"https:\/\/arketipo.com\/de\/wp-json\/wp\/v2\/product_brand?post=46633"},{"taxonomy":"product_cat","embeddable":true,"href":"https:\/\/arketipo.com\/de\/wp-json\/wp\/v2\/product_cat?post=46633"},{"taxonomy":"product_tag","embeddable":true,"href":"https:\/\/arketipo.com\/de\/wp-json\/wp\/v2\/product_tag?post=46633"}],"curies":[{"name":"wp","href":"https:\/\/api.w.org\/{rel}","templated":true}]}}