{"id":46637,"date":"2023-05-05T09:41:43","date_gmt":"2023-05-05T07:41:43","guid":{"rendered":"https:\/\/arketipo.com\/prodotto\/numa-4\/"},"modified":"2025-07-28T14:09:20","modified_gmt":"2025-07-28T12:09:20","slug":"numa","status":"publish","type":"product","link":"https:\/\/arketipo.com\/de\/prodotto\/numa\/","title":{"rendered":"Numa"},"content":{"rendered":"<p>Es d\u00fcrfte niemanden \u00fcberraschen, dass Giuseppe Vigan\u00f2 der Meister ist, wenn es darum geht, St\u00fchle schwebend aussehen zu lassen oder die Formen des Raums mit einer eigenen Form zu durchbrechen.<\/p>\n<p>Numa, arabisch f\u00fcr \u201eFreude\u201c, beschr\u00e4nkt sich nicht nur auf den Namen, sondern auch auf die Art und Weise, wie der Stuhl seine Umgebung ausbalanciert. NUMA ist teils Art Deco, teils Jugendstil und ein Ausdruck eines Designs, das wei\u00df, wo ein zeitloses Meisterwerk hingeh\u00f6rt: in Ihr Zuhause. Leicht, aber stark, zart, aber auch entschlossen. Er besteht aus geb\u00fcrstetem Stahl und kann auf den ersten Blick t\u00e4uschen, aber wenn man n\u00e4her kommt, ist man angenehm beeindruckt.<\/p>\n","protected":false},"excerpt":{"rendered":"<p>Es d\u00fcrfte niemanden \u00fcberraschen, dass Giuseppe Vigan\u00f2 der Meister ist, wenn es darum geht, St\u00fchle schwebend aussehen zu lassen oder die Formen des Raums mit einer eigenen Form zu durchbrechen. Numa, arabisch f\u00fcr \u201eFreude\u201c, beschr\u00e4nkt sich nicht nur auf den Namen, sondern auch auf die Art und Weise, wie der Stuhl seine Umgebung ausbalanciert. NUMA [&hellip;]<\/p>\n","protected":false},"featured_media":39565,"comment_status":"closed","ping_status":"closed","template":"","meta":[],"product_brand":[],"product_cat":[208,224],"product_tag":[],"class_list":{"0":"post-46637","1":"product","2":"type-product","3":"status-publish","4":"has-post-thumbnail","6":"product_cat-indoor-de","7":"product_cat-stuhle","9":"first","10":"instock","11":"product-type-simple"},"_links":{"self":[{"href":"https:\/\/arketipo.com\/de\/wp-json\/wp\/v2\/product\/46637","targetHints":{"allow":["GET"]}}],"collection":[{"href":"https:\/\/arketipo.com\/de\/wp-json\/wp\/v2\/product"}],"about":[{"href":"https:\/\/arketipo.com\/de\/wp-json\/wp\/v2\/types\/product"}],"replies":[{"embeddable":true,"href":"https:\/\/arketipo.com\/de\/wp-json\/wp\/v2\/comments?post=46637"}],"wp:featuredmedia":[{"embeddable":true,"href":"https:\/\/arketipo.com\/de\/wp-json\/wp\/v2\/media\/39565"}],"wp:attachment":[{"href":"https:\/\/arketipo.com\/de\/wp-json\/wp\/v2\/media?parent=46637"}],"wp:term":[{"taxonomy":"product_brand","embeddable":true,"href":"https:\/\/arketipo.com\/de\/wp-json\/wp\/v2\/product_brand?post=46637"},{"taxonomy":"product_cat","embeddable":true,"href":"https:\/\/arketipo.com\/de\/wp-json\/wp\/v2\/product_cat?post=46637"},{"taxonomy":"product_tag","embeddable":true,"href":"https:\/\/arketipo.com\/de\/wp-json\/wp\/v2\/product_tag?post=46637"}],"curies":[{"name":"wp","href":"https:\/\/api.w.org\/{rel}","templated":true}]}}