{"id":46642,"date":"2023-03-14T17:26:10","date_gmt":"2023-03-14T16:26:10","guid":{"rendered":"https:\/\/arketipo.com\/prodotto\/miss-malice-2\/"},"modified":"2025-07-28T14:09:23","modified_gmt":"2025-07-28T12:09:23","slug":"miss-malice","status":"publish","type":"product","link":"https:\/\/arketipo.com\/de\/prodotto\/miss-malice\/","title":{"rendered":"Miss Malice"},"content":{"rendered":"<p>Der Stuhl Miss Malice, mit dem starken Stil des Vintage vor allem bei der Version aus abziehbarem Leder, mit d\u00fcnnen F\u00fc\u00dfen aus lackiertem Metall, hat ein ansprechendes Design.<\/p>\n<p>Im mittleren Teil der Sitzfl\u00e4che und der R\u00fcckenlehne ist eine st\u00e4rkere Polsterung vorhanden, um die weichen Linien hervorzuheben.<\/p>\n","protected":false},"excerpt":{"rendered":"<p>Der Stuhl Miss Malice, mit dem starken Stil des Vintage vor allem bei der Version aus abziehbarem Leder, mit d\u00fcnnen F\u00fc\u00dfen aus lackiertem Metall, hat ein ansprechendes Design. Im mittleren Teil der Sitzfl\u00e4che und der R\u00fcckenlehne ist eine st\u00e4rkere Polsterung vorhanden, um die weichen Linien hervorzuheben.<\/p>\n","protected":false},"featured_media":34145,"comment_status":"closed","ping_status":"closed","template":"","meta":[],"product_brand":[],"product_cat":[208,226,224],"product_tag":[],"class_list":{"0":"post-46642","1":"product","2":"type-product","3":"status-publish","4":"has-post-thumbnail","6":"product_cat-indoor-de","7":"product_cat-ohne-kategorie","8":"product_cat-stuhle","10":"first","11":"instock","12":"product-type-simple"},"_links":{"self":[{"href":"https:\/\/arketipo.com\/de\/wp-json\/wp\/v2\/product\/46642","targetHints":{"allow":["GET"]}}],"collection":[{"href":"https:\/\/arketipo.com\/de\/wp-json\/wp\/v2\/product"}],"about":[{"href":"https:\/\/arketipo.com\/de\/wp-json\/wp\/v2\/types\/product"}],"replies":[{"embeddable":true,"href":"https:\/\/arketipo.com\/de\/wp-json\/wp\/v2\/comments?post=46642"}],"wp:featuredmedia":[{"embeddable":true,"href":"https:\/\/arketipo.com\/de\/wp-json\/wp\/v2\/media\/34145"}],"wp:attachment":[{"href":"https:\/\/arketipo.com\/de\/wp-json\/wp\/v2\/media?parent=46642"}],"wp:term":[{"taxonomy":"product_brand","embeddable":true,"href":"https:\/\/arketipo.com\/de\/wp-json\/wp\/v2\/product_brand?post=46642"},{"taxonomy":"product_cat","embeddable":true,"href":"https:\/\/arketipo.com\/de\/wp-json\/wp\/v2\/product_cat?post=46642"},{"taxonomy":"product_tag","embeddable":true,"href":"https:\/\/arketipo.com\/de\/wp-json\/wp\/v2\/product_tag?post=46642"}],"curies":[{"name":"wp","href":"https:\/\/api.w.org\/{rel}","templated":true}]}}