{"id":46643,"date":"2023-03-14T17:26:08","date_gmt":"2023-03-14T16:26:08","guid":{"rendered":"https:\/\/arketipo.com\/prodotto\/athena-4\/"},"modified":"2025-07-28T14:09:23","modified_gmt":"2025-07-28T12:09:23","slug":"athena","status":"publish","type":"product","link":"https:\/\/arketipo.com\/de\/prodotto\/athena\/","title":{"rendered":"Athena"},"content":{"rendered":"<p>Der dreidimensionalen Leichtigkeit der Beine, die aus Metalldraht gefertigt sind, steht die Struktur der R\u00fcckenlehne gegen\u00fcber, um eine harmonische Wirkung von Gleichgewicht zwischen Formen und Volumen zu schaffen. Die leicht gew\u00f6lbte R\u00fcckenlehne ruht in sich selbst und umfasst die Polsterung der Sitzfl\u00e4che f\u00fcr ergonomischen Komfort und Dynamik.<\/p>\n<p>Der dreidimensionalen Leichtigkeit der Beine, die aus Metalldraht gefertigt sind, steht die Struktur der R\u00fcckenlehne gegen\u00fcber, um eine harmonische Wirkung von Gleichgewicht zwischen Formen und Volumen zu schaffen.<\/p>\n<p>Die leicht gew\u00f6lbte R\u00fcckenlehne umfasst die Sitzpolster und gew\u00e4hrt einen gro\u00dfen Komfort.<\/p>\n","protected":false},"excerpt":{"rendered":"<p>Der dreidimensionalen Leichtigkeit der Beine, die aus Metalldraht gefertigt sind, steht die Struktur der R\u00fcckenlehne gegen\u00fcber, um eine harmonische Wirkung von Gleichgewicht zwischen Formen und Volumen zu schaffen. Die leicht gew\u00f6lbte R\u00fcckenlehne ruht in sich selbst und umfasst die Polsterung der Sitzfl\u00e4che f\u00fcr ergonomischen Komfort und Dynamik. Der dreidimensionalen Leichtigkeit der Beine, die aus Metalldraht [&hellip;]<\/p>\n","protected":false},"featured_media":33865,"comment_status":"closed","ping_status":"closed","template":"","meta":[],"product_brand":[],"product_cat":[208,226,224],"product_tag":[],"class_list":{"0":"post-46643","1":"product","2":"type-product","3":"status-publish","4":"has-post-thumbnail","6":"product_cat-indoor-de","7":"product_cat-ohne-kategorie","8":"product_cat-stuhle","10":"first","11":"instock","12":"product-type-simple"},"_links":{"self":[{"href":"https:\/\/arketipo.com\/de\/wp-json\/wp\/v2\/product\/46643","targetHints":{"allow":["GET"]}}],"collection":[{"href":"https:\/\/arketipo.com\/de\/wp-json\/wp\/v2\/product"}],"about":[{"href":"https:\/\/arketipo.com\/de\/wp-json\/wp\/v2\/types\/product"}],"replies":[{"embeddable":true,"href":"https:\/\/arketipo.com\/de\/wp-json\/wp\/v2\/comments?post=46643"}],"wp:featuredmedia":[{"embeddable":true,"href":"https:\/\/arketipo.com\/de\/wp-json\/wp\/v2\/media\/33865"}],"wp:attachment":[{"href":"https:\/\/arketipo.com\/de\/wp-json\/wp\/v2\/media?parent=46643"}],"wp:term":[{"taxonomy":"product_brand","embeddable":true,"href":"https:\/\/arketipo.com\/de\/wp-json\/wp\/v2\/product_brand?post=46643"},{"taxonomy":"product_cat","embeddable":true,"href":"https:\/\/arketipo.com\/de\/wp-json\/wp\/v2\/product_cat?post=46643"},{"taxonomy":"product_tag","embeddable":true,"href":"https:\/\/arketipo.com\/de\/wp-json\/wp\/v2\/product_tag?post=46643"}],"curies":[{"name":"wp","href":"https:\/\/api.w.org\/{rel}","templated":true}]}}