{"id":46644,"date":"2023-04-28T09:15:56","date_gmt":"2023-04-28T07:15:56","guid":{"rendered":"https:\/\/arketipo.com\/prodotto\/avalon-2\/"},"modified":"2025-07-28T14:09:27","modified_gmt":"2025-07-28T12:09:27","slug":"avalon","status":"publish","type":"product","link":"https:\/\/arketipo.com\/de\/prodotto\/avalon\/","title":{"rendered":"Avalon"},"content":{"rendered":"<p>Synthesizer, Cocktails, k\u00fchles Understatement und nat\u00fcrlich irgendwo in einem Schrank pastellfarbene Anz\u00fcge und dicke Schulterpolster.<\/p>\n<p>So haben wir die 80er in Erinnerung, und daran denken wir auch bei dem Namen Avalon. Hier haben wir uns von sowohl von neuester als auch \u00e4ltester Geschichte inspirieren lassen. Die neueste Geschichte zeigt uns mutige Visionen, denn mutig ist attraktiv. Und genau wie der Song \u2013 eine weitere Inspiration \u2013 kommt dieser Tisch alles andere als subtil daher. Die pazifikblaue Farbe haben wir der \u00e4ltesten Geschichte entnommen. Die Insel Avalon wurde auch \u201eYnis Witrin\u201c, die \u201eGlasinsel\u201c genannt. Auf ihr gedieh eine Pflanze mit blauem Farbton, welche die keltischen Krieger vor einem Kampf zum F\u00e4rben ihrer Gesichter nutzten. Eine weitere beeindruckende Visualisierung, eine weitere exzentrische Inspirationsquelle.<\/p>\n<p>Der Sockel in Wellenform modelliert elegant den Raum, w\u00e4hrend das Rauchglas an unbeschwerte Dia-Aufnahmen aus den 80ern denken l\u00e4sst. Das ist keine Rhapsodie des Designs, sondern eine Hommage an eine \u00c4ra uneingeschr\u00e4nkter Kreativit\u00e4t, in der provokative Eleganz und Charme angesagt waren.<\/p>\n","protected":false},"excerpt":{"rendered":"<p>Synthesizer, Cocktails, k\u00fchles Understatement und nat\u00fcrlich irgendwo in einem Schrank pastellfarbene Anz\u00fcge und dicke Schulterpolster. So haben wir die 80er in Erinnerung, und daran denken wir auch bei dem Namen Avalon. Hier haben wir uns von sowohl von neuester als auch \u00e4ltester Geschichte inspirieren lassen. Die neueste Geschichte zeigt uns mutige Visionen, denn mutig ist [&hellip;]<\/p>\n","protected":false},"featured_media":36042,"comment_status":"closed","ping_status":"closed","template":"","meta":[],"product_brand":[],"product_cat":[208,229],"product_tag":[],"class_list":{"0":"post-46644","1":"product","2":"type-product","3":"status-publish","4":"has-post-thumbnail","6":"product_cat-indoor-de","7":"product_cat-tische","9":"first","10":"instock","11":"product-type-simple"},"_links":{"self":[{"href":"https:\/\/arketipo.com\/de\/wp-json\/wp\/v2\/product\/46644","targetHints":{"allow":["GET"]}}],"collection":[{"href":"https:\/\/arketipo.com\/de\/wp-json\/wp\/v2\/product"}],"about":[{"href":"https:\/\/arketipo.com\/de\/wp-json\/wp\/v2\/types\/product"}],"replies":[{"embeddable":true,"href":"https:\/\/arketipo.com\/de\/wp-json\/wp\/v2\/comments?post=46644"}],"wp:featuredmedia":[{"embeddable":true,"href":"https:\/\/arketipo.com\/de\/wp-json\/wp\/v2\/media\/36042"}],"wp:attachment":[{"href":"https:\/\/arketipo.com\/de\/wp-json\/wp\/v2\/media?parent=46644"}],"wp:term":[{"taxonomy":"product_brand","embeddable":true,"href":"https:\/\/arketipo.com\/de\/wp-json\/wp\/v2\/product_brand?post=46644"},{"taxonomy":"product_cat","embeddable":true,"href":"https:\/\/arketipo.com\/de\/wp-json\/wp\/v2\/product_cat?post=46644"},{"taxonomy":"product_tag","embeddable":true,"href":"https:\/\/arketipo.com\/de\/wp-json\/wp\/v2\/product_tag?post=46644"}],"curies":[{"name":"wp","href":"https:\/\/api.w.org\/{rel}","templated":true}]}}