{"id":46645,"date":"2023-03-14T17:26:23","date_gmt":"2023-03-14T16:26:23","guid":{"rendered":"https:\/\/arketipo.com\/prodotto\/prince-2\/"},"modified":"2025-07-28T14:09:28","modified_gmt":"2025-07-28T12:09:28","slug":"prince","status":"publish","type":"product","link":"https:\/\/arketipo.com\/de\/prodotto\/prince\/","title":{"rendered":"Prince"},"content":{"rendered":"<p>Wenn es sich beim einen um den Thronfolger und dem anderen um einen Pionier des Multiinstrumentalismus und Fusionmusik handelt, dann ist Prince von Giuseppe Vigan\u00f2 unverhohlen der Erbe gro\u00dfen Designs.<\/p>\n<p>Dem Betrachter erschlie\u00dft sich bereits beim ersten Anblick alles Wissenswerte \u00fcber diese atemberaubende Vision und dessen, was einen Esstisch ausmacht; einen Ort zum Treffen, Reden, Essen und Teilen einzigartiger Momente. Das raffinierte und robuste Design der Beine erinnert an vergangene Zeiten. Ihre Form ist integraler Bestandteil des Gesamtkonzeptes des Tisches, sie basiert bei n\u00e4herer Betrachtung auf der Form eines Kamins &#8211; dar\u00fcber hinaus erinnern sie an Elemente dieses geselligen Bereichs, in dem jeder sitzen und miteinander reden kann. Dies ist ein Tisch, der Sie zu Geselligkeit in den unterschiedlichsten Formen einl\u00e4dt. Die Oberseite Bietet edle Verarbeitung mit einem Zugeh\u00f6rigkeitsgef\u00fchl, so dass sich jeder willkommen f\u00fchlt.<\/p>\n<p>Trotz seiner Gr\u00f6\u00dfe mit schwungvollen Linen und Kurven, die Ger\u00e4umigkeit vermittelt, vermag er f\u00fcr N\u00e4he zwischen Gastgeber und G\u00e4sten zu sorgen. Prince, eine Design-Aussage in puncto Geselligkeit, festgehalten f\u00fcr kommende Generationen.<\/p>\n","protected":false},"excerpt":{"rendered":"<p>Wenn es sich beim einen um den Thronfolger und dem anderen um einen Pionier des Multiinstrumentalismus und Fusionmusik handelt, dann ist Prince von Giuseppe Vigan\u00f2 unverhohlen der Erbe gro\u00dfen Designs. Dem Betrachter erschlie\u00dft sich bereits beim ersten Anblick alles Wissenswerte \u00fcber diese atemberaubende Vision und dessen, was einen Esstisch ausmacht; einen Ort zum Treffen, Reden, [&hellip;]<\/p>\n","protected":false},"featured_media":35967,"comment_status":"closed","ping_status":"closed","template":"","meta":[],"product_brand":[],"product_cat":[208,229],"product_tag":[],"class_list":{"0":"post-46645","1":"product","2":"type-product","3":"status-publish","4":"has-post-thumbnail","6":"product_cat-indoor-de","7":"product_cat-tische","9":"first","10":"instock","11":"product-type-simple"},"_links":{"self":[{"href":"https:\/\/arketipo.com\/de\/wp-json\/wp\/v2\/product\/46645","targetHints":{"allow":["GET"]}}],"collection":[{"href":"https:\/\/arketipo.com\/de\/wp-json\/wp\/v2\/product"}],"about":[{"href":"https:\/\/arketipo.com\/de\/wp-json\/wp\/v2\/types\/product"}],"replies":[{"embeddable":true,"href":"https:\/\/arketipo.com\/de\/wp-json\/wp\/v2\/comments?post=46645"}],"wp:featuredmedia":[{"embeddable":true,"href":"https:\/\/arketipo.com\/de\/wp-json\/wp\/v2\/media\/35967"}],"wp:attachment":[{"href":"https:\/\/arketipo.com\/de\/wp-json\/wp\/v2\/media?parent=46645"}],"wp:term":[{"taxonomy":"product_brand","embeddable":true,"href":"https:\/\/arketipo.com\/de\/wp-json\/wp\/v2\/product_brand?post=46645"},{"taxonomy":"product_cat","embeddable":true,"href":"https:\/\/arketipo.com\/de\/wp-json\/wp\/v2\/product_cat?post=46645"},{"taxonomy":"product_tag","embeddable":true,"href":"https:\/\/arketipo.com\/de\/wp-json\/wp\/v2\/product_tag?post=46645"}],"curies":[{"name":"wp","href":"https:\/\/api.w.org\/{rel}","templated":true}]}}