{"id":46646,"date":"2023-03-14T17:26:18","date_gmt":"2023-03-14T16:26:18","guid":{"rendered":"https:\/\/arketipo.com\/prodotto\/epsilon-2\/"},"modified":"2025-07-28T14:09:29","modified_gmt":"2025-07-28T12:09:29","slug":"epsilon","status":"publish","type":"product","link":"https:\/\/arketipo.com\/de\/prodotto\/epsilon\/","title":{"rendered":"Epsilon"},"content":{"rendered":"<p>Der Charme von Architektur zusammen mit modernem Design: der Esstisch Epsilon von Manzoni &amp; Tapinassi hat eine Struktur wo diese Welten zusammen leben. Das Untergestell mit einem besonderen grafischen Zeichen und die Platte mit stumpfen Kanten und einer Mischung von Metall und Holz sind die Haupteigenschaften dieses Esstisches.<\/p>\n<p>Das Resultat ist ein M\u00f6bel mit Pers\u00f6nlichkeit und Dynamismus. Die Platte ist in Eichenholz Mokka oder Sucupira erh\u00e4ltlich und das Untergestell in glimmerig Braun, Messing, \u00a0Titan oder Oxy Grey.<\/p>\n","protected":false},"excerpt":{"rendered":"<p>Der Charme von Architektur zusammen mit modernem Design: der Esstisch Epsilon von Manzoni &amp; Tapinassi hat eine Struktur wo diese Welten zusammen leben. Das Untergestell mit einem besonderen grafischen Zeichen und die Platte mit stumpfen Kanten und einer Mischung von Metall und Holz sind die Haupteigenschaften dieses Esstisches. Das Resultat ist ein M\u00f6bel mit Pers\u00f6nlichkeit [&hellip;]<\/p>\n","protected":false},"featured_media":35157,"comment_status":"closed","ping_status":"closed","template":"","meta":[],"product_brand":[],"product_cat":[208,229],"product_tag":[],"class_list":{"0":"post-46646","1":"product","2":"type-product","3":"status-publish","4":"has-post-thumbnail","6":"product_cat-indoor-de","7":"product_cat-tische","9":"first","10":"instock","11":"product-type-simple"},"_links":{"self":[{"href":"https:\/\/arketipo.com\/de\/wp-json\/wp\/v2\/product\/46646","targetHints":{"allow":["GET"]}}],"collection":[{"href":"https:\/\/arketipo.com\/de\/wp-json\/wp\/v2\/product"}],"about":[{"href":"https:\/\/arketipo.com\/de\/wp-json\/wp\/v2\/types\/product"}],"replies":[{"embeddable":true,"href":"https:\/\/arketipo.com\/de\/wp-json\/wp\/v2\/comments?post=46646"}],"wp:featuredmedia":[{"embeddable":true,"href":"https:\/\/arketipo.com\/de\/wp-json\/wp\/v2\/media\/35157"}],"wp:attachment":[{"href":"https:\/\/arketipo.com\/de\/wp-json\/wp\/v2\/media?parent=46646"}],"wp:term":[{"taxonomy":"product_brand","embeddable":true,"href":"https:\/\/arketipo.com\/de\/wp-json\/wp\/v2\/product_brand?post=46646"},{"taxonomy":"product_cat","embeddable":true,"href":"https:\/\/arketipo.com\/de\/wp-json\/wp\/v2\/product_cat?post=46646"},{"taxonomy":"product_tag","embeddable":true,"href":"https:\/\/arketipo.com\/de\/wp-json\/wp\/v2\/product_tag?post=46646"}],"curies":[{"name":"wp","href":"https:\/\/api.w.org\/{rel}","templated":true}]}}