{"id":46648,"date":"2023-05-05T09:44:23","date_gmt":"2023-05-05T07:44:23","guid":{"rendered":"https:\/\/arketipo.com\/prodotto\/big-night\/"},"modified":"2025-07-28T14:09:31","modified_gmt":"2025-07-28T12:09:31","slug":"big-night","status":"publish","type":"product","link":"https:\/\/arketipo.com\/de\/prodotto\/big-night\/","title":{"rendered":"Big Night"},"content":{"rendered":"<p>Das Detail ist der Ausdruck. Beim Design und der Konstruktion des Bettes Big Night ist die Eckverbindung der eigentliche Brennpunkt.<\/p>\n<p>Die Falte des Kopfteils ist eine spontane Geste: in ihr lebt die uralte Erfahrung der Entdeckung, Oberfl\u00e4chen formen zu k\u00f6nnen, die konkrete Handlung, aus der ein Design entsteht, wieder auf.<\/p>\n<p>Die Geste, mit der die Finger zusammenkommen, zeigt, wie die Form der Falte stabil gehalten wird, mit einer Spange, einem U-f\u00f6rmig gefalteten Metallprofil: ein raffinierter Schmuck, ein minimalistisches Accessoire mit einer klaren und strengen Form. Die Schlie\u00dfe dr\u00fcckt die R\u00e4nder der durchgehenden Oberfl\u00e4che des gepolsterten Wandelements zusammen, wodurch die Falte im \u00dcberhang entsteht und der Stoff aufgewertet wird. Diese hervorragend gearbeitete Verzierung wiederholt sich auch in den Ecken des Bettkastens und dient als Spange und Fu\u00df. Das Kopfteil ist ein streng rechteckiges, an den Seiten gefaltetes Brett, das die Funktion einer sch\u00fctzenden Nische und eines raffinierten \u00e4sthetischen Elements erf\u00fcllt.<\/p>\n<p>Die gro\u00dfz\u00fcgigen Fl\u00e4chen haben eine straffe, linsenf\u00f6rmige Weichheit, die jene intimen Qualit\u00e4ten hervorhebt, welche die Nacht zu einem endlosen Abenteuer machen. Nicht nur ein Bett zum Schlafen, sondern auch eine B\u00fchne f\u00fcr pers\u00f6nliche Geschichten.<\/p>\n","protected":false},"excerpt":{"rendered":"<p>Das Detail ist der Ausdruck. Beim Design und der Konstruktion des Bettes Big Night ist die Eckverbindung der eigentliche Brennpunkt. Die Falte des Kopfteils ist eine spontane Geste: in ihr lebt die uralte Erfahrung der Entdeckung, Oberfl\u00e4chen formen zu k\u00f6nnen, die konkrete Handlung, aus der ein Design entsteht, wieder auf. Die Geste, mit der die [&hellip;]<\/p>\n","protected":false},"featured_media":39601,"comment_status":"closed","ping_status":"closed","template":"","meta":[],"product_brand":[],"product_cat":[214,208],"product_tag":[],"class_list":{"0":"post-46648","1":"product","2":"type-product","3":"status-publish","4":"has-post-thumbnail","6":"product_cat-betten","7":"product_cat-indoor-de","9":"first","10":"instock","11":"product-type-simple"},"_links":{"self":[{"href":"https:\/\/arketipo.com\/de\/wp-json\/wp\/v2\/product\/46648","targetHints":{"allow":["GET"]}}],"collection":[{"href":"https:\/\/arketipo.com\/de\/wp-json\/wp\/v2\/product"}],"about":[{"href":"https:\/\/arketipo.com\/de\/wp-json\/wp\/v2\/types\/product"}],"replies":[{"embeddable":true,"href":"https:\/\/arketipo.com\/de\/wp-json\/wp\/v2\/comments?post=46648"}],"wp:featuredmedia":[{"embeddable":true,"href":"https:\/\/arketipo.com\/de\/wp-json\/wp\/v2\/media\/39601"}],"wp:attachment":[{"href":"https:\/\/arketipo.com\/de\/wp-json\/wp\/v2\/media?parent=46648"}],"wp:term":[{"taxonomy":"product_brand","embeddable":true,"href":"https:\/\/arketipo.com\/de\/wp-json\/wp\/v2\/product_brand?post=46648"},{"taxonomy":"product_cat","embeddable":true,"href":"https:\/\/arketipo.com\/de\/wp-json\/wp\/v2\/product_cat?post=46648"},{"taxonomy":"product_tag","embeddable":true,"href":"https:\/\/arketipo.com\/de\/wp-json\/wp\/v2\/product_tag?post=46648"}],"curies":[{"name":"wp","href":"https:\/\/api.w.org\/{rel}","templated":true}]}}