{"id":46649,"date":"2023-03-14T17:26:24","date_gmt":"2023-03-14T16:26:24","guid":{"rendered":"https:\/\/arketipo.com\/prodotto\/starman-dream-6\/"},"modified":"2025-07-28T14:09:32","modified_gmt":"2025-07-28T12:09:32","slug":"starman-dream","status":"publish","type":"product","link":"https:\/\/arketipo.com\/de\/prodotto\/starman-dream\/","title":{"rendered":"Starman Dream"},"content":{"rendered":"<p>Starman Dream: Zeit zum Denken in gr\u00f6\u00dferen Dimensionen.<\/p>\n<p>Beziehungen sind wichtig, ein immerw\u00e4hrender Aspekt zwischen zwei oder mehr Ideen und Konzepten. Sie machen aus dem, was wir tun, mehr als nur ein Designprinzip, der Grund zum \u00dcberwinden unserer Grenzen und Denken in gr\u00f6\u00dferen Ma\u00dfst\u00e4ben.<br \/>\nMit dem Starman beginnt unsere Verbindung zum Starman Dream: letzteres erfasst die Elemente, die das Sofa zu dem Designmerkmal gemacht haben, f\u00fcr das es jetzt steht. Aggressive und kraftvolle Konturen, geschwungene Linien, gepaart mit kontrastierendem Materialgef\u00fchl und Konzepten. Kurz gesagt: wir haben zwei Produkte mit einer klaren Beziehung zueinander geschaffen. Hierbei geht es um Lebensstil im Raum und darum, diesen einzigartig machend zu leben.<\/p>\n<p>Das Starman Dream verk\u00f6rpert diese Verbindung zu etwas, von dem wir uns alle eine Vorstellung machen k\u00f6nnen: Zeit, in gr\u00f6\u00dferen Dimensionen zu tr\u00e4umen beginnen.<\/p>\n","protected":false},"excerpt":{"rendered":"<p>Starman Dream: Zeit zum Denken in gr\u00f6\u00dferen Dimensionen. Beziehungen sind wichtig, ein immerw\u00e4hrender Aspekt zwischen zwei oder mehr Ideen und Konzepten. Sie machen aus dem, was wir tun, mehr als nur ein Designprinzip, der Grund zum \u00dcberwinden unserer Grenzen und Denken in gr\u00f6\u00dferen Ma\u00dfst\u00e4ben. Mit dem Starman beginnt unsere Verbindung zum Starman Dream: letzteres erfasst [&hellip;]<\/p>\n","protected":false},"featured_media":36733,"comment_status":"closed","ping_status":"closed","template":"","meta":[],"product_brand":[],"product_cat":[214,208],"product_tag":[],"class_list":{"0":"post-46649","1":"product","2":"type-product","3":"status-publish","4":"has-post-thumbnail","6":"product_cat-betten","7":"product_cat-indoor-de","9":"first","10":"instock","11":"product-type-simple"},"_links":{"self":[{"href":"https:\/\/arketipo.com\/de\/wp-json\/wp\/v2\/product\/46649","targetHints":{"allow":["GET"]}}],"collection":[{"href":"https:\/\/arketipo.com\/de\/wp-json\/wp\/v2\/product"}],"about":[{"href":"https:\/\/arketipo.com\/de\/wp-json\/wp\/v2\/types\/product"}],"replies":[{"embeddable":true,"href":"https:\/\/arketipo.com\/de\/wp-json\/wp\/v2\/comments?post=46649"}],"wp:featuredmedia":[{"embeddable":true,"href":"https:\/\/arketipo.com\/de\/wp-json\/wp\/v2\/media\/36733"}],"wp:attachment":[{"href":"https:\/\/arketipo.com\/de\/wp-json\/wp\/v2\/media?parent=46649"}],"wp:term":[{"taxonomy":"product_brand","embeddable":true,"href":"https:\/\/arketipo.com\/de\/wp-json\/wp\/v2\/product_brand?post=46649"},{"taxonomy":"product_cat","embeddable":true,"href":"https:\/\/arketipo.com\/de\/wp-json\/wp\/v2\/product_cat?post=46649"},{"taxonomy":"product_tag","embeddable":true,"href":"https:\/\/arketipo.com\/de\/wp-json\/wp\/v2\/product_tag?post=46649"}],"curies":[{"name":"wp","href":"https:\/\/api.w.org\/{rel}","templated":true}]}}