{"id":46650,"date":"2023-03-14T17:25:57","date_gmt":"2023-03-14T16:25:57","guid":{"rendered":"https:\/\/arketipo.com\/prodotto\/auto-reverse-dream-2\/"},"modified":"2025-07-28T14:09:33","modified_gmt":"2025-07-28T12:09:33","slug":"auto-reverse-dream","status":"publish","type":"product","link":"https:\/\/arketipo.com\/de\/prodotto\/auto-reverse-dream\/","title":{"rendered":"Auto-Reverse Dream"},"content":{"rendered":"<p>Auto-Reverse Dream ist ein einzigartiges Bett, das mit zwei Seelen und einer starken Pers\u00f6nlichkeit die stilistische Koh\u00e4renz zum Sofa der gleichen Linie aufrechterh\u00e4lt.<\/p>\n<p>Das exklusive Design wird durch die diskrete und minimale Struktur unterstrichen und betont. Die einrahmenden R\u00fcschen unterstreichen die Qualit\u00e4t der handwerklichen Verarbeitung und der Qualit\u00e4t der verwendeten Materialien. Die Kissen, die den Kopfteil bilden, k\u00f6nnen aus zwei verschiedenen Materialien gefertigt werden und dadurch reversibel sein.<\/p>\n<p>Die vielfachen Kombinationen, die man durch das Vermischen der Stoffe, Leder und Farben der Rei\u00dfverschl\u00fcsse erhalten kann, sorgen f\u00fcr einen Ton-in-Ton-Effekt oder eine Kontrastwirkung und schaffen chromatische Elemente, die gut dem jeweiligen Ambiente angepasst werden k\u00f6nnen. Auto-Reverse Dream: Der zeitlose Charme der Verwandlung.<\/p>\n","protected":false},"excerpt":{"rendered":"<p>Auto-Reverse Dream ist ein einzigartiges Bett, das mit zwei Seelen und einer starken Pers\u00f6nlichkeit die stilistische Koh\u00e4renz zum Sofa der gleichen Linie aufrechterh\u00e4lt. Das exklusive Design wird durch die diskrete und minimale Struktur unterstrichen und betont. Die einrahmenden R\u00fcschen unterstreichen die Qualit\u00e4t der handwerklichen Verarbeitung und der Qualit\u00e4t der verwendeten Materialien. Die Kissen, die den [&hellip;]<\/p>\n","protected":false},"featured_media":32411,"comment_status":"closed","ping_status":"closed","template":"","meta":[],"product_brand":[],"product_cat":[214,208],"product_tag":[],"class_list":{"0":"post-46650","1":"product","2":"type-product","3":"status-publish","4":"has-post-thumbnail","6":"product_cat-betten","7":"product_cat-indoor-de","9":"first","10":"instock","11":"product-type-simple"},"_links":{"self":[{"href":"https:\/\/arketipo.com\/de\/wp-json\/wp\/v2\/product\/46650","targetHints":{"allow":["GET"]}}],"collection":[{"href":"https:\/\/arketipo.com\/de\/wp-json\/wp\/v2\/product"}],"about":[{"href":"https:\/\/arketipo.com\/de\/wp-json\/wp\/v2\/types\/product"}],"replies":[{"embeddable":true,"href":"https:\/\/arketipo.com\/de\/wp-json\/wp\/v2\/comments?post=46650"}],"wp:featuredmedia":[{"embeddable":true,"href":"https:\/\/arketipo.com\/de\/wp-json\/wp\/v2\/media\/32411"}],"wp:attachment":[{"href":"https:\/\/arketipo.com\/de\/wp-json\/wp\/v2\/media?parent=46650"}],"wp:term":[{"taxonomy":"product_brand","embeddable":true,"href":"https:\/\/arketipo.com\/de\/wp-json\/wp\/v2\/product_brand?post=46650"},{"taxonomy":"product_cat","embeddable":true,"href":"https:\/\/arketipo.com\/de\/wp-json\/wp\/v2\/product_cat?post=46650"},{"taxonomy":"product_tag","embeddable":true,"href":"https:\/\/arketipo.com\/de\/wp-json\/wp\/v2\/product_tag?post=46650"}],"curies":[{"name":"wp","href":"https:\/\/api.w.org\/{rel}","templated":true}]}}