{"id":46651,"date":"2023-03-14T17:25:57","date_gmt":"2023-03-14T16:25:57","guid":{"rendered":"https:\/\/arketipo.com\/prodotto\/crazy-dream\/"},"modified":"2025-07-28T14:09:34","modified_gmt":"2025-07-28T12:09:34","slug":"crazy-dream","status":"publish","type":"product","link":"https:\/\/arketipo.com\/de\/prodotto\/crazy-dream\/","title":{"rendered":"Crazy Dream"},"content":{"rendered":"<p>Das Bett Crazy Dream ist von dem Sofa Crazy Diamond inspiriert und ist mit einem verstellbaren Kopfende ausgestattet, die den h\u00f6chsten Komfort und Funktionsvielfalt erlaubt: die Kopfkissen k\u00f6nnen hinten dem Kopfende versteckt werden.<\/p>\n<p>Die weichen Falten auf den R\u00e4ndern sind dekorativ, ein neues Detail f\u00fcr ein elegantes Bett.<\/p>\n","protected":false},"excerpt":{"rendered":"<p>Das Bett Crazy Dream ist von dem Sofa Crazy Diamond inspiriert und ist mit einem verstellbaren Kopfende ausgestattet, die den h\u00f6chsten Komfort und Funktionsvielfalt erlaubt: die Kopfkissen k\u00f6nnen hinten dem Kopfende versteckt werden. Die weichen Falten auf den R\u00e4ndern sind dekorativ, ein neues Detail f\u00fcr ein elegantes Bett.<\/p>\n","protected":false},"featured_media":32492,"comment_status":"closed","ping_status":"closed","template":"","meta":[],"product_brand":[],"product_cat":[214,208],"product_tag":[],"class_list":{"0":"post-46651","1":"product","2":"type-product","3":"status-publish","4":"has-post-thumbnail","6":"product_cat-betten","7":"product_cat-indoor-de","9":"first","10":"instock","11":"product-type-simple"},"_links":{"self":[{"href":"https:\/\/arketipo.com\/de\/wp-json\/wp\/v2\/product\/46651","targetHints":{"allow":["GET"]}}],"collection":[{"href":"https:\/\/arketipo.com\/de\/wp-json\/wp\/v2\/product"}],"about":[{"href":"https:\/\/arketipo.com\/de\/wp-json\/wp\/v2\/types\/product"}],"replies":[{"embeddable":true,"href":"https:\/\/arketipo.com\/de\/wp-json\/wp\/v2\/comments?post=46651"}],"wp:featuredmedia":[{"embeddable":true,"href":"https:\/\/arketipo.com\/de\/wp-json\/wp\/v2\/media\/32492"}],"wp:attachment":[{"href":"https:\/\/arketipo.com\/de\/wp-json\/wp\/v2\/media?parent=46651"}],"wp:term":[{"taxonomy":"product_brand","embeddable":true,"href":"https:\/\/arketipo.com\/de\/wp-json\/wp\/v2\/product_brand?post=46651"},{"taxonomy":"product_cat","embeddable":true,"href":"https:\/\/arketipo.com\/de\/wp-json\/wp\/v2\/product_cat?post=46651"},{"taxonomy":"product_tag","embeddable":true,"href":"https:\/\/arketipo.com\/de\/wp-json\/wp\/v2\/product_tag?post=46651"}],"curies":[{"name":"wp","href":"https:\/\/api.w.org\/{rel}","templated":true}]}}