{"id":46652,"date":"2023-03-14T17:25:57","date_gmt":"2023-03-14T16:25:57","guid":{"rendered":"https:\/\/arketipo.com\/prodotto\/mayfair-dream\/"},"modified":"2025-07-28T14:09:35","modified_gmt":"2025-07-28T12:09:35","slug":"mayfair-dream","status":"publish","type":"product","link":"https:\/\/arketipo.com\/de\/prodotto\/mayfair-dream\/","title":{"rendered":"Mayfair Dream"},"content":{"rendered":"<p>Inspiration aus der Haute Couture: Die raffinierten Nahtdetails verleihen dem MAYFAIR DREAM Bett eine unwiderstehlich reizvolle Optik. Glamour, Eleganz und h\u00f6chstes Handwerk vereinen sich hier zu klassischer sowie moderner Inneneinrichtung mit ausgepr\u00e4gter Pers\u00f6nlichkeit.<\/p>\n<p>Die elegante, horizontal verlaufende Ziersteppung mit Daunenf\u00fcllung l\u00e4sst schon beim ersten Blick von perfekter Behaglichkeit tr\u00e4umen.<\/p>\n","protected":false},"excerpt":{"rendered":"<p>Inspiration aus der Haute Couture: Die raffinierten Nahtdetails verleihen dem MAYFAIR DREAM Bett eine unwiderstehlich reizvolle Optik. Glamour, Eleganz und h\u00f6chstes Handwerk vereinen sich hier zu klassischer sowie moderner Inneneinrichtung mit ausgepr\u00e4gter Pers\u00f6nlichkeit. Die elegante, horizontal verlaufende Ziersteppung mit Daunenf\u00fcllung l\u00e4sst schon beim ersten Blick von perfekter Behaglichkeit tr\u00e4umen.<\/p>\n","protected":false},"featured_media":32563,"comment_status":"closed","ping_status":"closed","template":"","meta":[],"product_brand":[],"product_cat":[214,208],"product_tag":[],"class_list":{"0":"post-46652","1":"product","2":"type-product","3":"status-publish","4":"has-post-thumbnail","6":"product_cat-betten","7":"product_cat-indoor-de","9":"first","10":"instock","11":"product-type-simple"},"_links":{"self":[{"href":"https:\/\/arketipo.com\/de\/wp-json\/wp\/v2\/product\/46652","targetHints":{"allow":["GET"]}}],"collection":[{"href":"https:\/\/arketipo.com\/de\/wp-json\/wp\/v2\/product"}],"about":[{"href":"https:\/\/arketipo.com\/de\/wp-json\/wp\/v2\/types\/product"}],"replies":[{"embeddable":true,"href":"https:\/\/arketipo.com\/de\/wp-json\/wp\/v2\/comments?post=46652"}],"wp:featuredmedia":[{"embeddable":true,"href":"https:\/\/arketipo.com\/de\/wp-json\/wp\/v2\/media\/32563"}],"wp:attachment":[{"href":"https:\/\/arketipo.com\/de\/wp-json\/wp\/v2\/media?parent=46652"}],"wp:term":[{"taxonomy":"product_brand","embeddable":true,"href":"https:\/\/arketipo.com\/de\/wp-json\/wp\/v2\/product_brand?post=46652"},{"taxonomy":"product_cat","embeddable":true,"href":"https:\/\/arketipo.com\/de\/wp-json\/wp\/v2\/product_cat?post=46652"},{"taxonomy":"product_tag","embeddable":true,"href":"https:\/\/arketipo.com\/de\/wp-json\/wp\/v2\/product_tag?post=46652"}],"curies":[{"name":"wp","href":"https:\/\/api.w.org\/{rel}","templated":true}]}}