{"id":46653,"date":"2023-03-14T17:25:57","date_gmt":"2023-03-14T16:25:57","guid":{"rendered":"https:\/\/arketipo.com\/prodotto\/windsor-dream\/"},"modified":"2025-07-28T14:09:36","modified_gmt":"2025-07-28T12:09:36","slug":"windsor-dream","status":"publish","type":"product","link":"https:\/\/arketipo.com\/de\/prodotto\/windsor-dream\/","title":{"rendered":"Windsor Dream"},"content":{"rendered":"<p>Das Bett Windsor-Dream, ein Design-Meisterwerk, beh\u00e4lt den klassischen Geschmack bei, ohne auf den modernem Stil zu verzichten, der die Sofas der gleichnamigen Serie charakterisieren.<\/p>\n<p>Edle Materialien, spezielle Verarbeitung &#8222;Hand Made&#8220; und die Polsterung in Capitonn\u00e9 -Technik sind eine Erinnerung an britische Eleganz, n\u00fcchtern und ausgesucht. Das Leitmotiv, bestehend aus dem typischen Knopf, der in diesen Stepp\u00dcberzug einsinkt und ein Rauten-Muster formt, pr\u00e4gt die gesamte Struktur, einschlie\u00dflich des hinteren Kopfteils.<\/p>\n<p>Sie k\u00f6nnen deshalb das Bett Windsor Dream auch in die Mitte des Raumes stellen. W\u00e4hlen Sie zwischen der luxuri\u00f6sen Samt-Version oder der kostbaren Ledervariante.<\/p>\n","protected":false},"excerpt":{"rendered":"<p>Das Bett Windsor-Dream, ein Design-Meisterwerk, beh\u00e4lt den klassischen Geschmack bei, ohne auf den modernem Stil zu verzichten, der die Sofas der gleichnamigen Serie charakterisieren. Edle Materialien, spezielle Verarbeitung &#8222;Hand Made&#8220; und die Polsterung in Capitonn\u00e9 -Technik sind eine Erinnerung an britische Eleganz, n\u00fcchtern und ausgesucht. Das Leitmotiv, bestehend aus dem typischen Knopf, der in diesen [&hellip;]<\/p>\n","protected":false},"featured_media":32624,"comment_status":"closed","ping_status":"closed","template":"","meta":[],"product_brand":[],"product_cat":[214,208],"product_tag":[],"class_list":{"0":"post-46653","1":"product","2":"type-product","3":"status-publish","4":"has-post-thumbnail","6":"product_cat-betten","7":"product_cat-indoor-de","9":"first","10":"instock","11":"product-type-simple"},"_links":{"self":[{"href":"https:\/\/arketipo.com\/de\/wp-json\/wp\/v2\/product\/46653","targetHints":{"allow":["GET"]}}],"collection":[{"href":"https:\/\/arketipo.com\/de\/wp-json\/wp\/v2\/product"}],"about":[{"href":"https:\/\/arketipo.com\/de\/wp-json\/wp\/v2\/types\/product"}],"replies":[{"embeddable":true,"href":"https:\/\/arketipo.com\/de\/wp-json\/wp\/v2\/comments?post=46653"}],"wp:featuredmedia":[{"embeddable":true,"href":"https:\/\/arketipo.com\/de\/wp-json\/wp\/v2\/media\/32624"}],"wp:attachment":[{"href":"https:\/\/arketipo.com\/de\/wp-json\/wp\/v2\/media?parent=46653"}],"wp:term":[{"taxonomy":"product_brand","embeddable":true,"href":"https:\/\/arketipo.com\/de\/wp-json\/wp\/v2\/product_brand?post=46653"},{"taxonomy":"product_cat","embeddable":true,"href":"https:\/\/arketipo.com\/de\/wp-json\/wp\/v2\/product_cat?post=46653"},{"taxonomy":"product_tag","embeddable":true,"href":"https:\/\/arketipo.com\/de\/wp-json\/wp\/v2\/product_tag?post=46653"}],"curies":[{"name":"wp","href":"https:\/\/api.w.org\/{rel}","templated":true}]}}