{"id":46654,"date":"2023-05-05T09:38:53","date_gmt":"2023-05-05T07:38:53","guid":{"rendered":"https:\/\/arketipo.com\/prodotto\/bond\/"},"modified":"2025-07-28T14:09:36","modified_gmt":"2025-07-28T12:09:36","slug":"bond","status":"publish","type":"product","link":"https:\/\/arketipo.com\/de\/prodotto\/bond\/","title":{"rendered":"Bond"},"content":{"rendered":"<p>Bond: ein Name zu Ihren Diensten.<\/p>\n<p>Wenn jemals ein Name f\u00fcr ein Bild unverbl\u00fcmter L\u00e4ssigkeit stehen k\u00f6nnte, dann Bond. Seit 60 Jahren schon verk\u00f6rpert er, was es bedeutet, gesehen zu werden und wie es sich anf\u00fchlt, wenn einem Beachtung geschenkt wird. Bond ist somit ein Ausdruck unserer Gedanken, eine Wahrnehmung dessen, wonach wir in uns selbst suchen, wenn wir das sein k\u00f6nnten, das wir fraglos sein wollten.<\/p>\n<p>Wie sein Name m\u00f6chte unser Sessel, dass Sie in ihm auffallen. An alles wurde gedacht: von elegantem Material bis hin zu starken m\u00e4nnlichen Linien, und nichts dem Zufall \u00fcberlassen.<br \/>\nWie w\u00fcrde der Bond in Ihr Leben passen? Ein Buch, etwas Jazz und ein Negroni \u2013 warum denn nicht?<\/p>\n","protected":false},"excerpt":{"rendered":"<p>Bond: ein Name zu Ihren Diensten. Wenn jemals ein Name f\u00fcr ein Bild unverbl\u00fcmter L\u00e4ssigkeit stehen k\u00f6nnte, dann Bond. Seit 60 Jahren schon verk\u00f6rpert er, was es bedeutet, gesehen zu werden und wie es sich anf\u00fchlt, wenn einem Beachtung geschenkt wird. Bond ist somit ein Ausdruck unserer Gedanken, eine Wahrnehmung dessen, wonach wir in uns [&hellip;]<\/p>\n","protected":false},"featured_media":39484,"comment_status":"closed","ping_status":"closed","template":"","meta":[],"product_brand":[],"product_cat":[208,226,222],"product_tag":[],"class_list":{"0":"post-46654","1":"product","2":"type-product","3":"status-publish","4":"has-post-thumbnail","6":"product_cat-indoor-de","7":"product_cat-ohne-kategorie","8":"product_cat-sessel","10":"first","11":"instock","12":"product-type-simple"},"_links":{"self":[{"href":"https:\/\/arketipo.com\/de\/wp-json\/wp\/v2\/product\/46654","targetHints":{"allow":["GET"]}}],"collection":[{"href":"https:\/\/arketipo.com\/de\/wp-json\/wp\/v2\/product"}],"about":[{"href":"https:\/\/arketipo.com\/de\/wp-json\/wp\/v2\/types\/product"}],"replies":[{"embeddable":true,"href":"https:\/\/arketipo.com\/de\/wp-json\/wp\/v2\/comments?post=46654"}],"wp:featuredmedia":[{"embeddable":true,"href":"https:\/\/arketipo.com\/de\/wp-json\/wp\/v2\/media\/39484"}],"wp:attachment":[{"href":"https:\/\/arketipo.com\/de\/wp-json\/wp\/v2\/media?parent=46654"}],"wp:term":[{"taxonomy":"product_brand","embeddable":true,"href":"https:\/\/arketipo.com\/de\/wp-json\/wp\/v2\/product_brand?post=46654"},{"taxonomy":"product_cat","embeddable":true,"href":"https:\/\/arketipo.com\/de\/wp-json\/wp\/v2\/product_cat?post=46654"},{"taxonomy":"product_tag","embeddable":true,"href":"https:\/\/arketipo.com\/de\/wp-json\/wp\/v2\/product_tag?post=46654"}],"curies":[{"name":"wp","href":"https:\/\/api.w.org\/{rel}","templated":true}]}}