{"id":46657,"date":"2023-03-14T17:26:23","date_gmt":"2023-03-14T16:26:23","guid":{"rendered":"https:\/\/arketipo.com\/prodotto\/nascar\/"},"modified":"2025-07-28T14:09:39","modified_gmt":"2025-07-28T12:09:39","slug":"nascar","status":"publish","type":"product","link":"https:\/\/arketipo.com\/de\/prodotto\/nascar\/","title":{"rendered":"Nascar"},"content":{"rendered":"<p>Betrachten wir einmal gemeinsam das Grundprinzip eines Stuhls: Ein Stuhl muss bequem sein, Unterst\u00fctzung bieten, Stil und Charakter haben, der sowohl einzigartig ist und selbst durch etwas Gr\u00f6\u00dferes inspiriert wurde&#8230; darum geht es beim Nascar.<\/p>\n<p>Ein Blick auf die R\u00fcckenlehne und Sie k\u00f6nnen dem Verlangen, sich sofort zu setzen, nur schwer widerstehen. Wie sieht es mit den geschwungenen Linien, Armen und dem Gef\u00fchl der Vertrautheit im Sitzen aus? Und haben Sie die Beine bemerkt, die einen eigenen Designstil verfolgen, der die \u00e4sthetischen Eigenschaften des Stuhls fortf\u00fchrt? Alles ist mit dem Ziel der Zweckm\u00e4\u00dfigkeit geschaffen. Das zentrale Thema des Nascar ist es, das Grundprinzip des Stuhls zu \u00fcbernehmen und etwas v\u00f6llig Neues in den Wohnraum zu bringen.<\/p>\n","protected":false},"excerpt":{"rendered":"<p>Betrachten wir einmal gemeinsam das Grundprinzip eines Stuhls: Ein Stuhl muss bequem sein, Unterst\u00fctzung bieten, Stil und Charakter haben, der sowohl einzigartig ist und selbst durch etwas Gr\u00f6\u00dferes inspiriert wurde&#8230; darum geht es beim Nascar. Ein Blick auf die R\u00fcckenlehne und Sie k\u00f6nnen dem Verlangen, sich sofort zu setzen, nur schwer widerstehen. Wie sieht es [&hellip;]<\/p>\n","protected":false},"featured_media":35825,"comment_status":"closed","ping_status":"closed","template":"","meta":[],"product_brand":[],"product_cat":[208,222],"product_tag":[],"class_list":{"0":"post-46657","1":"product","2":"type-product","3":"status-publish","4":"has-post-thumbnail","6":"product_cat-indoor-de","7":"product_cat-sessel","9":"first","10":"instock","11":"product-type-simple"},"_links":{"self":[{"href":"https:\/\/arketipo.com\/de\/wp-json\/wp\/v2\/product\/46657","targetHints":{"allow":["GET"]}}],"collection":[{"href":"https:\/\/arketipo.com\/de\/wp-json\/wp\/v2\/product"}],"about":[{"href":"https:\/\/arketipo.com\/de\/wp-json\/wp\/v2\/types\/product"}],"replies":[{"embeddable":true,"href":"https:\/\/arketipo.com\/de\/wp-json\/wp\/v2\/comments?post=46657"}],"wp:featuredmedia":[{"embeddable":true,"href":"https:\/\/arketipo.com\/de\/wp-json\/wp\/v2\/media\/35825"}],"wp:attachment":[{"href":"https:\/\/arketipo.com\/de\/wp-json\/wp\/v2\/media?parent=46657"}],"wp:term":[{"taxonomy":"product_brand","embeddable":true,"href":"https:\/\/arketipo.com\/de\/wp-json\/wp\/v2\/product_brand?post=46657"},{"taxonomy":"product_cat","embeddable":true,"href":"https:\/\/arketipo.com\/de\/wp-json\/wp\/v2\/product_cat?post=46657"},{"taxonomy":"product_tag","embeddable":true,"href":"https:\/\/arketipo.com\/de\/wp-json\/wp\/v2\/product_tag?post=46657"}],"curies":[{"name":"wp","href":"https:\/\/api.w.org\/{rel}","templated":true}]}}