{"id":46659,"date":"2023-04-04T15:49:08","date_gmt":"2023-04-04T13:49:08","guid":{"rendered":"https:\/\/arketipo.com\/prodotto\/punta-ala\/"},"modified":"2025-07-28T14:09:40","modified_gmt":"2025-07-28T12:09:40","slug":"punta-ala","status":"publish","type":"product","link":"https:\/\/arketipo.com\/de\/prodotto\/punta-ala\/","title":{"rendered":"Punta Ala"},"content":{"rendered":"<p>Das Sofa Punta Ala mit seinen umh\u00fcllenden und strengen Geometrien hat eine essentielle Metallstruktur, die einen gleichzeitig soliden und leichten Korb bildet, welcher die weichen, st\u00fctzenden Teile enth\u00e4lt und ein angenehmes Gef\u00fchl der Entspannung vermittelt.<\/p>\n<p>Punta Ala stellt einen Dialog zwischen dem Kontrast der straffen, r\u00f6hrenf\u00f6rmigen Linien des St\u00fctzk\u00f6rpers zum weichen, elementaren Volumen her, wobei ein Lexikon der kompositorischen Reinheit verwendet wird, das zu einem Sofa mit einer luftigen, leichten Form f\u00fchrt. \u00c4sthetisches Leitmotiv sind die Riemen mit ihrem ansprechenden, aufwendigen Kett- und Schussdesign.<\/p>\n<p>Die Riemen, die aus einem einzigen Band stammen, gehen in der R\u00fcckenlehne weiter und bilden in einer nahtlosen Bewegung ein Spiralgeflecht, das ein dynamisches und besonders markantes Zick-Zack-Muster erzeugt. Man hat das Gef\u00fchl von Leichtigkeit und Frische, wie eine Meeresbrise, die einen umschmeichelt und belebt. Die originellen Zeichen mit ihrer unbestreitbaren Identit\u00e4t und die Kombination aus Entspannung und \u00e4sthetischem Genuss, die sich auf den ersten Blick erschlie\u00dft, machen Punta Ala zu einem Sofa, mit dem man sich sofort vertraut machen kann: eine Designl\u00f6sung, die den Wunsch bekr\u00e4ftigt, Modelle mit ausgepr\u00e4gter Sensibilit\u00e4t zu schaffen, diskrete Protagonisten von nat\u00fcrlicher Eleganz.<\/p>\n<p>Es ist m\u00f6glich, eine Reihe von Satellitenelementen autonom in die Struktur zu integrieren: minimale Auskragungen, kleine Vorspr\u00fcnge wie Platten aus Massivholz mit kompositorischer Originalit\u00e4t, wie rhythmische Zeichensetzungen f\u00fcr die Notwendigkeit der Ablagen am gesamten hinteren und seitlichen Umfang des Sofas.<\/p>\n","protected":false},"excerpt":{"rendered":"<p>Das Sofa Punta Ala mit seinen umh\u00fcllenden und strengen Geometrien hat eine essentielle Metallstruktur, die einen gleichzeitig soliden und leichten Korb bildet, welcher die weichen, st\u00fctzenden Teile enth\u00e4lt und ein angenehmes Gef\u00fchl der Entspannung vermittelt. Punta Ala stellt einen Dialog zwischen dem Kontrast der straffen, r\u00f6hrenf\u00f6rmigen Linien des St\u00fctzk\u00f6rpers zum weichen, elementaren Volumen her, wobei [&hellip;]<\/p>\n","protected":false},"featured_media":36824,"comment_status":"closed","ping_status":"closed","template":"","meta":[],"product_brand":[],"product_cat":[218,204],"product_tag":[],"class_list":{"0":"post-46659","1":"product","2":"type-product","3":"status-publish","4":"has-post-thumbnail","6":"product_cat-outdoor-de","7":"product_cat-sofas-de","9":"first","10":"instock","11":"product-type-simple"},"_links":{"self":[{"href":"https:\/\/arketipo.com\/de\/wp-json\/wp\/v2\/product\/46659","targetHints":{"allow":["GET"]}}],"collection":[{"href":"https:\/\/arketipo.com\/de\/wp-json\/wp\/v2\/product"}],"about":[{"href":"https:\/\/arketipo.com\/de\/wp-json\/wp\/v2\/types\/product"}],"replies":[{"embeddable":true,"href":"https:\/\/arketipo.com\/de\/wp-json\/wp\/v2\/comments?post=46659"}],"wp:featuredmedia":[{"embeddable":true,"href":"https:\/\/arketipo.com\/de\/wp-json\/wp\/v2\/media\/36824"}],"wp:attachment":[{"href":"https:\/\/arketipo.com\/de\/wp-json\/wp\/v2\/media?parent=46659"}],"wp:term":[{"taxonomy":"product_brand","embeddable":true,"href":"https:\/\/arketipo.com\/de\/wp-json\/wp\/v2\/product_brand?post=46659"},{"taxonomy":"product_cat","embeddable":true,"href":"https:\/\/arketipo.com\/de\/wp-json\/wp\/v2\/product_cat?post=46659"},{"taxonomy":"product_tag","embeddable":true,"href":"https:\/\/arketipo.com\/de\/wp-json\/wp\/v2\/product_tag?post=46659"}],"curies":[{"name":"wp","href":"https:\/\/api.w.org\/{rel}","templated":true}]}}