{"id":46660,"date":"2023-03-14T17:26:03","date_gmt":"2023-03-14T16:26:03","guid":{"rendered":"https:\/\/arketipo.com\/prodotto\/santos\/"},"modified":"2025-07-28T14:09:42","modified_gmt":"2025-07-28T12:09:42","slug":"santos","status":"publish","type":"product","link":"https:\/\/arketipo.com\/de\/prodotto\/santos\/","title":{"rendered":"Santos"},"content":{"rendered":"<p>Den Innenraum nach drau\u00dfen zu bringen, ist immer mit Kompromissen verbunden.<\/p>\n<p>F\u00fcr viele ist das Design dem Komfort untergeordnet, f\u00fcr andere ist es anders herum. F\u00fcr Gino Carollo waren Kompromisse noch nie eine Option. Das \u00c4u\u00dfere sollte immer das gleiche Ma\u00df an Stil und Komfort haben wie das, was wir f\u00fcr das Innere erschaffen. In Anlehnung an die Natur verwendet Santos starke geometrische Linien, die sich ineinander verflechten und \u00fcberschneiden, um eine dynamische Form zu schaffen.<\/p>\n<p>Mit Verwendung langlebiger Materialien, die behandelt wurden, damit sie das ganze Jahr \u00fcber gesch\u00fctzt sind, wird die Funktionalit\u00e4t in den Vordergrund gestellt, ohne jedoch das Design zu vernachl\u00e4ssigen, das Innen- und Au\u00dfenbereich vereint. Ein Blick auf das Design verleitet zu der falschen Annahme, dass dieses M\u00f6belst\u00fcck f\u00fcr alle Innenr\u00e4ume konzipiert wurde. Und genau darum geht es. Warum sollte der Au\u00dfenbereich weniger angenehm sein, wenn er in Wahrheit genau das Gegenteil ist?<\/p>\n","protected":false},"excerpt":{"rendered":"<p>Den Innenraum nach drau\u00dfen zu bringen, ist immer mit Kompromissen verbunden. F\u00fcr viele ist das Design dem Komfort untergeordnet, f\u00fcr andere ist es anders herum. F\u00fcr Gino Carollo waren Kompromisse noch nie eine Option. Das \u00c4u\u00dfere sollte immer das gleiche Ma\u00df an Stil und Komfort haben wie das, was wir f\u00fcr das Innere erschaffen. In [&hellip;]<\/p>\n","protected":false},"featured_media":33498,"comment_status":"closed","ping_status":"closed","template":"","meta":[],"product_brand":[],"product_cat":[218,204],"product_tag":[],"class_list":{"0":"post-46660","1":"product","2":"type-product","3":"status-publish","4":"has-post-thumbnail","6":"product_cat-outdoor-de","7":"product_cat-sofas-de","9":"first","10":"instock","11":"product-type-simple"},"_links":{"self":[{"href":"https:\/\/arketipo.com\/de\/wp-json\/wp\/v2\/product\/46660","targetHints":{"allow":["GET"]}}],"collection":[{"href":"https:\/\/arketipo.com\/de\/wp-json\/wp\/v2\/product"}],"about":[{"href":"https:\/\/arketipo.com\/de\/wp-json\/wp\/v2\/types\/product"}],"replies":[{"embeddable":true,"href":"https:\/\/arketipo.com\/de\/wp-json\/wp\/v2\/comments?post=46660"}],"wp:featuredmedia":[{"embeddable":true,"href":"https:\/\/arketipo.com\/de\/wp-json\/wp\/v2\/media\/33498"}],"wp:attachment":[{"href":"https:\/\/arketipo.com\/de\/wp-json\/wp\/v2\/media?parent=46660"}],"wp:term":[{"taxonomy":"product_brand","embeddable":true,"href":"https:\/\/arketipo.com\/de\/wp-json\/wp\/v2\/product_brand?post=46660"},{"taxonomy":"product_cat","embeddable":true,"href":"https:\/\/arketipo.com\/de\/wp-json\/wp\/v2\/product_cat?post=46660"},{"taxonomy":"product_tag","embeddable":true,"href":"https:\/\/arketipo.com\/de\/wp-json\/wp\/v2\/product_tag?post=46660"}],"curies":[{"name":"wp","href":"https:\/\/api.w.org\/{rel}","templated":true}]}}