{"id":46661,"date":"2023-03-14T17:25:59","date_gmt":"2023-03-14T16:25:59","guid":{"rendered":"https:\/\/arketipo.com\/prodotto\/talamone\/"},"modified":"2025-07-28T14:09:43","modified_gmt":"2025-07-28T12:09:43","slug":"talamone","status":"publish","type":"product","link":"https:\/\/arketipo.com\/de\/prodotto\/talamone\/","title":{"rendered":"Talamone"},"content":{"rendered":"<p>Polygonale Formen und unregelm\u00e4\u00dfige Kreise werden aus gegens\u00e4tzlichen Elementen durch abstrakte, dynamische und elegante Grafiken erzeugt.<\/p>\n<p>Die kleinen Tische aus Massivholz bestehen aus straffen Linien und erscheinen als Schatten und Ausschnitte von Platten in zwei Ausf\u00fchrungen: eine aus Cortenstahl und die andere emailliert, die sich gegenseitig \u00fcberschneiden und das ausdrucksstarke Lexikon von Talamone erzeugen. Eine pers\u00f6nliche, idealisierte Interpretation der mediterranen Sonne im Dialog mit rhythmischen orientalischen Schattierungen, in einer Schichtung von Zeichen und Farbakzenten, typisch f\u00fcr die multikulturelle Sprache unserer Zeit.<\/p>\n<p>Die unregelm\u00e4\u00dfigen Konturen der Oberteile erinnern an eine moderne, urspr\u00fcngliche Handwerkskunst des Komponierens.<\/p>\n","protected":false},"excerpt":{"rendered":"<p>Polygonale Formen und unregelm\u00e4\u00dfige Kreise werden aus gegens\u00e4tzlichen Elementen durch abstrakte, dynamische und elegante Grafiken erzeugt. Die kleinen Tische aus Massivholz bestehen aus straffen Linien und erscheinen als Schatten und Ausschnitte von Platten in zwei Ausf\u00fchrungen: eine aus Cortenstahl und die andere emailliert, die sich gegenseitig \u00fcberschneiden und das ausdrucksstarke Lexikon von Talamone erzeugen. Eine [&hellip;]<\/p>\n","protected":false},"featured_media":16071,"comment_status":"closed","ping_status":"closed","template":"","meta":[],"product_brand":[],"product_cat":[231,218],"product_tag":[],"class_list":{"0":"post-46661","1":"product","2":"type-product","3":"status-publish","4":"has-post-thumbnail","6":"product_cat-couchtische","7":"product_cat-outdoor-de","9":"first","10":"instock","11":"product-type-simple"},"_links":{"self":[{"href":"https:\/\/arketipo.com\/de\/wp-json\/wp\/v2\/product\/46661","targetHints":{"allow":["GET"]}}],"collection":[{"href":"https:\/\/arketipo.com\/de\/wp-json\/wp\/v2\/product"}],"about":[{"href":"https:\/\/arketipo.com\/de\/wp-json\/wp\/v2\/types\/product"}],"replies":[{"embeddable":true,"href":"https:\/\/arketipo.com\/de\/wp-json\/wp\/v2\/comments?post=46661"}],"wp:featuredmedia":[{"embeddable":true,"href":"https:\/\/arketipo.com\/de\/wp-json\/wp\/v2\/media\/16071"}],"wp:attachment":[{"href":"https:\/\/arketipo.com\/de\/wp-json\/wp\/v2\/media?parent=46661"}],"wp:term":[{"taxonomy":"product_brand","embeddable":true,"href":"https:\/\/arketipo.com\/de\/wp-json\/wp\/v2\/product_brand?post=46661"},{"taxonomy":"product_cat","embeddable":true,"href":"https:\/\/arketipo.com\/de\/wp-json\/wp\/v2\/product_cat?post=46661"},{"taxonomy":"product_tag","embeddable":true,"href":"https:\/\/arketipo.com\/de\/wp-json\/wp\/v2\/product_tag?post=46661"}],"curies":[{"name":"wp","href":"https:\/\/api.w.org\/{rel}","templated":true}]}}