{"id":46662,"date":"2023-03-14T17:25:48","date_gmt":"2023-03-14T16:25:48","guid":{"rendered":"https:\/\/arketipo.com\/prodotto\/atlas\/"},"modified":"2025-07-28T14:09:44","modified_gmt":"2025-07-28T12:09:44","slug":"atlas","status":"publish","type":"product","link":"https:\/\/arketipo.com\/de\/prodotto\/atlas\/","title":{"rendered":"Atlas"},"content":{"rendered":"<p>Stilistische und \u00e4sthetische Inspirationen f\u00fcr das Sofa Atlas.<\/p>\n<p>Ein Design mit einer interplanetarischen Kraft, in der die Vielfalt zu einer Bereicherung des Produktes wird. Unterschiedliche Volumen und Formen treffen sich in einem eingebildeten Raum und bauen einen Schauplatz auf, wo d\u00fcnne und breite, niedrige und h\u00f6he Armlehnen, R\u00fcckenkissen, Eckelemente, Chaiselongue, mittlere Elemente und Zubeh\u00f6re als Figuranten spielen.<\/p>\n<p>Das Resultat ist ein architektonisches Bild immer unterschiedlich, mit einer weltoffenen Sprache. Atlas dr\u00fcckt Freiheit ohne Kompromiss aus.<\/p>\n","protected":false},"excerpt":{"rendered":"<p>Stilistische und \u00e4sthetische Inspirationen f\u00fcr das Sofa Atlas. Ein Design mit einer interplanetarischen Kraft, in der die Vielfalt zu einer Bereicherung des Produktes wird. Unterschiedliche Volumen und Formen treffen sich in einem eingebildeten Raum und bauen einen Schauplatz auf, wo d\u00fcnne und breite, niedrige und h\u00f6he Armlehnen, R\u00fcckenkissen, Eckelemente, Chaiselongue, mittlere Elemente und Zubeh\u00f6re als [&hellip;]<\/p>\n","protected":false},"featured_media":30995,"comment_status":"closed","ping_status":"closed","template":"","meta":[],"product_brand":[],"product_cat":[208,226,204],"product_tag":[],"class_list":{"0":"post-46662","1":"product","2":"type-product","3":"status-publish","4":"has-post-thumbnail","6":"product_cat-indoor-de","7":"product_cat-ohne-kategorie","8":"product_cat-sofas-de","10":"first","11":"instock","12":"product-type-simple"},"_links":{"self":[{"href":"https:\/\/arketipo.com\/de\/wp-json\/wp\/v2\/product\/46662","targetHints":{"allow":["GET"]}}],"collection":[{"href":"https:\/\/arketipo.com\/de\/wp-json\/wp\/v2\/product"}],"about":[{"href":"https:\/\/arketipo.com\/de\/wp-json\/wp\/v2\/types\/product"}],"replies":[{"embeddable":true,"href":"https:\/\/arketipo.com\/de\/wp-json\/wp\/v2\/comments?post=46662"}],"wp:featuredmedia":[{"embeddable":true,"href":"https:\/\/arketipo.com\/de\/wp-json\/wp\/v2\/media\/30995"}],"wp:attachment":[{"href":"https:\/\/arketipo.com\/de\/wp-json\/wp\/v2\/media?parent=46662"}],"wp:term":[{"taxonomy":"product_brand","embeddable":true,"href":"https:\/\/arketipo.com\/de\/wp-json\/wp\/v2\/product_brand?post=46662"},{"taxonomy":"product_cat","embeddable":true,"href":"https:\/\/arketipo.com\/de\/wp-json\/wp\/v2\/product_cat?post=46662"},{"taxonomy":"product_tag","embeddable":true,"href":"https:\/\/arketipo.com\/de\/wp-json\/wp\/v2\/product_tag?post=46662"}],"curies":[{"name":"wp","href":"https:\/\/api.w.org\/{rel}","templated":true}]}}