{"id":46663,"date":"2023-03-14T17:25:49","date_gmt":"2023-03-14T16:25:49","guid":{"rendered":"https:\/\/arketipo.com\/prodotto\/auto-reverse\/"},"modified":"2025-07-28T14:09:46","modified_gmt":"2025-07-28T12:09:46","slug":"auto-reverse","status":"publish","type":"product","link":"https:\/\/arketipo.com\/de\/prodotto\/auto-reverse\/","title":{"rendered":"Auto-Reverse"},"content":{"rendered":"<p>Das Sofa Auto-Reverse von Arketipo Florenz, vielseitig und mit starker Pers\u00f6nlichkeit, entsteht aus der Idee, im Wohnbereich ein doppeltes Wesen zum Ausdruck zu bringen.<\/p>\n<p>Sein scheinbar unaufger\u00e4umtes Aussehen wendet sich gegen Ordnung und \u00fcbertriebene Pflege des Details, um sich als stilsicheres, bestimmtes Objekt von hoher Qualit\u00e4t zu behaupten. Die feine, elegante und diskrete Struktur umgibt und umfasst die Sitzpolster, die R\u00fcckenlehne und die Armlehnen, die von einrahmenden R\u00fcschen hervorgehoben werden und seiner Linie eine klar definierte Bewegung und eine au\u00dferordentliche Geschmeidigkeit verleihen, die man f\u00fchlen und sehen kann. Der relevante Rei\u00dfverschluss, der auf allen vier Seiten der Kissen angebracht ist, um die beiden \u00dcberz\u00fcge zu vereinen, fl\u00f6\u00dft Strenge ein und unterstreicht das besondere Design.<\/p>\n<p>\u00dcber eine Million von kreativen Kombinationen sind m\u00f6glich, durch das Mischen der verschiedenen Farben von Rei\u00dfverschl\u00fcssen, Stoffen und Leder aus dem reichen Angebot von Arketipo, um verschiedene Farbnu ncen und raffinierte Verbindungen zum Leben zu erwecken. Erh\u00e4ltlich auch in der modularen Version, ist Auto-Reverse ein Sofa, das das Ihrem Geschmack oder der Umgebung, in der es eingef\u00fcgt wird, angepasst werden kann.<\/p>\n<p>Im selben Produkt und im gleichen Raum k\u00f6nnen die Fei heit, die W\u00e4rme der Stoffe und die Eleganz des Leders nebeneinander existieren. Die Struktur wird von minimalen Beinen aus Metall mit quadrat scher Sektion vom Boden abgehoben.<\/p>\n","protected":false},"excerpt":{"rendered":"<p>Das Sofa Auto-Reverse von Arketipo Florenz, vielseitig und mit starker Pers\u00f6nlichkeit, entsteht aus der Idee, im Wohnbereich ein doppeltes Wesen zum Ausdruck zu bringen. Sein scheinbar unaufger\u00e4umtes Aussehen wendet sich gegen Ordnung und \u00fcbertriebene Pflege des Details, um sich als stilsicheres, bestimmtes Objekt von hoher Qualit\u00e4t zu behaupten. Die feine, elegante und diskrete Struktur umgibt [&hellip;]<\/p>\n","protected":false},"featured_media":31146,"comment_status":"closed","ping_status":"closed","template":"","meta":[],"product_brand":[],"product_cat":[208,226,204],"product_tag":[],"class_list":{"0":"post-46663","1":"product","2":"type-product","3":"status-publish","4":"has-post-thumbnail","6":"product_cat-indoor-de","7":"product_cat-ohne-kategorie","8":"product_cat-sofas-de","10":"first","11":"instock","12":"product-type-simple"},"_links":{"self":[{"href":"https:\/\/arketipo.com\/de\/wp-json\/wp\/v2\/product\/46663","targetHints":{"allow":["GET"]}}],"collection":[{"href":"https:\/\/arketipo.com\/de\/wp-json\/wp\/v2\/product"}],"about":[{"href":"https:\/\/arketipo.com\/de\/wp-json\/wp\/v2\/types\/product"}],"replies":[{"embeddable":true,"href":"https:\/\/arketipo.com\/de\/wp-json\/wp\/v2\/comments?post=46663"}],"wp:featuredmedia":[{"embeddable":true,"href":"https:\/\/arketipo.com\/de\/wp-json\/wp\/v2\/media\/31146"}],"wp:attachment":[{"href":"https:\/\/arketipo.com\/de\/wp-json\/wp\/v2\/media?parent=46663"}],"wp:term":[{"taxonomy":"product_brand","embeddable":true,"href":"https:\/\/arketipo.com\/de\/wp-json\/wp\/v2\/product_brand?post=46663"},{"taxonomy":"product_cat","embeddable":true,"href":"https:\/\/arketipo.com\/de\/wp-json\/wp\/v2\/product_cat?post=46663"},{"taxonomy":"product_tag","embeddable":true,"href":"https:\/\/arketipo.com\/de\/wp-json\/wp\/v2\/product_tag?post=46663"}],"curies":[{"name":"wp","href":"https:\/\/api.w.org\/{rel}","templated":true}]}}