{"id":46664,"date":"2023-03-14T17:25:54","date_gmt":"2023-03-14T16:25:54","guid":{"rendered":"https:\/\/arketipo.com\/prodotto\/17575\/"},"modified":"2025-07-28T14:09:52","modified_gmt":"2025-07-28T12:09:52","slug":"back-pack","status":"publish","type":"product","link":"https:\/\/arketipo.com\/de\/prodotto\/back-pack\/","title":{"rendered":"Back Pack"},"content":{"rendered":"<p>Ohne unsere Rucks\u00e4cke w\u00e4ren wir doch verloren, oder? Sie transportieren unser Leben durch die Gegenst\u00e4nde, die wir lieben, und erinnern uns an die Schulzeit, als das Leben noch viel einfacher schien.<\/p>\n<p>Wenn wir \u00e4lter werden, begleiten sie uns auf unseren Reisen und bei neuen Abenteuern, daher ist unsere Liebe zu Rucks\u00e4cken aus vielen Gr\u00fcnden universell. Diese Erinnerungen und all die (materiellen und metaphorischen) Dinge, die wir in unseren Rucks\u00e4cken verstaut hatten, brachten uns auf den Gedanken: warum nicht ein Design auf diesen Ideen aufbauen? Wir haben ein Sofa geschaffen, das nicht nur funktional ist, sondern auch zum stundenlangen Sitzen und Ausruhen einl\u00e4dt.<\/p>\n<p>Back Pack bringt die Idee dessen, was wir aus so vielen Gr\u00fcnden f\u00fcr bequem halten, in einen v\u00f6llig neuen Kontext.<\/p>\n<p>Weiche Kissen, feine Holzteile, modulare Konzepte und ein Hauch von Leichtigkeit vervollst\u00e4ndigen dieses sch\u00f6ne Design.<\/p>\n","protected":false},"excerpt":{"rendered":"<p>Ohne unsere Rucks\u00e4cke w\u00e4ren wir doch verloren, oder? Sie transportieren unser Leben durch die Gegenst\u00e4nde, die wir lieben, und erinnern uns an die Schulzeit, als das Leben noch viel einfacher schien. Wenn wir \u00e4lter werden, begleiten sie uns auf unseren Reisen und bei neuen Abenteuern, daher ist unsere Liebe zu Rucks\u00e4cken aus vielen Gr\u00fcnden universell. [&hellip;]<\/p>\n","protected":false},"featured_media":23669,"comment_status":"closed","ping_status":"closed","template":"","meta":[],"product_brand":[],"product_cat":[208,226,204],"product_tag":[],"class_list":{"0":"post-46664","1":"product","2":"type-product","3":"status-publish","4":"has-post-thumbnail","6":"product_cat-indoor-de","7":"product_cat-ohne-kategorie","8":"product_cat-sofas-de","10":"first","11":"instock","12":"product-type-simple"},"_links":{"self":[{"href":"https:\/\/arketipo.com\/de\/wp-json\/wp\/v2\/product\/46664","targetHints":{"allow":["GET"]}}],"collection":[{"href":"https:\/\/arketipo.com\/de\/wp-json\/wp\/v2\/product"}],"about":[{"href":"https:\/\/arketipo.com\/de\/wp-json\/wp\/v2\/types\/product"}],"replies":[{"embeddable":true,"href":"https:\/\/arketipo.com\/de\/wp-json\/wp\/v2\/comments?post=46664"}],"wp:featuredmedia":[{"embeddable":true,"href":"https:\/\/arketipo.com\/de\/wp-json\/wp\/v2\/media\/23669"}],"wp:attachment":[{"href":"https:\/\/arketipo.com\/de\/wp-json\/wp\/v2\/media?parent=46664"}],"wp:term":[{"taxonomy":"product_brand","embeddable":true,"href":"https:\/\/arketipo.com\/de\/wp-json\/wp\/v2\/product_brand?post=46664"},{"taxonomy":"product_cat","embeddable":true,"href":"https:\/\/arketipo.com\/de\/wp-json\/wp\/v2\/product_cat?post=46664"},{"taxonomy":"product_tag","embeddable":true,"href":"https:\/\/arketipo.com\/de\/wp-json\/wp\/v2\/product_tag?post=46664"}],"curies":[{"name":"wp","href":"https:\/\/api.w.org\/{rel}","templated":true}]}}