{"id":46665,"date":"2023-03-14T17:25:49","date_gmt":"2023-03-14T16:25:49","guid":{"rendered":"https:\/\/arketipo.com\/prodotto\/brown-sugar\/"},"modified":"2025-07-28T14:09:53","modified_gmt":"2025-07-28T12:09:53","slug":"brown-sugar","status":"publish","type":"product","link":"https:\/\/arketipo.com\/de\/prodotto\/brown-sugar\/","title":{"rendered":"Brown Sugar"},"content":{"rendered":"<p>Sein ausdrucksstarker Designcharakter und die angenehme Formgebung hauchen dem schlichten, klaren, grafischen Konzept Leben ein. Die Liebe zum Detail sorgt f\u00fcr eine ansprechende und einzigartige Optik &#8211; Doppeln\u00e4hte unterstreichen die Wertigkeit der verschiedenen Elemente<br \/>\nund betonen ihre Form.<\/p>\n<p>Dieses Modell zeichnet sich au\u00dferdem durch seine weichen Blockarmlehnen aus, die sich seitlich ausfahren lassen.<\/p>\n<p>Die Armlehnen sind verschieden kombinierbar. In der Ausf\u00fchrung niedrig\/breit\/schmal ist die R\u00fcckenlehne in die Sitzfl\u00e4che integriert.<\/p>\n","protected":false},"excerpt":{"rendered":"<p>Sein ausdrucksstarker Designcharakter und die angenehme Formgebung hauchen dem schlichten, klaren, grafischen Konzept Leben ein. Die Liebe zum Detail sorgt f\u00fcr eine ansprechende und einzigartige Optik &#8211; Doppeln\u00e4hte unterstreichen die Wertigkeit der verschiedenen Elemente und betonen ihre Form. Dieses Modell zeichnet sich au\u00dferdem durch seine weichen Blockarmlehnen aus, die sich seitlich ausfahren lassen. Die Armlehnen [&hellip;]<\/p>\n","protected":false},"featured_media":31332,"comment_status":"closed","ping_status":"closed","template":"","meta":[],"product_brand":[],"product_cat":[208,226,204],"product_tag":[],"class_list":{"0":"post-46665","1":"product","2":"type-product","3":"status-publish","4":"has-post-thumbnail","6":"product_cat-indoor-de","7":"product_cat-ohne-kategorie","8":"product_cat-sofas-de","10":"first","11":"instock","12":"product-type-simple"},"_links":{"self":[{"href":"https:\/\/arketipo.com\/de\/wp-json\/wp\/v2\/product\/46665","targetHints":{"allow":["GET"]}}],"collection":[{"href":"https:\/\/arketipo.com\/de\/wp-json\/wp\/v2\/product"}],"about":[{"href":"https:\/\/arketipo.com\/de\/wp-json\/wp\/v2\/types\/product"}],"replies":[{"embeddable":true,"href":"https:\/\/arketipo.com\/de\/wp-json\/wp\/v2\/comments?post=46665"}],"wp:featuredmedia":[{"embeddable":true,"href":"https:\/\/arketipo.com\/de\/wp-json\/wp\/v2\/media\/31332"}],"wp:attachment":[{"href":"https:\/\/arketipo.com\/de\/wp-json\/wp\/v2\/media?parent=46665"}],"wp:term":[{"taxonomy":"product_brand","embeddable":true,"href":"https:\/\/arketipo.com\/de\/wp-json\/wp\/v2\/product_brand?post=46665"},{"taxonomy":"product_cat","embeddable":true,"href":"https:\/\/arketipo.com\/de\/wp-json\/wp\/v2\/product_cat?post=46665"},{"taxonomy":"product_tag","embeddable":true,"href":"https:\/\/arketipo.com\/de\/wp-json\/wp\/v2\/product_tag?post=46665"}],"curies":[{"name":"wp","href":"https:\/\/api.w.org\/{rel}","templated":true}]}}