{"id":46666,"date":"2023-05-05T09:33:11","date_gmt":"2023-05-05T07:33:11","guid":{"rendered":"https:\/\/arketipo.com\/prodotto\/close-to-me\/"},"modified":"2025-07-28T14:09:54","modified_gmt":"2025-07-28T12:09:54","slug":"close-to-me","status":"publish","type":"product","link":"https:\/\/arketipo.com\/de\/prodotto\/close-to-me\/","title":{"rendered":"Close To Me"},"content":{"rendered":"<p>Hier ist Selbstfindung das Ziel. Was ist es, das uns ausmacht? Der Song fordert uns auf, uns einen Augenblick Zeit zu nehmen. Unser Sofa ebenfalls. Der Song fordert uns auf, Vertrauen zu haben. Unser Sofa ebenfalls. Die Armlehnen in zwei Gr\u00f6\u00dfen, die R\u00fcckenlehne in zwei unterschiedlichen H\u00f6hen und sogar der halbrunde Sockel sind hypnotisch. Doch der gepolsterte Riemen um das Sofa fordert uns alle auf, etwas anzunehmen und festzuhalten. Was immer das ist \u2013 es geht letztlich um das Individuum.<\/p>\n<p>Obwohl ihr beseelender Sound nicht ausgereicht hat, unsere inneren \u00c4ngste zu besiegen, passt das Meisterwerk von The Cure mit seiner perkussiven Basslinie und den hypnotischen vier Akkorden einfach perfekt zum Wesen dieses Sofas.<\/p>\n<p>Wie die zarten Keyboardnoten, die alles durchdringen, kommen wir mit dem makellosen Design unserer Identit\u00e4t sehr nah.<\/p>\n","protected":false},"excerpt":{"rendered":"<p>Hier ist Selbstfindung das Ziel. Was ist es, das uns ausmacht? Der Song fordert uns auf, uns einen Augenblick Zeit zu nehmen. Unser Sofa ebenfalls. Der Song fordert uns auf, Vertrauen zu haben. Unser Sofa ebenfalls. Die Armlehnen in zwei Gr\u00f6\u00dfen, die R\u00fcckenlehne in zwei unterschiedlichen H\u00f6hen und sogar der halbrunde Sockel sind hypnotisch. Doch [&hellip;]<\/p>\n","protected":false},"featured_media":39333,"comment_status":"closed","ping_status":"closed","template":"","meta":[],"product_brand":[],"product_cat":[208,204],"product_tag":[],"class_list":{"0":"post-46666","1":"product","2":"type-product","3":"status-publish","4":"has-post-thumbnail","6":"product_cat-indoor-de","7":"product_cat-sofas-de","9":"first","10":"instock","11":"product-type-simple"},"_links":{"self":[{"href":"https:\/\/arketipo.com\/de\/wp-json\/wp\/v2\/product\/46666","targetHints":{"allow":["GET"]}}],"collection":[{"href":"https:\/\/arketipo.com\/de\/wp-json\/wp\/v2\/product"}],"about":[{"href":"https:\/\/arketipo.com\/de\/wp-json\/wp\/v2\/types\/product"}],"replies":[{"embeddable":true,"href":"https:\/\/arketipo.com\/de\/wp-json\/wp\/v2\/comments?post=46666"}],"wp:featuredmedia":[{"embeddable":true,"href":"https:\/\/arketipo.com\/de\/wp-json\/wp\/v2\/media\/39333"}],"wp:attachment":[{"href":"https:\/\/arketipo.com\/de\/wp-json\/wp\/v2\/media?parent=46666"}],"wp:term":[{"taxonomy":"product_brand","embeddable":true,"href":"https:\/\/arketipo.com\/de\/wp-json\/wp\/v2\/product_brand?post=46666"},{"taxonomy":"product_cat","embeddable":true,"href":"https:\/\/arketipo.com\/de\/wp-json\/wp\/v2\/product_cat?post=46666"},{"taxonomy":"product_tag","embeddable":true,"href":"https:\/\/arketipo.com\/de\/wp-json\/wp\/v2\/product_tag?post=46666"}],"curies":[{"name":"wp","href":"https:\/\/api.w.org\/{rel}","templated":true}]}}