{"id":46677,"date":"2023-03-14T17:25:53","date_gmt":"2023-03-14T16:25:53","guid":{"rendered":"https:\/\/arketipo.com\/prodotto\/crazy-diamond\/"},"modified":"2025-07-28T14:09:57","modified_gmt":"2025-07-28T12:09:57","slug":"crazy-diamond","status":"publish","type":"product","link":"https:\/\/arketipo.com\/de\/prodotto\/crazy-diamond\/","title":{"rendered":"Crazy Diamond"},"content":{"rendered":"<p>Crazy Diamond ist das Sofa &#8222;zu leben&#8220;, weil der Mechanismus der R\u00fcckenlehne verschiedene Sitzpositionen durch eine leichte Aktion erlaubt.<\/p>\n<p>Durch die Flexibilit\u00e4t dieses Modells kann man immer die richtige Position finden. Die zahlreichen Elementen sind alle miteinander kombinierbar, um eine breite Auswahl von choreographischen Kompositionen zu schaffen. Auch die Armlehnen sind mit einem Mechanismus ausgestattet, der es erlaubt den h\u00f6chsten Komfort zu erreichen.<\/p>\n<p>Im Jahr 2017 wird Crazy Diamond durch die neuen Elemente STILL mit feststehender R\u00fcckenlehne erg\u00e4nzt. So entstehen noch mehr individuelle Kombinationsm\u00f6glichkeiten. Crazy Diamond wird zum Protagonisten in jedem Ambiente wie ein Edelstein.<\/p>\n<p>Traumen. Lieben. Leben! Auf Crazy Diamond.<\/p>\n","protected":false},"excerpt":{"rendered":"<p>Crazy Diamond ist das Sofa &#8222;zu leben&#8220;, weil der Mechanismus der R\u00fcckenlehne verschiedene Sitzpositionen durch eine leichte Aktion erlaubt. Durch die Flexibilit\u00e4t dieses Modells kann man immer die richtige Position finden. Die zahlreichen Elementen sind alle miteinander kombinierbar, um eine breite Auswahl von choreographischen Kompositionen zu schaffen. Auch die Armlehnen sind mit einem Mechanismus ausgestattet, [&hellip;]<\/p>\n","protected":false},"featured_media":32171,"comment_status":"closed","ping_status":"closed","template":"","meta":[],"product_brand":[],"product_cat":[208,226,204],"product_tag":[],"class_list":{"0":"post-46677","1":"product","2":"type-product","3":"status-publish","4":"has-post-thumbnail","6":"product_cat-indoor-de","7":"product_cat-ohne-kategorie","8":"product_cat-sofas-de","10":"first","11":"instock","12":"product-type-simple"},"_links":{"self":[{"href":"https:\/\/arketipo.com\/de\/wp-json\/wp\/v2\/product\/46677","targetHints":{"allow":["GET"]}}],"collection":[{"href":"https:\/\/arketipo.com\/de\/wp-json\/wp\/v2\/product"}],"about":[{"href":"https:\/\/arketipo.com\/de\/wp-json\/wp\/v2\/types\/product"}],"replies":[{"embeddable":true,"href":"https:\/\/arketipo.com\/de\/wp-json\/wp\/v2\/comments?post=46677"}],"wp:featuredmedia":[{"embeddable":true,"href":"https:\/\/arketipo.com\/de\/wp-json\/wp\/v2\/media\/32171"}],"wp:attachment":[{"href":"https:\/\/arketipo.com\/de\/wp-json\/wp\/v2\/media?parent=46677"}],"wp:term":[{"taxonomy":"product_brand","embeddable":true,"href":"https:\/\/arketipo.com\/de\/wp-json\/wp\/v2\/product_brand?post=46677"},{"taxonomy":"product_cat","embeddable":true,"href":"https:\/\/arketipo.com\/de\/wp-json\/wp\/v2\/product_cat?post=46677"},{"taxonomy":"product_tag","embeddable":true,"href":"https:\/\/arketipo.com\/de\/wp-json\/wp\/v2\/product_tag?post=46677"}],"curies":[{"name":"wp","href":"https:\/\/api.w.org\/{rel}","templated":true}]}}