{"id":46678,"date":"2023-03-14T17:25:54","date_gmt":"2023-03-14T16:25:54","guid":{"rendered":"https:\/\/arketipo.com\/prodotto\/ego\/"},"modified":"2025-07-28T14:09:58","modified_gmt":"2025-07-28T12:09:58","slug":"ego","status":"publish","type":"product","link":"https:\/\/arketipo.com\/de\/prodotto\/ego\/","title":{"rendered":"Ego"},"content":{"rendered":"<p>Geometrische Linien bilden das Sofa Ego, das durch einen hochwertigen Charakter gekennzeichnet ist.<\/p>\n<p>Weiche Sitzen und R\u00fcckenlehnen und gro\u00dfz\u00fcgige Armlehnen gew\u00e4hrleisten h\u00f6chsten Komfort. Mit diesem Modell lassen wir die Zeiten der achtziger Jahre mit seiner essenziellen Geometrie wieder aufleben.<\/p>\n<p>Die F\u00fcssen aus verchromtem Metall oder braun gebeizt st\u00fctzen die breiten Armlehnen aus Daunen.<\/p>\n","protected":false},"excerpt":{"rendered":"<p>Geometrische Linien bilden das Sofa Ego, das durch einen hochwertigen Charakter gekennzeichnet ist. Weiche Sitzen und R\u00fcckenlehnen und gro\u00dfz\u00fcgige Armlehnen gew\u00e4hrleisten h\u00f6chsten Komfort. Mit diesem Modell lassen wir die Zeiten der achtziger Jahre mit seiner essenziellen Geometrie wieder aufleben. Die F\u00fcssen aus verchromtem Metall oder braun gebeizt st\u00fctzen die breiten Armlehnen aus Daunen.<\/p>\n","protected":false},"featured_media":23463,"comment_status":"closed","ping_status":"closed","template":"","meta":[],"product_brand":[],"product_cat":[208,226,204],"product_tag":[],"class_list":{"0":"post-46678","1":"product","2":"type-product","3":"status-publish","4":"has-post-thumbnail","6":"product_cat-indoor-de","7":"product_cat-ohne-kategorie","8":"product_cat-sofas-de","10":"first","11":"instock","12":"product-type-simple"},"_links":{"self":[{"href":"https:\/\/arketipo.com\/de\/wp-json\/wp\/v2\/product\/46678","targetHints":{"allow":["GET"]}}],"collection":[{"href":"https:\/\/arketipo.com\/de\/wp-json\/wp\/v2\/product"}],"about":[{"href":"https:\/\/arketipo.com\/de\/wp-json\/wp\/v2\/types\/product"}],"replies":[{"embeddable":true,"href":"https:\/\/arketipo.com\/de\/wp-json\/wp\/v2\/comments?post=46678"}],"wp:featuredmedia":[{"embeddable":true,"href":"https:\/\/arketipo.com\/de\/wp-json\/wp\/v2\/media\/23463"}],"wp:attachment":[{"href":"https:\/\/arketipo.com\/de\/wp-json\/wp\/v2\/media?parent=46678"}],"wp:term":[{"taxonomy":"product_brand","embeddable":true,"href":"https:\/\/arketipo.com\/de\/wp-json\/wp\/v2\/product_brand?post=46678"},{"taxonomy":"product_cat","embeddable":true,"href":"https:\/\/arketipo.com\/de\/wp-json\/wp\/v2\/product_cat?post=46678"},{"taxonomy":"product_tag","embeddable":true,"href":"https:\/\/arketipo.com\/de\/wp-json\/wp\/v2\/product_tag?post=46678"}],"curies":[{"name":"wp","href":"https:\/\/api.w.org\/{rel}","templated":true}]}}