{"id":46680,"date":"2023-03-14T17:25:50","date_gmt":"2023-03-14T16:25:50","guid":{"rendered":"https:\/\/arketipo.com\/prodotto\/loft\/"},"modified":"2025-07-28T14:10:01","modified_gmt":"2025-07-28T12:10:01","slug":"loft","status":"publish","type":"product","link":"https:\/\/arketipo.com\/de\/prodotto\/loft\/","title":{"rendered":"Loft"},"content":{"rendered":"<p>Dieses erneuernde Sitzsystem passt sich den vielf\u00e4ltigsten Anforderungen an, wobei es mit zwei patentierten Mechanismen versehen ist.<\/p>\n<p>Der erste Mechanismus erlaubt die Verstellung der Sitztiefe (75 cm \/ 120 cm) und verwandelt Loft in einen echten &#8222;open space&#8220;: Chaiselongue, Mehrzweckfl\u00e4che, Bett. Mit Hilfe eines zweiten Mechanismus l\u00e4sst sich die R\u00fcckenlehne schwenken und \u00fcber eine Reihe von Zwischenpositionen von der Horizontalen in die Vertikale stellen, um so die Fl\u00e4che zum Anlehnen zu erweitern und an die verschiedenen K\u00f6rperhaltungen anzupassen.<\/p>\n<p>Das Programm umfasst Sofas, Anbauelemente und Hocker von verschiedenen Ma\u00dfen, die unterschiedliche L\u00f6sungen und Kompositionen erlauben.<\/p>\n","protected":false},"excerpt":{"rendered":"<p>Dieses erneuernde Sitzsystem passt sich den vielf\u00e4ltigsten Anforderungen an, wobei es mit zwei patentierten Mechanismen versehen ist. Der erste Mechanismus erlaubt die Verstellung der Sitztiefe (75 cm \/ 120 cm) und verwandelt Loft in einen echten &#8222;open space&#8220;: Chaiselongue, Mehrzweckfl\u00e4che, Bett. Mit Hilfe eines zweiten Mechanismus l\u00e4sst sich die R\u00fcckenlehne schwenken und \u00fcber eine Reihe [&hellip;]<\/p>\n","protected":false},"featured_media":31438,"comment_status":"closed","ping_status":"closed","template":"","meta":[],"product_brand":[],"product_cat":[208,204],"product_tag":[],"class_list":{"0":"post-46680","1":"product","2":"type-product","3":"status-publish","4":"has-post-thumbnail","6":"product_cat-indoor-de","7":"product_cat-sofas-de","9":"first","10":"instock","11":"product-type-simple"},"_links":{"self":[{"href":"https:\/\/arketipo.com\/de\/wp-json\/wp\/v2\/product\/46680","targetHints":{"allow":["GET"]}}],"collection":[{"href":"https:\/\/arketipo.com\/de\/wp-json\/wp\/v2\/product"}],"about":[{"href":"https:\/\/arketipo.com\/de\/wp-json\/wp\/v2\/types\/product"}],"replies":[{"embeddable":true,"href":"https:\/\/arketipo.com\/de\/wp-json\/wp\/v2\/comments?post=46680"}],"wp:featuredmedia":[{"embeddable":true,"href":"https:\/\/arketipo.com\/de\/wp-json\/wp\/v2\/media\/31438"}],"wp:attachment":[{"href":"https:\/\/arketipo.com\/de\/wp-json\/wp\/v2\/media?parent=46680"}],"wp:term":[{"taxonomy":"product_brand","embeddable":true,"href":"https:\/\/arketipo.com\/de\/wp-json\/wp\/v2\/product_brand?post=46680"},{"taxonomy":"product_cat","embeddable":true,"href":"https:\/\/arketipo.com\/de\/wp-json\/wp\/v2\/product_cat?post=46680"},{"taxonomy":"product_tag","embeddable":true,"href":"https:\/\/arketipo.com\/de\/wp-json\/wp\/v2\/product_tag?post=46680"}],"curies":[{"name":"wp","href":"https:\/\/api.w.org\/{rel}","templated":true}]}}