{"id":46682,"date":"2023-03-14T17:25:50","date_gmt":"2023-03-14T16:25:50","guid":{"rendered":"https:\/\/arketipo.com\/prodotto\/mayfair\/"},"modified":"2025-07-28T14:10:03","modified_gmt":"2025-07-28T12:10:03","slug":"mayfair","status":"publish","type":"product","link":"https:\/\/arketipo.com\/de\/prodotto\/mayfair\/","title":{"rendered":"Mayfair"},"content":{"rendered":"<p>Das von Leo Dainelli entworfene Sofa Mayfair verschmilzt Glamour, Bon Ton und h\u00f6chste Schneiderkunst zu einer Linie aus edlen Meisterst\u00fccken, die sich f\u00fcr klassische wie f\u00fcr neu interpretierte R\u00e4ume gleicherma\u00dfen eignen.<\/p>\n<p>Perfekt ausgef\u00fchrte Steppn\u00e4hte und die zur Wahl stehenden Samt- oder Lederbez\u00fcge verleihen diesem weichen und bequemen, mit Naturfedern gepolstertem Sofa seine \u00fcppige und zugleich klare Form.<\/p>\n<p>Komfort und Ergonomie werden durch die verstellbare R\u00fcckenlehne noch weiter gesteigert.<\/p>\n","protected":false},"excerpt":{"rendered":"<p>Das von Leo Dainelli entworfene Sofa Mayfair verschmilzt Glamour, Bon Ton und h\u00f6chste Schneiderkunst zu einer Linie aus edlen Meisterst\u00fccken, die sich f\u00fcr klassische wie f\u00fcr neu interpretierte R\u00e4ume gleicherma\u00dfen eignen. Perfekt ausgef\u00fchrte Steppn\u00e4hte und die zur Wahl stehenden Samt- oder Lederbez\u00fcge verleihen diesem weichen und bequemen, mit Naturfedern gepolstertem Sofa seine \u00fcppige und zugleich [&hellip;]<\/p>\n","protected":false},"featured_media":31620,"comment_status":"closed","ping_status":"closed","template":"","meta":[],"product_brand":[],"product_cat":[208,204],"product_tag":[337],"class_list":{"0":"post-46682","1":"product","2":"type-product","3":"status-publish","4":"has-post-thumbnail","6":"product_cat-indoor-de","7":"product_cat-sofas-de","8":"product_tag-mayfair-3","10":"first","11":"instock","12":"product-type-simple"},"_links":{"self":[{"href":"https:\/\/arketipo.com\/de\/wp-json\/wp\/v2\/product\/46682","targetHints":{"allow":["GET"]}}],"collection":[{"href":"https:\/\/arketipo.com\/de\/wp-json\/wp\/v2\/product"}],"about":[{"href":"https:\/\/arketipo.com\/de\/wp-json\/wp\/v2\/types\/product"}],"replies":[{"embeddable":true,"href":"https:\/\/arketipo.com\/de\/wp-json\/wp\/v2\/comments?post=46682"}],"wp:featuredmedia":[{"embeddable":true,"href":"https:\/\/arketipo.com\/de\/wp-json\/wp\/v2\/media\/31620"}],"wp:attachment":[{"href":"https:\/\/arketipo.com\/de\/wp-json\/wp\/v2\/media?parent=46682"}],"wp:term":[{"taxonomy":"product_brand","embeddable":true,"href":"https:\/\/arketipo.com\/de\/wp-json\/wp\/v2\/product_brand?post=46682"},{"taxonomy":"product_cat","embeddable":true,"href":"https:\/\/arketipo.com\/de\/wp-json\/wp\/v2\/product_cat?post=46682"},{"taxonomy":"product_tag","embeddable":true,"href":"https:\/\/arketipo.com\/de\/wp-json\/wp\/v2\/product_tag?post=46682"}],"curies":[{"name":"wp","href":"https:\/\/api.w.org\/{rel}","templated":true}]}}