{"id":46684,"date":"2023-03-14T17:25:51","date_gmt":"2023-03-14T16:25:51","guid":{"rendered":"https:\/\/arketipo.com\/prodotto\/moss\/"},"modified":"2025-07-28T14:10:05","modified_gmt":"2025-07-28T12:10:05","slug":"moss","status":"publish","type":"product","link":"https:\/\/arketipo.com\/de\/prodotto\/moss\/","title":{"rendered":"Moss"},"content":{"rendered":"<p>Minimalistische Merkmale und \u00fcberfeinerte Wesentlichkeit sind die Haupteigenschaften des Sofas Moss.<\/p>\n<p>Das einzelne Sitzkissen aus gesch\u00e4umtem Polyurethan verschiedener H\u00e4rte lehnt sich an eine d\u00fcnne und geradlinige Struktur. Das Resultat ist ein beruhigendes Gef\u00fchl vom Komfort und Pflege f\u00fcr Details. Ein d\u00fcnner Keder l\u00e4uft den ganzen Umfang von Struktur und Kissen durch: ein Schneiderdetail, der das Sofa hochwertig und raffiniert macht.<\/p>\n<p>Die Suche nach einem best\u00e4ndigen Stil ist durch die Auswahl von reichen Materialen und reinen Linien betont.<\/p>\n","protected":false},"excerpt":{"rendered":"<p>Minimalistische Merkmale und \u00fcberfeinerte Wesentlichkeit sind die Haupteigenschaften des Sofas Moss. Das einzelne Sitzkissen aus gesch\u00e4umtem Polyurethan verschiedener H\u00e4rte lehnt sich an eine d\u00fcnne und geradlinige Struktur. Das Resultat ist ein beruhigendes Gef\u00fchl vom Komfort und Pflege f\u00fcr Details. Ein d\u00fcnner Keder l\u00e4uft den ganzen Umfang von Struktur und Kissen durch: ein Schneiderdetail, der das [&hellip;]<\/p>\n","protected":false},"featured_media":31792,"comment_status":"closed","ping_status":"closed","template":"","meta":[],"product_brand":[],"product_cat":[208,226,204],"product_tag":[],"class_list":{"0":"post-46684","1":"product","2":"type-product","3":"status-publish","4":"has-post-thumbnail","6":"product_cat-indoor-de","7":"product_cat-ohne-kategorie","8":"product_cat-sofas-de","10":"first","11":"instock","12":"product-type-simple"},"_links":{"self":[{"href":"https:\/\/arketipo.com\/de\/wp-json\/wp\/v2\/product\/46684","targetHints":{"allow":["GET"]}}],"collection":[{"href":"https:\/\/arketipo.com\/de\/wp-json\/wp\/v2\/product"}],"about":[{"href":"https:\/\/arketipo.com\/de\/wp-json\/wp\/v2\/types\/product"}],"replies":[{"embeddable":true,"href":"https:\/\/arketipo.com\/de\/wp-json\/wp\/v2\/comments?post=46684"}],"wp:featuredmedia":[{"embeddable":true,"href":"https:\/\/arketipo.com\/de\/wp-json\/wp\/v2\/media\/31792"}],"wp:attachment":[{"href":"https:\/\/arketipo.com\/de\/wp-json\/wp\/v2\/media?parent=46684"}],"wp:term":[{"taxonomy":"product_brand","embeddable":true,"href":"https:\/\/arketipo.com\/de\/wp-json\/wp\/v2\/product_brand?post=46684"},{"taxonomy":"product_cat","embeddable":true,"href":"https:\/\/arketipo.com\/de\/wp-json\/wp\/v2\/product_cat?post=46684"},{"taxonomy":"product_tag","embeddable":true,"href":"https:\/\/arketipo.com\/de\/wp-json\/wp\/v2\/product_tag?post=46684"}],"curies":[{"name":"wp","href":"https:\/\/api.w.org\/{rel}","templated":true}]}}