{"id":46686,"date":"2023-03-14T17:26:23","date_gmt":"2023-03-14T16:26:23","guid":{"rendered":"https:\/\/arketipo.com\/prodotto\/night-fever\/"},"modified":"2025-07-28T14:10:07","modified_gmt":"2025-07-28T12:10:07","slug":"night-fever","status":"publish","type":"product","link":"https:\/\/arketipo.com\/de\/prodotto\/night-fever\/","title":{"rendered":"Night Fever"},"content":{"rendered":"<p>Night Fever, ein Wort, das eine gro\u00dfe Bedeutung in der Pop-Kultur hat und das Summen einer Melodie, einen Gang oder selbst einen Move selbstverst\u00e4ndlich macht: eine Ikone lebt g\u00e4nzlich im Moment! Momente, die einen Sinn, ein Gef\u00fchl, eine Art zu leben einfangen.<\/p>\n<p>Night Fever von Giuseppe Vigan\u00f2 handelt von Ihrem Moment, einer Zeit, in der Sie Ihren Abend, Ihren Weg, Ihre Erinnerungen festhalten und sich darauf besinnen k\u00f6nnen, wenn Sie das Bed\u00fcrfnis nach Flucht an einen Ort mit absolutem Komfort versp\u00fcren. Design ist subjektiv, pers\u00f6nlich, ein Prozess der Phantasie und in diesem Fall, mit Night Fever, verlangt Ihre Phantasie danach, erforscht zu werden.<\/p>\n<p>Dies ist eine Couch, die Sie dazu einl\u00e4dt, Ihren Platz, Ihren Komfort und Ihren Ehrgeiz zu finden und Ihr ultimatives Lebensgef\u00fchl zu schaffen.<\/p>\n<p>Platzieren Sie die Kissen nach Ihren W\u00fcnschen, entdecken Sie die unregelm\u00e4\u00dfige in ihrer Ausf\u00fchrung spielerische Form &#8211; hier entscheiden Sie Ihre Sitzposition, bemerken, wie die Kissen platziert werden k\u00f6nnen, um Ihren Komfort und Ihre Sitzposition zu maximieren. Achten Sie dar\u00fcber hinaus sorgsam auf die N\u00e4hte, ein weiteres perfektes Beispiel f\u00fcr Pr\u00e4zision im Detail.<\/p>\n<p>Night Fever ist mehr als Pop-Kultur, es geht um die Art und Weise, wie man lebt &#8211; ist dies nicht der des Begriffs Pop-Kultur?<\/p>\n","protected":false},"excerpt":{"rendered":"<p>Night Fever, ein Wort, das eine gro\u00dfe Bedeutung in der Pop-Kultur hat und das Summen einer Melodie, einen Gang oder selbst einen Move selbstverst\u00e4ndlich macht: eine Ikone lebt g\u00e4nzlich im Moment! Momente, die einen Sinn, ein Gef\u00fchl, eine Art zu leben einfangen. Night Fever von Giuseppe Vigan\u00f2 handelt von Ihrem Moment, einer Zeit, in der [&hellip;]<\/p>\n","protected":false},"featured_media":35901,"comment_status":"closed","ping_status":"closed","template":"","meta":[],"product_brand":[],"product_cat":[208,226,204],"product_tag":[],"class_list":{"0":"post-46686","1":"product","2":"type-product","3":"status-publish","4":"has-post-thumbnail","6":"product_cat-indoor-de","7":"product_cat-ohne-kategorie","8":"product_cat-sofas-de","10":"first","11":"instock","12":"product-type-simple"},"_links":{"self":[{"href":"https:\/\/arketipo.com\/de\/wp-json\/wp\/v2\/product\/46686","targetHints":{"allow":["GET"]}}],"collection":[{"href":"https:\/\/arketipo.com\/de\/wp-json\/wp\/v2\/product"}],"about":[{"href":"https:\/\/arketipo.com\/de\/wp-json\/wp\/v2\/types\/product"}],"replies":[{"embeddable":true,"href":"https:\/\/arketipo.com\/de\/wp-json\/wp\/v2\/comments?post=46686"}],"wp:featuredmedia":[{"embeddable":true,"href":"https:\/\/arketipo.com\/de\/wp-json\/wp\/v2\/media\/35901"}],"wp:attachment":[{"href":"https:\/\/arketipo.com\/de\/wp-json\/wp\/v2\/media?parent=46686"}],"wp:term":[{"taxonomy":"product_brand","embeddable":true,"href":"https:\/\/arketipo.com\/de\/wp-json\/wp\/v2\/product_brand?post=46686"},{"taxonomy":"product_cat","embeddable":true,"href":"https:\/\/arketipo.com\/de\/wp-json\/wp\/v2\/product_cat?post=46686"},{"taxonomy":"product_tag","embeddable":true,"href":"https:\/\/arketipo.com\/de\/wp-json\/wp\/v2\/product_tag?post=46686"}],"curies":[{"name":"wp","href":"https:\/\/api.w.org\/{rel}","templated":true}]}}