{"id":46687,"date":"2023-03-14T17:25:55","date_gmt":"2023-03-14T16:25:55","guid":{"rendered":"https:\/\/arketipo.com\/prodotto\/plat\/"},"modified":"2025-07-28T14:10:08","modified_gmt":"2025-07-28T12:10:08","slug":"plat","status":"publish","type":"product","link":"https:\/\/arketipo.com\/de\/prodotto\/plat\/","title":{"rendered":"Plat"},"content":{"rendered":"<p>Originellstes Element dieses Systems ist die Plattform: eine r\u00e4umliche Erweiterung des Systems, das als Ablagefl\u00e4che oder lockere Sitzfl\u00e4che genutzt werden kann.<\/p>\n<p>Die Plattform kann mit einer Reihe von Beh\u00e4ltern ausgestattet werden: Tabletts und B\u00fccherregale in verschiedenen Gr\u00f6\u00dfen aus geh\u00e4rtetem Glas oder Edelstahl.<\/p>\n<p>Die umfassende Reihe an zusammenstellbaren Elementen in verschiedenen Gr\u00f6\u00dfen und Typen erlauben immer neue Kompositionen, die frei in die Raummitte oder auch an die Wand gestellt werden k\u00f6nnen.<\/p>\n","protected":false},"excerpt":{"rendered":"<p>Originellstes Element dieses Systems ist die Plattform: eine r\u00e4umliche Erweiterung des Systems, das als Ablagefl\u00e4che oder lockere Sitzfl\u00e4che genutzt werden kann. Die Plattform kann mit einer Reihe von Beh\u00e4ltern ausgestattet werden: Tabletts und B\u00fccherregale in verschiedenen Gr\u00f6\u00dfen aus geh\u00e4rtetem Glas oder Edelstahl. Die umfassende Reihe an zusammenstellbaren Elementen in verschiedenen Gr\u00f6\u00dfen und Typen erlauben immer [&hellip;]<\/p>\n","protected":false},"featured_media":24101,"comment_status":"closed","ping_status":"closed","template":"","meta":[],"product_brand":[],"product_cat":[208,226,204],"product_tag":[],"class_list":{"0":"post-46687","1":"product","2":"type-product","3":"status-publish","4":"has-post-thumbnail","6":"product_cat-indoor-de","7":"product_cat-ohne-kategorie","8":"product_cat-sofas-de","10":"first","11":"instock","12":"product-type-simple"},"_links":{"self":[{"href":"https:\/\/arketipo.com\/de\/wp-json\/wp\/v2\/product\/46687","targetHints":{"allow":["GET"]}}],"collection":[{"href":"https:\/\/arketipo.com\/de\/wp-json\/wp\/v2\/product"}],"about":[{"href":"https:\/\/arketipo.com\/de\/wp-json\/wp\/v2\/types\/product"}],"replies":[{"embeddable":true,"href":"https:\/\/arketipo.com\/de\/wp-json\/wp\/v2\/comments?post=46687"}],"wp:featuredmedia":[{"embeddable":true,"href":"https:\/\/arketipo.com\/de\/wp-json\/wp\/v2\/media\/24101"}],"wp:attachment":[{"href":"https:\/\/arketipo.com\/de\/wp-json\/wp\/v2\/media?parent=46687"}],"wp:term":[{"taxonomy":"product_brand","embeddable":true,"href":"https:\/\/arketipo.com\/de\/wp-json\/wp\/v2\/product_brand?post=46687"},{"taxonomy":"product_cat","embeddable":true,"href":"https:\/\/arketipo.com\/de\/wp-json\/wp\/v2\/product_cat?post=46687"},{"taxonomy":"product_tag","embeddable":true,"href":"https:\/\/arketipo.com\/de\/wp-json\/wp\/v2\/product_tag?post=46687"}],"curies":[{"name":"wp","href":"https:\/\/api.w.org\/{rel}","templated":true}]}}