{"id":46688,"date":"2023-03-14T17:26:23","date_gmt":"2023-03-14T16:26:23","guid":{"rendered":"https:\/\/arketipo.com\/prodotto\/self-control\/"},"modified":"2025-07-28T14:10:10","modified_gmt":"2025-07-28T12:10:10","slug":"self-control","status":"publish","type":"product","link":"https:\/\/arketipo.com\/de\/prodotto\/self-control\/","title":{"rendered":"Self Control"},"content":{"rendered":"<p>Wenn es bei diesen Grenzen darum geht, zu verstehen, wo Design leben und Funktion spielen kann, dann ist Selbstkontrolle (Self Control) das von uns allen ben\u00f6tigte Beispiel f\u00fcr das Verst\u00e4ndnis dieses subtilen und kraftvollen Designkonzepts.<\/p>\n<p>Alles dreht sich um schwungvolle Linien. Dieses Konzept verfolgen unsere Designer Ludovica + Roberto Palomba bei unseren im Rahmen der Designvision &#8222;Self Control&#8220; kreierten Sofas. Hier betonen sanfte Oberfl\u00e4che die Gesamtstruktur und das Gef\u00fchl. Eine schwungvolle Linienf\u00fchrung hebt das Gesamtdesign auf eine neue Ebene, jeweils mit subtiler Eleganz und subtiler Beherrschung von Design und Funktion.<\/p>\n<p>Die Armlehnen, Sitze sowie R\u00fcckenlehnen wurden jeweils funktional gestaltet, um die Symbiose aus Kurven und geraden Linien zu unterstreichen.<\/p>\n<p>Self Control symbolisiert eine &#8222;eklektische Haltung&#8220;, bei der es darum geht, unsere Grenzen als Designer zu verstehen und die Art und Weise zu definieren, wie wir unser Interieur gestalten; denn schlie\u00dflich kann wahre Sch\u00f6nheit nur gedeihen, wenn wir unsere Extreme meistern.<\/p>\n","protected":false},"excerpt":{"rendered":"<p>Wenn es bei diesen Grenzen darum geht, zu verstehen, wo Design leben und Funktion spielen kann, dann ist Selbstkontrolle (Self Control) das von uns allen ben\u00f6tigte Beispiel f\u00fcr das Verst\u00e4ndnis dieses subtilen und kraftvollen Designkonzepts. Alles dreht sich um schwungvolle Linien. Dieses Konzept verfolgen unsere Designer Ludovica + Roberto Palomba bei unseren im Rahmen der [&hellip;]<\/p>\n","protected":false},"featured_media":36283,"comment_status":"closed","ping_status":"closed","template":"","meta":[],"product_brand":[],"product_cat":[208,226,204],"product_tag":[],"class_list":{"0":"post-46688","1":"product","2":"type-product","3":"status-publish","4":"has-post-thumbnail","6":"product_cat-indoor-de","7":"product_cat-ohne-kategorie","8":"product_cat-sofas-de","10":"first","11":"instock","12":"product-type-simple"},"_links":{"self":[{"href":"https:\/\/arketipo.com\/de\/wp-json\/wp\/v2\/product\/46688","targetHints":{"allow":["GET"]}}],"collection":[{"href":"https:\/\/arketipo.com\/de\/wp-json\/wp\/v2\/product"}],"about":[{"href":"https:\/\/arketipo.com\/de\/wp-json\/wp\/v2\/types\/product"}],"replies":[{"embeddable":true,"href":"https:\/\/arketipo.com\/de\/wp-json\/wp\/v2\/comments?post=46688"}],"wp:featuredmedia":[{"embeddable":true,"href":"https:\/\/arketipo.com\/de\/wp-json\/wp\/v2\/media\/36283"}],"wp:attachment":[{"href":"https:\/\/arketipo.com\/de\/wp-json\/wp\/v2\/media?parent=46688"}],"wp:term":[{"taxonomy":"product_brand","embeddable":true,"href":"https:\/\/arketipo.com\/de\/wp-json\/wp\/v2\/product_brand?post=46688"},{"taxonomy":"product_cat","embeddable":true,"href":"https:\/\/arketipo.com\/de\/wp-json\/wp\/v2\/product_cat?post=46688"},{"taxonomy":"product_tag","embeddable":true,"href":"https:\/\/arketipo.com\/de\/wp-json\/wp\/v2\/product_tag?post=46688"}],"curies":[{"name":"wp","href":"https:\/\/api.w.org\/{rel}","templated":true}]}}