{"id":46689,"date":"2023-03-14T17:25:53","date_gmt":"2023-03-14T16:25:53","guid":{"rendered":"https:\/\/arketipo.com\/prodotto\/smooth-operator\/"},"modified":"2025-07-28T14:10:10","modified_gmt":"2025-07-28T12:10:10","slug":"smooth-operator","status":"publish","type":"product","link":"https:\/\/arketipo.com\/de\/prodotto\/smooth-operator\/","title":{"rendered":"Smooth Operator"},"content":{"rendered":"<p>\u00dcberraschend anders und bedeutungsvoll SMOOTH OPERATOR ist der Verf\u00fchrer unter den Sofas.<\/p>\n<p>Es versteht sich auf die raffinierte Sprache moderner Trends in dynamischer Geselligkeit.<\/p>\n<p>Eine vornehme Interpretation eines \u00e4sthetischen Ideals von einzigartigem Ausdruck und Sch\u00f6nheit mit einem besonderen Mechanismus in der R\u00fcckenlehne, durch den sich die Polster den K\u00f6rperbewegungen anpassen k\u00f6nnen.<\/p>\n","protected":false},"excerpt":{"rendered":"<p>\u00dcberraschend anders und bedeutungsvoll SMOOTH OPERATOR ist der Verf\u00fchrer unter den Sofas. Es versteht sich auf die raffinierte Sprache moderner Trends in dynamischer Geselligkeit. Eine vornehme Interpretation eines \u00e4sthetischen Ideals von einzigartigem Ausdruck und Sch\u00f6nheit mit einem besonderen Mechanismus in der R\u00fcckenlehne, durch den sich die Polster den K\u00f6rperbewegungen anpassen k\u00f6nnen.<\/p>\n","protected":false},"featured_media":31974,"comment_status":"closed","ping_status":"closed","template":"","meta":[],"product_brand":[],"product_cat":[208,204],"product_tag":[],"class_list":{"0":"post-46689","1":"product","2":"type-product","3":"status-publish","4":"has-post-thumbnail","6":"product_cat-indoor-de","7":"product_cat-sofas-de","9":"first","10":"instock","11":"product-type-simple"},"_links":{"self":[{"href":"https:\/\/arketipo.com\/de\/wp-json\/wp\/v2\/product\/46689","targetHints":{"allow":["GET"]}}],"collection":[{"href":"https:\/\/arketipo.com\/de\/wp-json\/wp\/v2\/product"}],"about":[{"href":"https:\/\/arketipo.com\/de\/wp-json\/wp\/v2\/types\/product"}],"replies":[{"embeddable":true,"href":"https:\/\/arketipo.com\/de\/wp-json\/wp\/v2\/comments?post=46689"}],"wp:featuredmedia":[{"embeddable":true,"href":"https:\/\/arketipo.com\/de\/wp-json\/wp\/v2\/media\/31974"}],"wp:attachment":[{"href":"https:\/\/arketipo.com\/de\/wp-json\/wp\/v2\/media?parent=46689"}],"wp:term":[{"taxonomy":"product_brand","embeddable":true,"href":"https:\/\/arketipo.com\/de\/wp-json\/wp\/v2\/product_brand?post=46689"},{"taxonomy":"product_cat","embeddable":true,"href":"https:\/\/arketipo.com\/de\/wp-json\/wp\/v2\/product_cat?post=46689"},{"taxonomy":"product_tag","embeddable":true,"href":"https:\/\/arketipo.com\/de\/wp-json\/wp\/v2\/product_tag?post=46689"}],"curies":[{"name":"wp","href":"https:\/\/api.w.org\/{rel}","templated":true}]}}