{"id":46690,"date":"2023-03-14T17:26:24","date_gmt":"2023-03-14T16:26:24","guid":{"rendered":"https:\/\/arketipo.com\/prodotto\/starman\/"},"modified":"2025-07-30T12:23:39","modified_gmt":"2025-07-30T10:23:39","slug":"starman","status":"publish","type":"product","link":"https:\/\/arketipo.com\/de\/prodotto\/starman\/","title":{"rendered":"Starman"},"content":{"rendered":"<p>Der Begriff &#8222;Starman&#8220; induziert bereits den Gedanken an den ikonischen Sound David Bowies und dessen rastlose musikalische Reise. So h\u00e4lt auch unser Ludovica + Roberto Palomba niemals inne bei der Suche nach Inspirationen, die er im Moment findet und unsere Art und Weise zu leben ausdr\u00fcckt, Starman stellt hierbei keine Ausnahme dar.<\/p>\n<p>Der Starman stellt das Thema Auferlegung in den Mittelpunkt und behandelt die st\u00f6renden Elemente der nat\u00fcrlichen Ordnung, um etwas g\u00e4nzlich neues zu erschaffen. Neu bedeutet in diesem Zusammenhang, die Akzeptanz von Angst aus Zweckm\u00e4\u00dfigkeit sowie das Aufbrechen des Ordin\u00e4ren. So wie Bowie einst Crescendos und das lyrische Wortspiel einsetzte, spielt der Starman mit aggressiven und kraftvollen Konturen, deren Design auf die Durchsetzung seiner Pr\u00e4senz in einem einzigartigen Raum abzielt.<\/p>\n<p>Hier sorgen eine niedrige R\u00fcckenlehne, eine schwungvolle, abfallende Linienf\u00fchrung f\u00fcr die Illusion eines schwebenden Raumes.<\/p>\n<p>Das Design sprengt die Norm, schafft Charakter und seine eigene einzigartige Balance als Kontrast. Starman, fordert uns alle dazu auf, den Blick in die Sterne zu richten und sich unserer Einzigartigkeit bewusst zu werden, ohne sich jemals zur\u00fcckzuhalten.<\/p>\n","protected":false},"excerpt":{"rendered":"<p>Der Begriff &#8222;Starman&#8220; induziert bereits den Gedanken an den ikonischen Sound David Bowies und dessen rastlose musikalische Reise. So h\u00e4lt auch unser Ludovica + Roberto Palomba niemals inne bei der Suche nach Inspirationen, die er im Moment findet und unsere Art und Weise zu leben ausdr\u00fcckt, Starman stellt hierbei keine Ausnahme dar. Der Starman stellt [&hellip;]<\/p>\n","protected":false},"featured_media":36349,"comment_status":"closed","ping_status":"closed","template":"","meta":[],"product_brand":[],"product_cat":[208,204],"product_tag":[],"class_list":{"0":"post-46690","1":"product","2":"type-product","3":"status-publish","4":"has-post-thumbnail","6":"product_cat-indoor-de","7":"product_cat-sofas-de","9":"first","10":"instock","11":"product-type-simple"},"_links":{"self":[{"href":"https:\/\/arketipo.com\/de\/wp-json\/wp\/v2\/product\/46690","targetHints":{"allow":["GET"]}}],"collection":[{"href":"https:\/\/arketipo.com\/de\/wp-json\/wp\/v2\/product"}],"about":[{"href":"https:\/\/arketipo.com\/de\/wp-json\/wp\/v2\/types\/product"}],"replies":[{"embeddable":true,"href":"https:\/\/arketipo.com\/de\/wp-json\/wp\/v2\/comments?post=46690"}],"wp:featuredmedia":[{"embeddable":true,"href":"https:\/\/arketipo.com\/de\/wp-json\/wp\/v2\/media\/36349"}],"wp:attachment":[{"href":"https:\/\/arketipo.com\/de\/wp-json\/wp\/v2\/media?parent=46690"}],"wp:term":[{"taxonomy":"product_brand","embeddable":true,"href":"https:\/\/arketipo.com\/de\/wp-json\/wp\/v2\/product_brand?post=46690"},{"taxonomy":"product_cat","embeddable":true,"href":"https:\/\/arketipo.com\/de\/wp-json\/wp\/v2\/product_cat?post=46690"},{"taxonomy":"product_tag","embeddable":true,"href":"https:\/\/arketipo.com\/de\/wp-json\/wp\/v2\/product_tag?post=46690"}],"curies":[{"name":"wp","href":"https:\/\/api.w.org\/{rel}","templated":true}]}}