{"id":46726,"date":"2023-03-14T17:26:00","date_gmt":"2023-03-14T16:26:00","guid":{"rendered":"https:\/\/arketipo.com\/prodotto\/belair\/"},"modified":"2025-07-28T14:10:22","modified_gmt":"2025-07-28T12:10:22","slug":"belair","status":"publish","type":"product","link":"https:\/\/arketipo.com\/de\/prodotto\/belair\/","title":{"rendered":"Belair"},"content":{"rendered":"<p>BELAIR ist ein perfekter Design-Dialog zwischen Widerspr\u00fcchen und harmonischen Kontrasten.<\/p>\n<p>Die reduziert schlichte Struktur kontrastiert mit den gro\u00dfz\u00fcgig und bequem gepolsterten Elementen &#8211; eine Einladung zu gelungener Entspannung.<\/p>\n","protected":false},"excerpt":{"rendered":"<p>BELAIR ist ein perfekter Design-Dialog zwischen Widerspr\u00fcchen und harmonischen Kontrasten. Die reduziert schlichte Struktur kontrastiert mit den gro\u00dfz\u00fcgig und bequem gepolsterten Elementen &#8211; eine Einladung zu gelungener Entspannung.<\/p>\n","protected":false},"featured_media":33142,"comment_status":"closed","ping_status":"closed","template":"","meta":[],"product_brand":[],"product_cat":[208,222],"product_tag":[],"class_list":{"0":"post-46726","1":"product","2":"type-product","3":"status-publish","4":"has-post-thumbnail","6":"product_cat-indoor-de","7":"product_cat-sessel","9":"first","10":"instock","11":"product-type-simple"},"_links":{"self":[{"href":"https:\/\/arketipo.com\/de\/wp-json\/wp\/v2\/product\/46726","targetHints":{"allow":["GET"]}}],"collection":[{"href":"https:\/\/arketipo.com\/de\/wp-json\/wp\/v2\/product"}],"about":[{"href":"https:\/\/arketipo.com\/de\/wp-json\/wp\/v2\/types\/product"}],"replies":[{"embeddable":true,"href":"https:\/\/arketipo.com\/de\/wp-json\/wp\/v2\/comments?post=46726"}],"wp:featuredmedia":[{"embeddable":true,"href":"https:\/\/arketipo.com\/de\/wp-json\/wp\/v2\/media\/33142"}],"wp:attachment":[{"href":"https:\/\/arketipo.com\/de\/wp-json\/wp\/v2\/media?parent=46726"}],"wp:term":[{"taxonomy":"product_brand","embeddable":true,"href":"https:\/\/arketipo.com\/de\/wp-json\/wp\/v2\/product_brand?post=46726"},{"taxonomy":"product_cat","embeddable":true,"href":"https:\/\/arketipo.com\/de\/wp-json\/wp\/v2\/product_cat?post=46726"},{"taxonomy":"product_tag","embeddable":true,"href":"https:\/\/arketipo.com\/de\/wp-json\/wp\/v2\/product_tag?post=46726"}],"curies":[{"name":"wp","href":"https:\/\/api.w.org\/{rel}","templated":true}]}}