{"id":46728,"date":"2023-03-14T17:26:24","date_gmt":"2023-03-14T16:26:24","guid":{"rendered":"https:\/\/arketipo.com\/prodotto\/freedom-6\/"},"modified":"2025-07-28T14:10:24","modified_gmt":"2025-07-28T12:10:24","slug":"freedom","status":"publish","type":"product","link":"https:\/\/arketipo.com\/de\/prodotto\/freedom\/","title":{"rendered":"Freedom"},"content":{"rendered":"<p>Freiheit: das Grundrecht im Design und dar\u00fcber hinaus.<\/p>\n<p>Wir leben in einer Zeit, in der \u00fcber Freiheit noch nie so ausgiebig diskutiert wurde. Wir k\u00f6nnen uns entfalten, Entscheidungen treffen, ein Leben f\u00fchren, ohne einen damit verbundenen Grund angeben zu m\u00fcssen. Freiheit ist das, wonach wir uns auf psychischer, spiritueller und physischer Ebene sehnen.<\/p>\n<p>Unser neuestes Design von Giuseppe Vigan\u00f3 ist eine Manifestation dessen. Niemals d\u00fcrfen wir an unserem Streben im Innendesign und der physischen Interaktion mit den in unserem Leben vorkommenden Objekten gehindert werden.<\/p>\n","protected":false},"excerpt":{"rendered":"<p>Freiheit: das Grundrecht im Design und dar\u00fcber hinaus. Wir leben in einer Zeit, in der \u00fcber Freiheit noch nie so ausgiebig diskutiert wurde. Wir k\u00f6nnen uns entfalten, Entscheidungen treffen, ein Leben f\u00fchren, ohne einen damit verbundenen Grund angeben zu m\u00fcssen. Freiheit ist das, wonach wir uns auf psychischer, spiritueller und physischer Ebene sehnen. Unser neuestes [&hellip;]<\/p>\n","protected":false},"featured_media":36556,"comment_status":"closed","ping_status":"closed","template":"","meta":[],"product_brand":[],"product_cat":[208,222],"product_tag":[],"class_list":{"0":"post-46728","1":"product","2":"type-product","3":"status-publish","4":"has-post-thumbnail","6":"product_cat-indoor-de","7":"product_cat-sessel","9":"first","10":"instock","11":"product-type-simple"},"_links":{"self":[{"href":"https:\/\/arketipo.com\/de\/wp-json\/wp\/v2\/product\/46728","targetHints":{"allow":["GET"]}}],"collection":[{"href":"https:\/\/arketipo.com\/de\/wp-json\/wp\/v2\/product"}],"about":[{"href":"https:\/\/arketipo.com\/de\/wp-json\/wp\/v2\/types\/product"}],"replies":[{"embeddable":true,"href":"https:\/\/arketipo.com\/de\/wp-json\/wp\/v2\/comments?post=46728"}],"wp:featuredmedia":[{"embeddable":true,"href":"https:\/\/arketipo.com\/de\/wp-json\/wp\/v2\/media\/36556"}],"wp:attachment":[{"href":"https:\/\/arketipo.com\/de\/wp-json\/wp\/v2\/media?parent=46728"}],"wp:term":[{"taxonomy":"product_brand","embeddable":true,"href":"https:\/\/arketipo.com\/de\/wp-json\/wp\/v2\/product_brand?post=46728"},{"taxonomy":"product_cat","embeddable":true,"href":"https:\/\/arketipo.com\/de\/wp-json\/wp\/v2\/product_cat?post=46728"},{"taxonomy":"product_tag","embeddable":true,"href":"https:\/\/arketipo.com\/de\/wp-json\/wp\/v2\/product_tag?post=46728"}],"curies":[{"name":"wp","href":"https:\/\/api.w.org\/{rel}","templated":true}]}}